{"id":6555,"date":"2025-10-09T00:00:00","date_gmt":"2025-10-08T22:00:00","guid":{"rendered":"https:\/\/yotavis.ch\/product\/pbz20-20\/"},"modified":"2026-04-24T13:33:49","modified_gmt":"2026-04-24T11:33:49","slug":"pbz20-20","status":"publish","type":"product","link":"https:\/\/yotavis.ch\/de\/produkt\/pbz20-20\/","title":{"rendered":"PBZ20-20"},"content":{"rendered":"<p>Das Kikusui PBZ20-20 ist ein programmierbares bipolares Netzger\u00e4t mit einem Ausgangsspannungsbereich von \u00b10V bis 20V und einem Strombereich von \u00b10A bis 20A. Es liefert eine Ausgangsleistung von 400 Watt \u00fcber einen einzigen Ausgangskanal. Dieses Netzteil unterst\u00fctzt eine Fernsteuerungsfunktion, die den Betrieb und die Einstellung aus der Ferne erm\u00f6glicht. Das Ger\u00e4t ist f\u00fcr eine pr\u00e4zise Spannungs- und Stromregelung innerhalb der angegebenen Bereiche ausgelegt. Dank seiner bipolaren F\u00e4higkeit kann es sowohl positive als auch negative Spannungen und Str\u00f6me liefern, wodurch es sich f\u00fcr verschiedene Test- und Entwicklungsanwendungen eignet. Die maximalen Spannungs- und Stromwerte des Ger\u00e4ts betragen 20 Volt bzw. 20 Ampere. Das PBZ20-20 ist f\u00fcr anspruchsvolle Leistungsanforderungen ausgelegt und bietet gleichzeitig Programmierbarkeit und Steuerungsfunktionen.<\/p>","protected":false},"excerpt":{"rendered":"<p>Programmable Bipolar Power Supply, \u00b1 0V &#8211; 20V, \u00b1 0A &#8211; 20A<\/p>","protected":false},"featured_media":7694,"comment_status":"closed","ping_status":"closed","template":"","meta":{"_acf_changed":false,"slim_seo":{"title":"PBZ20-20 - YOTAVIS AG","description":"Programmierbares bipolares Netzger\u00e4t, \u00b1 0V - 20V, \u00b1 0A - 20A"}},"product_brand":[551],"product_cat":[606,515],"product_tag":[],"class_list":{"0":"post-6555","1":"product","2":"type-product","3":"status-publish","4":"has-post-thumbnail","6":"product_brand-kikusui","7":"product_cat-dc-4-quadrants-en","8":"product_cat-power-en","9":"pa_current-a-552","10":"pa_output-number-146","11":"pa_power-w-398","12":"pa_remote-control-yes","13":"pa_voltage-v-315","15":"first","16":"instock","17":"taxable","18":"shipping-taxable","19":"purchasable","20":"product-type-simple"},"acf":[],"_links":{"self":[{"href":"https:\/\/yotavis.ch\/de\/wp-json\/wp\/v2\/product\/6555","targetHints":{"allow":["GET"]}}],"collection":[{"href":"https:\/\/yotavis.ch\/de\/wp-json\/wp\/v2\/product"}],"about":[{"href":"https:\/\/yotavis.ch\/de\/wp-json\/wp\/v2\/types\/product"}],"replies":[{"embeddable":true,"href":"https:\/\/yotavis.ch\/de\/wp-json\/wp\/v2\/comments?post=6555"}],"wp:featuredmedia":[{"embeddable":true,"href":"https:\/\/yotavis.ch\/de\/wp-json\/wp\/v2\/media\/7694"}],"wp:attachment":[{"href":"https:\/\/yotavis.ch\/de\/wp-json\/wp\/v2\/media?parent=6555"}],"wp:term":[{"taxonomy":"product_brand","embeddable":true,"href":"https:\/\/yotavis.ch\/de\/wp-json\/wp\/v2\/product_brand?post=6555"},{"taxonomy":"product_cat","embeddable":true,"href":"https:\/\/yotavis.ch\/de\/wp-json\/wp\/v2\/product_cat?post=6555"},{"taxonomy":"product_tag","embeddable":true,"href":"https:\/\/yotavis.ch\/de\/wp-json\/wp\/v2\/product_tag?post=6555"}],"curies":[{"name":"wp","href":"https:\/\/api.w.org\/{rel}","templated":true}]}}