{"id":6556,"date":"2025-10-09T00:00:00","date_gmt":"2025-10-08T22:00:00","guid":{"rendered":"https:\/\/yotavis.ch\/product\/pbz20-20-with-lan\/"},"modified":"2026-04-24T13:33:50","modified_gmt":"2026-04-24T11:33:50","slug":"pbz20-20-with-lan","status":"publish","type":"product","link":"https:\/\/yotavis.ch\/de\/produkt\/pbz20-20-with-lan\/","title":{"rendered":"PBZ20-20 MIT LAN"},"content":{"rendered":"<p>Das Kikusui PBZ20-20 WITH LAN ist ein programmierbares bipolares Netzger\u00e4t, das einen Spannungsbereich von \u00b10V bis 20V und einen Strombereich von \u00b10A bis 20A liefert. Es verf\u00fcgt \u00fcber einen einzigen Ausgangskanal und unterst\u00fctzt die Fernsteuerungsfunktionalit\u00e4t, was einen bequemen Betrieb und die Integration in automatisierte Systeme erm\u00f6glicht. Das Netzteil hat eine Nennleistung von 400 Watt und ist damit f\u00fcr anspruchsvolle Anwendungen geeignet, die eine stabile und pr\u00e4zise Stromversorgung erfordern. Die integrierte LAN-Schnittstelle erleichtert die Netzwerkanbindung und erm\u00f6glicht die Fern\u00fcberwachung und -steuerung \u00fcber Ethernet. Dieses Ger\u00e4t eignet sich f\u00fcr verschiedene Test- und Entwicklungsumgebungen, in denen programmierbare und zuverl\u00e4ssige Stromquellen unerl\u00e4sslich sind. Seine bipolare Ausgangsf\u00e4higkeit erm\u00f6glicht sowohl positive als auch negative Spannungs- und Stromausg\u00e4nge, was seine Vielseitigkeit in verschiedenen Anwendungsf\u00e4llen erweitert. Die Kombination dieser Eigenschaften macht das PBZ20-20 WITH LAN zu einer praktischen Wahl f\u00fcr Anwender, die genaue und programmierbare Stromversorgungsl\u00f6sungen ben\u00f6tigen.<\/p>","protected":false},"excerpt":{"rendered":"<p>Programmable Bipolar Power Supply, \u00b1 0V &#8211; 20V, \u00b1 0A &#8211; 20A with LAN Interface<\/p>","protected":false},"featured_media":7694,"comment_status":"closed","ping_status":"closed","template":"","meta":{"_acf_changed":false,"slim_seo":{"title":"PBZ20-20 WITH LAN - YOTAVIS AG","description":"Programmierbares bipolares Netzger\u00e4t, \u00b1 0V - 20V, \u00b1 0A - 20A mit LAN-Schnittstelle"}},"product_brand":[551],"product_cat":[606,515],"product_tag":[],"class_list":{"0":"post-6556","1":"product","2":"type-product","3":"status-publish","4":"has-post-thumbnail","6":"product_brand-kikusui","7":"product_cat-dc-4-quadrants-en","8":"product_cat-power-en","9":"pa_current-a-552","10":"pa_output-number-146","11":"pa_power-w-398","12":"pa_remote-control-yes","13":"pa_voltage-v-315","15":"first","16":"instock","17":"taxable","18":"shipping-taxable","19":"purchasable","20":"product-type-simple"},"acf":[],"_links":{"self":[{"href":"https:\/\/yotavis.ch\/de\/wp-json\/wp\/v2\/product\/6556","targetHints":{"allow":["GET"]}}],"collection":[{"href":"https:\/\/yotavis.ch\/de\/wp-json\/wp\/v2\/product"}],"about":[{"href":"https:\/\/yotavis.ch\/de\/wp-json\/wp\/v2\/types\/product"}],"replies":[{"embeddable":true,"href":"https:\/\/yotavis.ch\/de\/wp-json\/wp\/v2\/comments?post=6556"}],"wp:featuredmedia":[{"embeddable":true,"href":"https:\/\/yotavis.ch\/de\/wp-json\/wp\/v2\/media\/7694"}],"wp:attachment":[{"href":"https:\/\/yotavis.ch\/de\/wp-json\/wp\/v2\/media?parent=6556"}],"wp:term":[{"taxonomy":"product_brand","embeddable":true,"href":"https:\/\/yotavis.ch\/de\/wp-json\/wp\/v2\/product_brand?post=6556"},{"taxonomy":"product_cat","embeddable":true,"href":"https:\/\/yotavis.ch\/de\/wp-json\/wp\/v2\/product_cat?post=6556"},{"taxonomy":"product_tag","embeddable":true,"href":"https:\/\/yotavis.ch\/de\/wp-json\/wp\/v2\/product_tag?post=6556"}],"curies":[{"name":"wp","href":"https:\/\/api.w.org\/{rel}","templated":true}]}}