{"id":6557,"date":"2025-10-09T00:00:00","date_gmt":"2025-10-08T22:00:00","guid":{"rendered":"https:\/\/yotavis.ch\/product\/pbz40-10\/"},"modified":"2026-04-24T13:33:50","modified_gmt":"2026-04-24T11:33:50","slug":"pbz40-10","status":"publish","type":"product","link":"https:\/\/yotavis.ch\/de\/produkt\/pbz40-10\/","title":{"rendered":"PBZ40-10"},"content":{"rendered":"<p>Das PBZ40-10 von Kikusui ist ein programmierbares bipolares Netzger\u00e4t mit einem Ausgangsspannungsbereich von \u00b10V bis 40V und einem Strombereich von \u00b10A bis 10A. Es liefert eine Ausgangsleistung von 400 Watt \u00fcber einen einzigen Ausgangskanal. Dieses Netzteil unterst\u00fctzt die Fernsteuerungsfunktionalit\u00e4t, was einen bequemen Betrieb und die Integration in automatisierte Systeme erm\u00f6glicht. Das Ger\u00e4t ist so konzipiert, dass es eine pr\u00e4zise Spannungs- und Stromregelung innerhalb seiner spezifizierten Bereiche bietet. Dank seiner bipolaren F\u00e4higkeit kann es sowohl positive als auch negative Spannungen und Str\u00f6me liefern und eignet sich somit f\u00fcr eine Vielzahl von Test- und Entwicklungsanwendungen. Das PBZ40-10 ist f\u00fcr anspruchsvolle Leistungsanforderungen ausgelegt und bietet gleichzeitig eine stabile Ausgangsleistung. Seine Spezifikationen machen ihn zu einem vielseitigen Werkzeug f\u00fcr Labor- und Industrieumgebungen, in denen programmierbare Stromquellen ben\u00f6tigt werden.<\/p>","protected":false},"excerpt":{"rendered":"<p>Programmable Bipolar Power Supply, \u00b1 0V &#8211; 40V, \u00b1 0A &#8211; 10A<\/p>","protected":false},"featured_media":7694,"comment_status":"closed","ping_status":"closed","template":"","meta":{"_acf_changed":false,"slim_seo":{"title":"PBZ40-10 - YOTAVIS AG","description":"Programmierbares bipolares Netzger\u00e4t, \u00b1 0V - 40V, \u00b1 0A - 10A"}},"product_brand":[551],"product_cat":[606,515],"product_tag":[],"class_list":{"0":"post-6557","1":"product","2":"type-product","3":"status-publish","4":"has-post-thumbnail","6":"product_brand-kikusui","7":"product_cat-dc-4-quadrants-en","8":"product_cat-power-en","9":"pa_current-a-397","10":"pa_output-number-146","11":"pa_power-w-398","12":"pa_remote-control-yes","13":"pa_voltage-v-152","15":"first","16":"instock","17":"taxable","18":"shipping-taxable","19":"purchasable","20":"product-type-simple"},"acf":[],"_links":{"self":[{"href":"https:\/\/yotavis.ch\/de\/wp-json\/wp\/v2\/product\/6557","targetHints":{"allow":["GET"]}}],"collection":[{"href":"https:\/\/yotavis.ch\/de\/wp-json\/wp\/v2\/product"}],"about":[{"href":"https:\/\/yotavis.ch\/de\/wp-json\/wp\/v2\/types\/product"}],"replies":[{"embeddable":true,"href":"https:\/\/yotavis.ch\/de\/wp-json\/wp\/v2\/comments?post=6557"}],"wp:featuredmedia":[{"embeddable":true,"href":"https:\/\/yotavis.ch\/de\/wp-json\/wp\/v2\/media\/7694"}],"wp:attachment":[{"href":"https:\/\/yotavis.ch\/de\/wp-json\/wp\/v2\/media?parent=6557"}],"wp:term":[{"taxonomy":"product_brand","embeddable":true,"href":"https:\/\/yotavis.ch\/de\/wp-json\/wp\/v2\/product_brand?post=6557"},{"taxonomy":"product_cat","embeddable":true,"href":"https:\/\/yotavis.ch\/de\/wp-json\/wp\/v2\/product_cat?post=6557"},{"taxonomy":"product_tag","embeddable":true,"href":"https:\/\/yotavis.ch\/de\/wp-json\/wp\/v2\/product_tag?post=6557"}],"curies":[{"name":"wp","href":"https:\/\/api.w.org\/{rel}","templated":true}]}}