{"id":6558,"date":"2025-10-09T00:00:00","date_gmt":"2025-10-08T22:00:00","guid":{"rendered":"https:\/\/yotavis.ch\/product\/pbz40-10-with-lan\/"},"modified":"2026-04-24T13:33:50","modified_gmt":"2026-04-24T11:33:50","slug":"pbz40-10-with-lan","status":"publish","type":"product","link":"https:\/\/yotavis.ch\/de\/produkt\/pbz40-10-with-lan\/","title":{"rendered":"PBZ40-10 MIT LAN"},"content":{"rendered":"<p>Das PBZ40-10 WITH LAN ist ein programmierbares bipolares Netzger\u00e4t von Kikusui mit einem Spannungsbereich von \u00b10V bis 40V und einem Strombereich von \u00b10A bis 10A. Es verf\u00fcgt \u00fcber einen einzigen Ausgangskanal und unterst\u00fctzt die Fernsteuerungsfunktionalit\u00e4t, was eine komfortable Bedienung und Integration in verschiedene Systeme erm\u00f6glicht. Das Netzteil liefert eine Gesamtausgangsleistung von 400 Watt und eignet sich damit f\u00fcr Anwendungen, die eine pr\u00e4zise Spannungs- und Stromregelung erfordern. Dar\u00fcber hinaus verf\u00fcgt das Ger\u00e4t \u00fcber eine LAN-Schnittstelle, die eine Netzwerkanbindung f\u00fcr die Fern\u00fcberwachung und -steuerung erm\u00f6glicht. Diese Kombination von Merkmalen bietet Flexibilit\u00e4t bei der Verwaltung der Stromversorgung in Labor- oder Industrieumgebungen, wo genaue und programmierbare Stromquellen unerl\u00e4sslich sind.<\/p>","protected":false},"excerpt":{"rendered":"<p>Programmable Bipolar Power Supply, \u00b1 0V &#8211; 40V, \u00b1 0A &#8211; 10A with LAN Interface<\/p>","protected":false},"featured_media":7694,"comment_status":"closed","ping_status":"closed","template":"","meta":{"_acf_changed":false,"slim_seo":{"title":"PBZ40-10 WITH LAN - YOTAVIS AG","description":"Programmierbares bipolares Netzger\u00e4t, \u00b1 0V - 40V, \u00b1 0A - 10A mit LAN-Schnittstelle"}},"product_brand":[551],"product_cat":[606,515],"product_tag":[],"class_list":{"0":"post-6558","1":"product","2":"type-product","3":"status-publish","4":"has-post-thumbnail","6":"product_brand-kikusui","7":"product_cat-dc-4-quadrants-en","8":"product_cat-power-en","9":"pa_current-a-397","10":"pa_output-number-146","11":"pa_power-w-398","12":"pa_remote-control-yes","13":"pa_voltage-v-152","15":"first","16":"instock","17":"taxable","18":"shipping-taxable","19":"purchasable","20":"product-type-simple"},"acf":[],"_links":{"self":[{"href":"https:\/\/yotavis.ch\/de\/wp-json\/wp\/v2\/product\/6558","targetHints":{"allow":["GET"]}}],"collection":[{"href":"https:\/\/yotavis.ch\/de\/wp-json\/wp\/v2\/product"}],"about":[{"href":"https:\/\/yotavis.ch\/de\/wp-json\/wp\/v2\/types\/product"}],"replies":[{"embeddable":true,"href":"https:\/\/yotavis.ch\/de\/wp-json\/wp\/v2\/comments?post=6558"}],"wp:featuredmedia":[{"embeddable":true,"href":"https:\/\/yotavis.ch\/de\/wp-json\/wp\/v2\/media\/7694"}],"wp:attachment":[{"href":"https:\/\/yotavis.ch\/de\/wp-json\/wp\/v2\/media?parent=6558"}],"wp:term":[{"taxonomy":"product_brand","embeddable":true,"href":"https:\/\/yotavis.ch\/de\/wp-json\/wp\/v2\/product_brand?post=6558"},{"taxonomy":"product_cat","embeddable":true,"href":"https:\/\/yotavis.ch\/de\/wp-json\/wp\/v2\/product_cat?post=6558"},{"taxonomy":"product_tag","embeddable":true,"href":"https:\/\/yotavis.ch\/de\/wp-json\/wp\/v2\/product_tag?post=6558"}],"curies":[{"name":"wp","href":"https:\/\/api.w.org\/{rel}","templated":true}]}}