{"id":6559,"date":"2025-10-09T00:00:00","date_gmt":"2025-10-08T22:00:00","guid":{"rendered":"https:\/\/yotavis.ch\/product\/pbz60-6-7\/"},"modified":"2026-04-24T13:33:51","modified_gmt":"2026-04-24T11:33:51","slug":"pbz60-6-7","status":"publish","type":"product","link":"https:\/\/yotavis.ch\/de\/produkt\/pbz60-6-7\/","title":{"rendered":"PBZ60-6.7"},"content":{"rendered":"<p>Das Kikusui PBZ60-6.7 ist ein programmierbares bipolares Netzger\u00e4t mit einem Ausgangsspannungsbereich von \u00b10V bis 60V und einem Strombereich von \u00b10A bis 6,7A. Es liefert eine Ausgangsleistung von 400 Watt \u00fcber einen einzigen Ausgangskanal. Dieses Netzteil unterst\u00fctzt die Fernsteuerungsfunktionalit\u00e4t und erm\u00f6glicht so einen bequemen Betrieb und die Integration in automatisierte Systeme. Das Ger\u00e4t ist so konzipiert, dass es eine pr\u00e4zise Spannungs- und Stromregelung innerhalb seiner spezifizierten Bereiche bietet. Dank seiner bipolaren F\u00e4higkeit kann es sowohl positive als auch negative Spannungen und Str\u00f6me liefern und eignet sich somit f\u00fcr eine Vielzahl von Test- und Entwicklungsanwendungen. Die maximale Ausgangsspannung betr\u00e4gt 60 Volt und der maximale Ausgangsstrom 6,7 Ampere. Diese Kombination von Eigenschaften macht das PBZ60-6.7 zu einem vielseitigen Werkzeug f\u00fcr Anwender, die programmierbare Stromversorgungsl\u00f6sungen ben\u00f6tigen.<\/p>","protected":false},"excerpt":{"rendered":"<p>Programmable Bipolar Power Supply, \u00b1 0V &#8211; 60V, \u00b1 0A &#8211; 6.7A<\/p>","protected":false},"featured_media":7694,"comment_status":"closed","ping_status":"closed","template":"","meta":{"_acf_changed":false,"slim_seo":{"title":"PBZ60-6.7 - YOTAVIS AG","description":"Programmierbare bipolare Stromversorgung, \u00b1 0V - 60V, \u00b1 0A - 6,7A"}},"product_brand":[551],"product_cat":[606,515],"product_tag":[],"class_list":{"0":"post-6559","1":"product","2":"type-product","3":"status-publish","4":"has-post-thumbnail","6":"product_brand-kikusui","7":"product_cat-dc-4-quadrants-en","8":"product_cat-power-en","9":"pa_current-a-6-7","10":"pa_output-number-146","11":"pa_power-w-398","12":"pa_remote-control-yes","13":"pa_voltage-v-314","15":"first","16":"instock","17":"taxable","18":"shipping-taxable","19":"purchasable","20":"product-type-simple"},"acf":[],"_links":{"self":[{"href":"https:\/\/yotavis.ch\/de\/wp-json\/wp\/v2\/product\/6559","targetHints":{"allow":["GET"]}}],"collection":[{"href":"https:\/\/yotavis.ch\/de\/wp-json\/wp\/v2\/product"}],"about":[{"href":"https:\/\/yotavis.ch\/de\/wp-json\/wp\/v2\/types\/product"}],"replies":[{"embeddable":true,"href":"https:\/\/yotavis.ch\/de\/wp-json\/wp\/v2\/comments?post=6559"}],"wp:featuredmedia":[{"embeddable":true,"href":"https:\/\/yotavis.ch\/de\/wp-json\/wp\/v2\/media\/7694"}],"wp:attachment":[{"href":"https:\/\/yotavis.ch\/de\/wp-json\/wp\/v2\/media?parent=6559"}],"wp:term":[{"taxonomy":"product_brand","embeddable":true,"href":"https:\/\/yotavis.ch\/de\/wp-json\/wp\/v2\/product_brand?post=6559"},{"taxonomy":"product_cat","embeddable":true,"href":"https:\/\/yotavis.ch\/de\/wp-json\/wp\/v2\/product_cat?post=6559"},{"taxonomy":"product_tag","embeddable":true,"href":"https:\/\/yotavis.ch\/de\/wp-json\/wp\/v2\/product_tag?post=6559"}],"curies":[{"name":"wp","href":"https:\/\/api.w.org\/{rel}","templated":true}]}}