{"id":6560,"date":"2025-10-09T00:00:00","date_gmt":"2025-10-08T22:00:00","guid":{"rendered":"https:\/\/yotavis.ch\/product\/pbz60-6-7-with-lan\/"},"modified":"2026-04-24T13:33:53","modified_gmt":"2026-04-24T11:33:53","slug":"pbz60-6-7-with-lan","status":"publish","type":"product","link":"https:\/\/yotavis.ch\/de\/produkt\/pbz60-6-7-with-lan\/","title":{"rendered":"PBZ60-6.7 MIT LAN"},"content":{"rendered":"<p>Das PBZ60-6.7 WITH LAN ist ein programmierbares bipolares Netzteil von Kikusui, das einen Ausgangsspannungsbereich von \u00b10V bis 60V und einen Strombereich von \u00b10A bis 6,7A bietet. Es liefert eine Ausgangsleistung von 400 Watt und verf\u00fcgt \u00fcber einen einzigen Ausgangskanal. Dieses Netzteil unterst\u00fctzt die Fernsteuerungsfunktionalit\u00e4t und erm\u00f6glicht so einen komfortablen Betrieb und die Integration in automatisierte Systeme. Die integrierte LAN-Schnittstelle erm\u00f6glicht die Anbindung an ein Netzwerk zur Fern\u00fcberwachung und -steuerung. Das Ger\u00e4t liefert eine pr\u00e4zise und stabile Leistung und ist f\u00fcr Anwendungen geeignet, die bipolare Spannungs- und Stromausg\u00e4nge erfordern. Dank seiner Programmierbarkeit kann der Benutzer die Ausgangsparameter entsprechend den spezifischen Anforderungen einstellen und anpassen. Die Kombination dieser Eigenschaften macht das PBZ60-6.7 WITH LAN zu einem vielseitigen Werkzeug f\u00fcr verschiedene Test- und Entwicklungsumgebungen.<\/p>","protected":false},"excerpt":{"rendered":"<p>Programmable Bipolar Power Supply, \u00b1 0V &#8211; 60V, \u00b1 0A &#8211; 6.7A with LAN Interface<\/p>","protected":false},"featured_media":7694,"comment_status":"closed","ping_status":"closed","template":"","meta":{"_acf_changed":false,"slim_seo":{"title":"PBZ60-6.7 WITH LAN - YOTAVIS AG","description":"Programmierbare bipolare Stromversorgung, \u00b1 0V - 60V, \u00b1 0A - 6,7A mit LAN-Schnittstelle"}},"product_brand":[551],"product_cat":[606,515],"product_tag":[],"class_list":{"0":"post-6560","1":"product","2":"type-product","3":"status-publish","4":"has-post-thumbnail","6":"product_brand-kikusui","7":"product_cat-dc-4-quadrants-en","8":"product_cat-power-en","9":"pa_current-a-6-7","10":"pa_output-number-146","11":"pa_power-w-398","12":"pa_remote-control-yes","13":"pa_voltage-v-314","15":"first","16":"instock","17":"taxable","18":"shipping-taxable","19":"purchasable","20":"product-type-simple"},"acf":[],"_links":{"self":[{"href":"https:\/\/yotavis.ch\/de\/wp-json\/wp\/v2\/product\/6560","targetHints":{"allow":["GET"]}}],"collection":[{"href":"https:\/\/yotavis.ch\/de\/wp-json\/wp\/v2\/product"}],"about":[{"href":"https:\/\/yotavis.ch\/de\/wp-json\/wp\/v2\/types\/product"}],"replies":[{"embeddable":true,"href":"https:\/\/yotavis.ch\/de\/wp-json\/wp\/v2\/comments?post=6560"}],"wp:featuredmedia":[{"embeddable":true,"href":"https:\/\/yotavis.ch\/de\/wp-json\/wp\/v2\/media\/7694"}],"wp:attachment":[{"href":"https:\/\/yotavis.ch\/de\/wp-json\/wp\/v2\/media?parent=6560"}],"wp:term":[{"taxonomy":"product_brand","embeddable":true,"href":"https:\/\/yotavis.ch\/de\/wp-json\/wp\/v2\/product_brand?post=6560"},{"taxonomy":"product_cat","embeddable":true,"href":"https:\/\/yotavis.ch\/de\/wp-json\/wp\/v2\/product_cat?post=6560"},{"taxonomy":"product_tag","embeddable":true,"href":"https:\/\/yotavis.ch\/de\/wp-json\/wp\/v2\/product_tag?post=6560"}],"curies":[{"name":"wp","href":"https:\/\/api.w.org\/{rel}","templated":true}]}}