{"id":6561,"date":"2025-10-09T00:00:00","date_gmt":"2025-10-08T22:00:00","guid":{"rendered":"https:\/\/yotavis.ch\/product\/pbz80-5\/"},"modified":"2026-04-24T13:33:54","modified_gmt":"2026-04-24T11:33:54","slug":"pbz80-5","status":"publish","type":"product","link":"https:\/\/yotavis.ch\/de\/produkt\/pbz80-5\/","title":{"rendered":"PBZ80-5"},"content":{"rendered":"<p>Das PBZ80-5 ist ein programmierbares bipolares Netzteil von Kikusui, das einen Spannungsbereich von \u00b10V bis 80V und einen Strombereich von \u00b10A bis 5A liefern kann. Es verf\u00fcgt \u00fcber einen einzigen Ausgangskanal, der eine pr\u00e4zise Steuerung der Leistungsabgabe in verschiedenen Anwendungen erm\u00f6glicht. Das Netzteil bietet eine Gesamtausgangsleistung von 400 Watt und eignet sich damit f\u00fcr Aufgaben, die eine hohe Leistungskapazit\u00e4t erfordern. Es verf\u00fcgt \u00fcber eine Fernsteuerungsfunktion, die es dem Benutzer erm\u00f6glicht, das Ger\u00e4t bequem und flexibel aus der Ferne zu bedienen. Das Ger\u00e4t ist so konzipiert, dass es eine stabile und einstellbare Ausgangsleistung bietet, die eine breite Palette von Pr\u00fcf- und Betriebsanforderungen unterst\u00fctzt. Sein Design konzentriert sich auf eine zuverl\u00e4ssige Leistung mit der M\u00f6glichkeit, Spannungs- und Stromparameter genau zu programmieren. Dieses Netzger\u00e4t ist eine praktische Wahl f\u00fcr Umgebungen, in denen eine kontrollierte bipolare Stromversorgung unerl\u00e4sslich ist.<\/p>","protected":false},"excerpt":{"rendered":"<p>Programmable Bipolar Power Supply, \u00b1 0V &#8211; 80V, \u00b1 0A &#8211; 5A<\/p>","protected":false},"featured_media":7694,"comment_status":"closed","ping_status":"closed","template":"","meta":{"_acf_changed":false,"slim_seo":{"title":"PBZ80-5 - YOTAVIS AG","description":"Programmierbares bipolares Netzger\u00e4t, \u00b1 0V - 80V, \u00b1 0A - 5A"}},"product_brand":[551],"product_cat":[606,515],"product_tag":[],"class_list":{"0":"post-6561","1":"product","2":"type-product","3":"status-publish","4":"has-post-thumbnail","6":"product_brand-kikusui","7":"product_cat-dc-4-quadrants-en","8":"product_cat-power-en","9":"pa_current-a-392","10":"pa_output-number-146","11":"pa_power-w-398","12":"pa_remote-control-yes","13":"pa_voltage-v-155","15":"first","16":"instock","17":"taxable","18":"shipping-taxable","19":"purchasable","20":"product-type-simple"},"acf":[],"_links":{"self":[{"href":"https:\/\/yotavis.ch\/de\/wp-json\/wp\/v2\/product\/6561","targetHints":{"allow":["GET"]}}],"collection":[{"href":"https:\/\/yotavis.ch\/de\/wp-json\/wp\/v2\/product"}],"about":[{"href":"https:\/\/yotavis.ch\/de\/wp-json\/wp\/v2\/types\/product"}],"replies":[{"embeddable":true,"href":"https:\/\/yotavis.ch\/de\/wp-json\/wp\/v2\/comments?post=6561"}],"wp:featuredmedia":[{"embeddable":true,"href":"https:\/\/yotavis.ch\/de\/wp-json\/wp\/v2\/media\/7694"}],"wp:attachment":[{"href":"https:\/\/yotavis.ch\/de\/wp-json\/wp\/v2\/media?parent=6561"}],"wp:term":[{"taxonomy":"product_brand","embeddable":true,"href":"https:\/\/yotavis.ch\/de\/wp-json\/wp\/v2\/product_brand?post=6561"},{"taxonomy":"product_cat","embeddable":true,"href":"https:\/\/yotavis.ch\/de\/wp-json\/wp\/v2\/product_cat?post=6561"},{"taxonomy":"product_tag","embeddable":true,"href":"https:\/\/yotavis.ch\/de\/wp-json\/wp\/v2\/product_tag?post=6561"}],"curies":[{"name":"wp","href":"https:\/\/api.w.org\/{rel}","templated":true}]}}