{"id":6562,"date":"2025-10-09T00:00:00","date_gmt":"2025-10-08T22:00:00","guid":{"rendered":"https:\/\/yotavis.ch\/product\/pbz80-5-with-lan\/"},"modified":"2026-04-24T13:33:54","modified_gmt":"2026-04-24T11:33:54","slug":"pbz80-5-with-lan","status":"publish","type":"product","link":"https:\/\/yotavis.ch\/de\/produkt\/pbz80-5-with-lan\/","title":{"rendered":"PBZ80-5 WITH LAN"},"content":{"rendered":"<p>Das PBZ80-5 WITH LAN ist ein programmierbares bipolares Netzger\u00e4t von Kikusui mit einem Ausgangsspannungsbereich von \u00b10V bis 80V und einem Strombereich von \u00b10A bis 5A. Es liefert eine Ausgangsleistung von 400 Watt und verf\u00fcgt \u00fcber einen einzigen Ausgangskanal. Dieses Netzteil verf\u00fcgt \u00fcber eine LAN-Schnittstelle, die eine Fernsteuerung f\u00fcr einen bequemen Betrieb und die Integration in automatisierte Systeme erm\u00f6glicht. Das Ger\u00e4t ist f\u00fcr eine pr\u00e4zise und stabile Leistungsabgabe innerhalb der angegebenen Spannungs- und Stromgrenzen ausgelegt. Dank seiner Programmierbarkeit kann der Benutzer die Ausgangsparameter entsprechend den spezifischen Anforderungen einstellen und anpassen. Die Fernsteuerungsfunktionalit\u00e4t verbessert die Verwendbarkeit des Ger\u00e4ts in verschiedenen Test- und Entwicklungsumgebungen, in denen eine Fern\u00fcberwachung und -einstellung erforderlich ist. Dieses Modell eignet sich f\u00fcr Anwendungen, die eine zuverl\u00e4ssige bipolare Stromversorgungsleistung mit Netzwerkkonnektivit\u00e4t erfordern.<\/p>","protected":false},"excerpt":{"rendered":"<p>Programmable Bipolar Power Supply, \u00b1 0V &#8211; 80V, \u00b1 0A &#8211; 5A with LAN Interface<\/p>","protected":false},"featured_media":7694,"comment_status":"closed","ping_status":"closed","template":"","meta":{"_acf_changed":false,"slim_seo":{"title":"PBZ80-5 WITH LAN - YOTAVIS AG","description":"Programmierbares bipolares Netzger\u00e4t, \u00b1 0V - 80V, \u00b1 0A - 5A mit LAN-Schnittstelle"}},"product_brand":[551],"product_cat":[606,515],"product_tag":[],"class_list":{"0":"post-6562","1":"product","2":"type-product","3":"status-publish","4":"has-post-thumbnail","6":"product_brand-kikusui","7":"product_cat-dc-4-quadrants-en","8":"product_cat-power-en","9":"pa_current-a-392","10":"pa_output-number-146","11":"pa_power-w-398","12":"pa_remote-control-yes","13":"pa_voltage-v-155","15":"first","16":"instock","17":"taxable","18":"shipping-taxable","19":"purchasable","20":"product-type-simple"},"acf":[],"_links":{"self":[{"href":"https:\/\/yotavis.ch\/de\/wp-json\/wp\/v2\/product\/6562","targetHints":{"allow":["GET"]}}],"collection":[{"href":"https:\/\/yotavis.ch\/de\/wp-json\/wp\/v2\/product"}],"about":[{"href":"https:\/\/yotavis.ch\/de\/wp-json\/wp\/v2\/types\/product"}],"replies":[{"embeddable":true,"href":"https:\/\/yotavis.ch\/de\/wp-json\/wp\/v2\/comments?post=6562"}],"wp:featuredmedia":[{"embeddable":true,"href":"https:\/\/yotavis.ch\/de\/wp-json\/wp\/v2\/media\/7694"}],"wp:attachment":[{"href":"https:\/\/yotavis.ch\/de\/wp-json\/wp\/v2\/media?parent=6562"}],"wp:term":[{"taxonomy":"product_brand","embeddable":true,"href":"https:\/\/yotavis.ch\/de\/wp-json\/wp\/v2\/product_brand?post=6562"},{"taxonomy":"product_cat","embeddable":true,"href":"https:\/\/yotavis.ch\/de\/wp-json\/wp\/v2\/product_cat?post=6562"},{"taxonomy":"product_tag","embeddable":true,"href":"https:\/\/yotavis.ch\/de\/wp-json\/wp\/v2\/product_tag?post=6562"}],"curies":[{"name":"wp","href":"https:\/\/api.w.org\/{rel}","templated":true}]}}