{"id":6563,"date":"2025-10-09T00:00:00","date_gmt":"2025-10-08T22:00:00","guid":{"rendered":"https:\/\/yotavis.ch\/product\/pbz20-20a\/"},"modified":"2026-04-24T13:33:54","modified_gmt":"2026-04-24T11:33:54","slug":"pbz20-20a","status":"publish","type":"product","link":"https:\/\/yotavis.ch\/de\/produkt\/pbz20-20a\/","title":{"rendered":"PBZ20-20A"},"content":{"rendered":"<p>Das PBZ20-20A ist ein programmierbares bipolares Netzger\u00e4t mit einem Spannungsbereich von \u00b10V bis 20V und einem Strombereich von \u00b10A bis 20A. Es verf\u00fcgt \u00fcber einen Spitzenstromausgang, der das Sechsfache des Nennstroms betr\u00e4gt und somit h\u00f6here transiente Lasten erm\u00f6glicht. Das Netzteil liefert eine Gesamtausgangsleistung von 400 Watt und verf\u00fcgt \u00fcber einen einzigen Ausgangskanal. Es unterst\u00fctzt eine Fernsteuerungsfunktion, die den Betrieb aus der Ferne erm\u00f6glicht. Das von Kikusui hergestellte Modell ist auf eine pr\u00e4zise und flexible Leistungsabgabe f\u00fcr verschiedene Anwendungen ausgelegt. Die Spezifikationen des Ger\u00e4ts konzentrieren sich auf die Bereitstellung einer stabilen Spannung und eines stabilen Stroms innerhalb der angegebenen Bereiche, ohne zus\u00e4tzliche Funktionen wie Touchscreens oder mehrere Kan\u00e4le. Dieses Netzteil eignet sich f\u00fcr Umgebungen, in denen programmierbare und zuverl\u00e4ssige bipolare Stromquellen erforderlich sind.<\/p>","protected":false},"excerpt":{"rendered":"<p>Programmable Bipolar Power Supply, \u00b1 0V &#8211; 20V, \u00b1 0A &#8211; 20A,<br \/>\nPeak current output (6x rating)<\/p>","protected":false},"featured_media":7694,"comment_status":"closed","ping_status":"closed","template":"","meta":{"_acf_changed":false,"slim_seo":{"title":"PBZ20-20A - YOTAVIS AG","description":"Programmierbare bipolare Stromversorgung, \u00b1 0V - 20V, \u00b1 0A - 20A, Spitzenstromausgang (6x Nennleistung)"}},"product_brand":[551],"product_cat":[606,515],"product_tag":[],"class_list":{"0":"post-6563","1":"product","2":"type-product","3":"status-publish","4":"has-post-thumbnail","6":"product_brand-kikusui","7":"product_cat-dc-4-quadrants-en","8":"product_cat-power-en","9":"pa_current-a-552","10":"pa_output-number-146","11":"pa_power-w-398","12":"pa_remote-control-yes","13":"pa_voltage-v-315","15":"first","16":"instock","17":"taxable","18":"shipping-taxable","19":"purchasable","20":"product-type-simple"},"acf":[],"_links":{"self":[{"href":"https:\/\/yotavis.ch\/de\/wp-json\/wp\/v2\/product\/6563","targetHints":{"allow":["GET"]}}],"collection":[{"href":"https:\/\/yotavis.ch\/de\/wp-json\/wp\/v2\/product"}],"about":[{"href":"https:\/\/yotavis.ch\/de\/wp-json\/wp\/v2\/types\/product"}],"replies":[{"embeddable":true,"href":"https:\/\/yotavis.ch\/de\/wp-json\/wp\/v2\/comments?post=6563"}],"wp:featuredmedia":[{"embeddable":true,"href":"https:\/\/yotavis.ch\/de\/wp-json\/wp\/v2\/media\/7694"}],"wp:attachment":[{"href":"https:\/\/yotavis.ch\/de\/wp-json\/wp\/v2\/media?parent=6563"}],"wp:term":[{"taxonomy":"product_brand","embeddable":true,"href":"https:\/\/yotavis.ch\/de\/wp-json\/wp\/v2\/product_brand?post=6563"},{"taxonomy":"product_cat","embeddable":true,"href":"https:\/\/yotavis.ch\/de\/wp-json\/wp\/v2\/product_cat?post=6563"},{"taxonomy":"product_tag","embeddable":true,"href":"https:\/\/yotavis.ch\/de\/wp-json\/wp\/v2\/product_tag?post=6563"}],"curies":[{"name":"wp","href":"https:\/\/api.w.org\/{rel}","templated":true}]}}