{"id":6564,"date":"2025-10-09T00:00:00","date_gmt":"2025-10-08T22:00:00","guid":{"rendered":"https:\/\/yotavis.ch\/product\/pbz20-20a-with-lan\/"},"modified":"2026-04-24T13:33:55","modified_gmt":"2026-04-24T11:33:55","slug":"pbz20-20a-with-lan","status":"publish","type":"product","link":"https:\/\/yotavis.ch\/de\/produkt\/pbz20-20a-with-lan\/","title":{"rendered":"PBZ20-20A MIT LAN"},"content":{"rendered":"<p>Das PBZ20-20A WITH LAN ist ein programmierbares bipolares Netzger\u00e4t von Kikusui, das einen Spannungsbereich von \u00b10V bis 20V und einen Strombereich von \u00b10A bis 20A liefert. Der Spitzenstrom ist sechsmal so hoch wie der Nennwert, so dass auch hohe transiente Stromanforderungen erf\u00fcllt werden k\u00f6nnen. Das Netzteil verf\u00fcgt \u00fcber einen einzigen Ausgangskanal und unterst\u00fctzt Fernsteuerungsfunktionen, die den Betrieb und die \u00dcberwachung aus der Ferne erm\u00f6glichen. Mit einer Nennleistung von 400 Watt eignet es sich f\u00fcr Anwendungen, die eine stabile und pr\u00e4zise Stromabgabe erfordern. Die integrierte LAN-Schnittstelle erleichtert die Netzwerkanbindung f\u00fcr die Integration in automatisierte Testsysteme oder Fernverwaltungseinrichtungen. Dieses Modell wurde entwickelt, um in Umgebungen, in denen programmierbare Spannungs- und Stromquellen f\u00fcr Test- und Entwicklungszwecke unerl\u00e4sslich sind, eine zuverl\u00e4ssige Leistung zu bieten.<\/p>","protected":false},"excerpt":{"rendered":"<p>Programmable Bipolar Power Supply, \u00b1 0V &#8211; 20V, \u00b1 0A &#8211; 20A,<br \/>\nPeak current output (6x rating)  with LAN interface<\/p>","protected":false},"featured_media":7694,"comment_status":"closed","ping_status":"closed","template":"","meta":{"_acf_changed":false,"slim_seo":{"title":"PBZ20-20A WITH LAN - YOTAVIS AG","description":"Programmierbares bipolares Netzger\u00e4t, \u00b1 0V - 20V, \u00b1 0A - 20A, Spitzenstromausgang (6x Nennleistung) mit LAN-Schnittstelle"}},"product_brand":[551],"product_cat":[606,515],"product_tag":[],"class_list":{"0":"post-6564","1":"product","2":"type-product","3":"status-publish","4":"has-post-thumbnail","6":"product_brand-kikusui","7":"product_cat-dc-4-quadrants-en","8":"product_cat-power-en","9":"pa_current-a-552","10":"pa_output-number-146","11":"pa_power-w-398","12":"pa_remote-control-yes","13":"pa_voltage-v-315","15":"first","16":"instock","17":"taxable","18":"shipping-taxable","19":"purchasable","20":"product-type-simple"},"acf":[],"_links":{"self":[{"href":"https:\/\/yotavis.ch\/de\/wp-json\/wp\/v2\/product\/6564","targetHints":{"allow":["GET"]}}],"collection":[{"href":"https:\/\/yotavis.ch\/de\/wp-json\/wp\/v2\/product"}],"about":[{"href":"https:\/\/yotavis.ch\/de\/wp-json\/wp\/v2\/types\/product"}],"replies":[{"embeddable":true,"href":"https:\/\/yotavis.ch\/de\/wp-json\/wp\/v2\/comments?post=6564"}],"wp:featuredmedia":[{"embeddable":true,"href":"https:\/\/yotavis.ch\/de\/wp-json\/wp\/v2\/media\/7694"}],"wp:attachment":[{"href":"https:\/\/yotavis.ch\/de\/wp-json\/wp\/v2\/media?parent=6564"}],"wp:term":[{"taxonomy":"product_brand","embeddable":true,"href":"https:\/\/yotavis.ch\/de\/wp-json\/wp\/v2\/product_brand?post=6564"},{"taxonomy":"product_cat","embeddable":true,"href":"https:\/\/yotavis.ch\/de\/wp-json\/wp\/v2\/product_cat?post=6564"},{"taxonomy":"product_tag","embeddable":true,"href":"https:\/\/yotavis.ch\/de\/wp-json\/wp\/v2\/product_tag?post=6564"}],"curies":[{"name":"wp","href":"https:\/\/api.w.org\/{rel}","templated":true}]}}