{"id":6567,"date":"2025-10-09T00:00:00","date_gmt":"2025-10-08T22:00:00","guid":{"rendered":"https:\/\/yotavis.ch\/product\/pcr2000ma\/"},"modified":"2026-04-24T13:33:56","modified_gmt":"2026-04-24T11:33:56","slug":"pcr2000ma","status":"publish","type":"product","link":"https:\/\/yotavis.ch\/de\/produkt\/pcr2000ma\/","title":{"rendered":"PCR2000MA"},"content":{"rendered":"<p>Das Kikusui PCR2000MA ist ein kompaktes AC-Netzteil mit einer Nennleistung von 2000VA. Es unterst\u00fctzt einen Wechselspannungsbereich von 1 bis 155V und 2 bis 310V, sowie einen Gleichspannungsbereich von 1,4 bis 219V und 2,8 bis 438V. Das Ger\u00e4t arbeitet in einem Frequenzbereich von 40 bis 500Hz, mit einer maximalen Frequenz von 500Hz. Es liefert einen maximalen Strom von 20A und verf\u00fcgt \u00fcber einen einzigen Ausgangskanal. Das Netzger\u00e4t verf\u00fcgt \u00fcber eine Fernbedienungsfunktion, die eine komfortable Bedienung erm\u00f6glicht. Das Ger\u00e4t ist f\u00fcr eine Vielzahl von Spannungs- und Frequenzeinstellungen ausgelegt, so dass es sich f\u00fcr verschiedene Pr\u00fcf- und Stromversorgungsanwendungen eignet.<\/p>","protected":false},"excerpt":{"rendered":"<p>Kompaktes AC-Netzteil 2000VA\u3001AC1\uff5e155V\/2\uff5e310V\u3001DC1.4\uff5e219V\/2.8\uff5e438V\u300140\uff5e500Hz<\/p>","protected":false},"featured_media":7698,"comment_status":"closed","ping_status":"closed","template":"","meta":{"_acf_changed":false,"slim_seo":{"title":"PCR2000MA - YOTAVIS AG","description":"Kompaktes AC-Netzteil 2000VA\u3001AC1\uff5e155V\/2\uff5e310V\u3001DC1.4\uff5e219V\/2.8\uff5e438V\u300140\uff5e500Hz"}},"product_brand":[551],"product_cat":[609,515],"product_tag":[],"class_list":{"0":"post-6567","1":"product","2":"type-product","3":"status-publish","4":"has-post-thumbnail","6":"product_brand-kikusui","7":"product_cat-ac-source-en","8":"product_cat-power-en","9":"pa_current-a-552","10":"pa_max-frequency-hz-1020","11":"pa_output-number-146","12":"pa_power-w-561","13":"pa_remote-control-yes","14":"pa_voltage-v-310","16":"first","17":"instock","18":"taxable","19":"shipping-taxable","20":"purchasable","21":"product-type-simple"},"acf":[],"_links":{"self":[{"href":"https:\/\/yotavis.ch\/de\/wp-json\/wp\/v2\/product\/6567","targetHints":{"allow":["GET"]}}],"collection":[{"href":"https:\/\/yotavis.ch\/de\/wp-json\/wp\/v2\/product"}],"about":[{"href":"https:\/\/yotavis.ch\/de\/wp-json\/wp\/v2\/types\/product"}],"replies":[{"embeddable":true,"href":"https:\/\/yotavis.ch\/de\/wp-json\/wp\/v2\/comments?post=6567"}],"wp:featuredmedia":[{"embeddable":true,"href":"https:\/\/yotavis.ch\/de\/wp-json\/wp\/v2\/media\/7698"}],"wp:attachment":[{"href":"https:\/\/yotavis.ch\/de\/wp-json\/wp\/v2\/media?parent=6567"}],"wp:term":[{"taxonomy":"product_brand","embeddable":true,"href":"https:\/\/yotavis.ch\/de\/wp-json\/wp\/v2\/product_brand?post=6567"},{"taxonomy":"product_cat","embeddable":true,"href":"https:\/\/yotavis.ch\/de\/wp-json\/wp\/v2\/product_cat?post=6567"},{"taxonomy":"product_tag","embeddable":true,"href":"https:\/\/yotavis.ch\/de\/wp-json\/wp\/v2\/product_tag?post=6567"}],"curies":[{"name":"wp","href":"https:\/\/api.w.org\/{rel}","templated":true}]}}