{"id":6568,"date":"2025-10-09T00:00:00","date_gmt":"2025-10-08T22:00:00","guid":{"rendered":"https:\/\/yotavis.ch\/product\/pcr4000ma\/"},"modified":"2026-04-24T13:33:56","modified_gmt":"2026-04-24T11:33:56","slug":"pcr4000ma","status":"publish","type":"product","link":"https:\/\/yotavis.ch\/de\/produkt\/pcr4000ma\/","title":{"rendered":"PCR4000MA"},"content":{"rendered":"<p>Das Kikusui PCR4000MA ist ein kompaktes AC-Netzteil mit einer Nennleistung von 4000VA. Es bietet einen weiten Spannungsbereich und unterst\u00fctzt einen AC-Ausgang von 1 bis 155V und 2 bis 310V sowie einen DC-Ausgang von 1,4 bis 219V und 2,8 bis 438V. Das Ger\u00e4t arbeitet mit Frequenzen zwischen 40 und 500 Hz, mit einer maximalen Frequenz von 500 Hz. Es verf\u00fcgt \u00fcber einen einzigen Ausgangskanal und unterst\u00fctzt Fernsteuerungsfunktionen. Die maximale Stromkapazit\u00e4t des Netzteils betr\u00e4gt 40 A, und es kann Spannungen bis 310 V verarbeiten. Mit dieser Kombination von Merkmalen eignet sich das PCR4000MA f\u00fcr Anwendungen, die eine pr\u00e4zise und vielseitige AC- und DC-Stromversorgung erfordern.<\/p>","protected":false},"excerpt":{"rendered":"<p>Kompaktes AC-Netzteil 4000VA\u3001AC1\uff5e155V\/2\uff5e310V\u3001DC1.4\uff5e219V\/2.8\uff5e438V\u300140\uff5e500Hz<\/p>","protected":false},"featured_media":7701,"comment_status":"closed","ping_status":"closed","template":"","meta":{"_acf_changed":false,"slim_seo":{"title":"PCR4000MA - YOTAVIS AG","description":"Kompaktes AC-Netzteil 4000VA\u3001AC1\uff5e155V\/2\uff5e310V\u3001DC1.4\uff5e219V\/2.8\uff5e438V\u300140\uff5e500Hz"}},"product_brand":[551],"product_cat":[609,515],"product_tag":[],"class_list":{"0":"post-6568","1":"product","2":"type-product","3":"status-publish","4":"has-post-thumbnail","6":"product_brand-kikusui","7":"product_cat-ac-source-en","8":"product_cat-power-en","9":"pa_current-a-550","10":"pa_max-frequency-hz-1020","11":"pa_output-number-146","12":"pa_power-w-611","13":"pa_remote-control-yes","14":"pa_voltage-v-310","16":"first","17":"instock","18":"taxable","19":"shipping-taxable","20":"purchasable","21":"product-type-simple"},"acf":[],"_links":{"self":[{"href":"https:\/\/yotavis.ch\/de\/wp-json\/wp\/v2\/product\/6568","targetHints":{"allow":["GET"]}}],"collection":[{"href":"https:\/\/yotavis.ch\/de\/wp-json\/wp\/v2\/product"}],"about":[{"href":"https:\/\/yotavis.ch\/de\/wp-json\/wp\/v2\/types\/product"}],"replies":[{"embeddable":true,"href":"https:\/\/yotavis.ch\/de\/wp-json\/wp\/v2\/comments?post=6568"}],"wp:featuredmedia":[{"embeddable":true,"href":"https:\/\/yotavis.ch\/de\/wp-json\/wp\/v2\/media\/7701"}],"wp:attachment":[{"href":"https:\/\/yotavis.ch\/de\/wp-json\/wp\/v2\/media?parent=6568"}],"wp:term":[{"taxonomy":"product_brand","embeddable":true,"href":"https:\/\/yotavis.ch\/de\/wp-json\/wp\/v2\/product_brand?post=6568"},{"taxonomy":"product_cat","embeddable":true,"href":"https:\/\/yotavis.ch\/de\/wp-json\/wp\/v2\/product_cat?post=6568"},{"taxonomy":"product_tag","embeddable":true,"href":"https:\/\/yotavis.ch\/de\/wp-json\/wp\/v2\/product_tag?post=6568"}],"curies":[{"name":"wp","href":"https:\/\/api.w.org\/{rel}","templated":true}]}}