{"id":6571,"date":"2025-10-09T00:00:00","date_gmt":"2025-10-08T22:00:00","guid":{"rendered":"https:\/\/yotavis.ch\/product\/pbz20-100-sr-with-cal\/"},"modified":"2026-04-24T13:33:57","modified_gmt":"2026-04-24T11:33:57","slug":"pbz20-100-sr-with-cal","status":"publish","type":"product","link":"https:\/\/yotavis.ch\/de\/produkt\/pbz20-100-sr-with-cal\/","title":{"rendered":"PBZ20-100 SR WITH CAL"},"content":{"rendered":"<p>Das PBZ20-100 SR WITH CAL ist ein programmierbares bipolares Hochleistungsnetzteil von Kikusui, das einen Spannungsbereich von \u00b10V bis 20V und einen Strombereich von \u00b10A bis 100A liefern kann. Es verf\u00fcgt \u00fcber einen einzigen Ausgangskanal, der eine Leistung von bis zu 2000 Watt liefern kann. Dieses Netzteil unterst\u00fctzt Fernsteuerungsfunktionen, die eine bequeme Bedienung und Integration in automatisierte Systeme erm\u00f6glichen. Das Ger\u00e4t bietet eine pr\u00e4zise Steuerung von Spannung und Strom, wodurch es sich f\u00fcr verschiedene Test- und Entwicklungsanwendungen eignet. Dank seiner bipolaren Ausgangsf\u00e4higkeit kann es Strom sowohl als Quelle als auch als Senke nutzen, was f\u00fcr die Simulation realer Bedingungen in elektronischen Schaltungen unerl\u00e4sslich ist. Die robuste Nennleistung des Ger\u00e4ts stellt sicher, dass es anspruchsvolle Lasten bew\u00e4ltigen kann und dabei eine stabile Leistung beibeh\u00e4lt. Mit seiner Kombination aus hoher Stromkapazit\u00e4t und programmierbaren Funktionen ist dieses Netzger\u00e4t ein vielseitiges Werkzeug f\u00fcr den Einsatz im Labor und in der Industrie.<\/p>","protected":false},"excerpt":{"rendered":"<p>High Power Programmable Bipolar Power Supply, \u00b1 0V &#8211; 20V, \u00b1 0A &#8211; 100A<\/p>","protected":false},"featured_media":7707,"comment_status":"closed","ping_status":"closed","template":"","meta":{"_acf_changed":false,"slim_seo":{"title":"PBZ20-100 SR WITH CAL - YOTAVIS AG","description":"Programmierbare bipolare Hochleistungsstromversorgung, \u00b1 0V - 20V, \u00b1 0A - 100A"}},"product_brand":[551],"product_cat":[606,515],"product_tag":[],"class_list":{"0":"post-6571","1":"product","2":"type-product","3":"status-publish","4":"has-post-thumbnail","6":"product_brand-kikusui","7":"product_cat-dc-4-quadrants-en","8":"product_cat-power-en","9":"pa_current-a-562","10":"pa_output-number-146","11":"pa_power-w-561","12":"pa_remote-control-yes","13":"pa_voltage-v-315","15":"first","16":"instock","17":"taxable","18":"shipping-taxable","19":"purchasable","20":"product-type-simple"},"acf":[],"_links":{"self":[{"href":"https:\/\/yotavis.ch\/de\/wp-json\/wp\/v2\/product\/6571","targetHints":{"allow":["GET"]}}],"collection":[{"href":"https:\/\/yotavis.ch\/de\/wp-json\/wp\/v2\/product"}],"about":[{"href":"https:\/\/yotavis.ch\/de\/wp-json\/wp\/v2\/types\/product"}],"replies":[{"embeddable":true,"href":"https:\/\/yotavis.ch\/de\/wp-json\/wp\/v2\/comments?post=6571"}],"wp:featuredmedia":[{"embeddable":true,"href":"https:\/\/yotavis.ch\/de\/wp-json\/wp\/v2\/media\/7707"}],"wp:attachment":[{"href":"https:\/\/yotavis.ch\/de\/wp-json\/wp\/v2\/media?parent=6571"}],"wp:term":[{"taxonomy":"product_brand","embeddable":true,"href":"https:\/\/yotavis.ch\/de\/wp-json\/wp\/v2\/product_brand?post=6571"},{"taxonomy":"product_cat","embeddable":true,"href":"https:\/\/yotavis.ch\/de\/wp-json\/wp\/v2\/product_cat?post=6571"},{"taxonomy":"product_tag","embeddable":true,"href":"https:\/\/yotavis.ch\/de\/wp-json\/wp\/v2\/product_tag?post=6571"}],"curies":[{"name":"wp","href":"https:\/\/api.w.org\/{rel}","templated":true}]}}