{"id":6573,"date":"2025-10-09T00:00:00","date_gmt":"2025-10-08T22:00:00","guid":{"rendered":"https:\/\/yotavis.ch\/product\/pbz40-40-sr-with-cal\/"},"modified":"2026-04-24T13:33:58","modified_gmt":"2026-04-24T11:33:58","slug":"pbz40-40-sr-with-cal","status":"publish","type":"product","link":"https:\/\/yotavis.ch\/de\/produkt\/pbz40-40-sr-with-cal\/","title":{"rendered":"PBZ40-40 SR MIT KAL"},"content":{"rendered":"<p>Das PBZ40-40 SR WITH CAL ist ein programmierbares bipolares Hochleistungsnetzteil von Kikusui. Es bietet einen Spannungsbereich von \u00b10V bis 40V und einen Strombereich von \u00b10A bis 40A, was vielseitige Ausgangsm\u00f6glichkeiten bietet. Das Netzteil liefert eine maximale Ausgangsleistung von 1600 Watt und ist damit f\u00fcr anspruchsvolle Anwendungen geeignet. Es verf\u00fcgt \u00fcber einen einzigen Ausgangskanal, der eine gezielte und pr\u00e4zise Leistungsabgabe erm\u00f6glicht. Das Ger\u00e4t verf\u00fcgt \u00fcber eine Fernsteuerungsfunktion, mit der es bequem und flexibel aus der Ferne bedient werden kann. Das Design unterst\u00fctzt den bipolaren Betrieb, was bedeutet, dass es sowohl positive als auch negative Spannungen und Str\u00f6me liefern kann. Dieses Modell wurde entwickelt, um die Anforderungen verschiedener Test- und Entwicklungsumgebungen zu erf\u00fcllen, in denen programmierbare Stromquellen ben\u00f6tigt werden.<\/p>","protected":false},"excerpt":{"rendered":"<p>High Power Programmable Bipolar Power Supply, \u00b1 0V &#8211; 40V, \u00b1 0A &#8211; 40A<\/p>","protected":false},"featured_media":7708,"comment_status":"closed","ping_status":"closed","template":"","meta":{"_acf_changed":false,"slim_seo":{"title":"PBZ40-40 SR WITH CAL - YOTAVIS AG","description":"Programmierbare bipolare Hochleistungsstromversorgung, \u00b1 0V - 40V, \u00b1 0A - 40A"}},"product_brand":[551],"product_cat":[606,515],"product_tag":[],"class_list":{"0":"post-6573","1":"product","2":"type-product","3":"status-publish","4":"has-post-thumbnail","6":"product_brand-kikusui","7":"product_cat-dc-4-quadrants-en","8":"product_cat-power-en","9":"pa_current-a-550","10":"pa_output-number-146","11":"pa_power-w-612","12":"pa_remote-control-yes","13":"pa_voltage-v-152","15":"first","16":"instock","17":"taxable","18":"shipping-taxable","19":"purchasable","20":"product-type-simple"},"acf":[],"_links":{"self":[{"href":"https:\/\/yotavis.ch\/de\/wp-json\/wp\/v2\/product\/6573","targetHints":{"allow":["GET"]}}],"collection":[{"href":"https:\/\/yotavis.ch\/de\/wp-json\/wp\/v2\/product"}],"about":[{"href":"https:\/\/yotavis.ch\/de\/wp-json\/wp\/v2\/types\/product"}],"replies":[{"embeddable":true,"href":"https:\/\/yotavis.ch\/de\/wp-json\/wp\/v2\/comments?post=6573"}],"wp:featuredmedia":[{"embeddable":true,"href":"https:\/\/yotavis.ch\/de\/wp-json\/wp\/v2\/media\/7708"}],"wp:attachment":[{"href":"https:\/\/yotavis.ch\/de\/wp-json\/wp\/v2\/media?parent=6573"}],"wp:term":[{"taxonomy":"product_brand","embeddable":true,"href":"https:\/\/yotavis.ch\/de\/wp-json\/wp\/v2\/product_brand?post=6573"},{"taxonomy":"product_cat","embeddable":true,"href":"https:\/\/yotavis.ch\/de\/wp-json\/wp\/v2\/product_cat?post=6573"},{"taxonomy":"product_tag","embeddable":true,"href":"https:\/\/yotavis.ch\/de\/wp-json\/wp\/v2\/product_tag?post=6573"}],"curies":[{"name":"wp","href":"https:\/\/api.w.org\/{rel}","templated":true}]}}