{"id":6577,"date":"2025-10-09T00:00:00","date_gmt":"2025-10-08T22:00:00","guid":{"rendered":"https:\/\/yotavis.ch\/product\/pbz60-33-5-sr-with-cal\/"},"modified":"2026-04-24T13:33:59","modified_gmt":"2026-04-24T11:33:59","slug":"pbz60-33-5-sr-with-cal","status":"publish","type":"product","link":"https:\/\/yotavis.ch\/de\/produkt\/pbz60-33-5-sr-with-cal\/","title":{"rendered":"PBZ60-33.5 SR MIT KAL"},"content":{"rendered":"<p>Das PBZ60-33.5 SR WITH CAL ist ein programmierbares bipolares Hochleistungsnetzteil von Kikusui. Es bietet einen Spannungsbereich von \u00b10V bis 60V und einen Strombereich von \u00b10A bis 33,5A und liefert eine maximale Ausgangsleistung von 2000 Watt. Dieses Modell verf\u00fcgt \u00fcber einen einzigen Ausgangskanal und unterst\u00fctzt die Fernsteuerungsfunktionalit\u00e4t, was einen bequemen Betrieb und die Integration in automatisierte Systeme erm\u00f6glicht. Das Netzteil liefert eine pr\u00e4zise und stabile Leistung, die sich f\u00fcr verschiedene Test- und Entwicklungsanwendungen eignet. Dank seiner bipolaren F\u00e4higkeit kann es Strom sowohl als Quelle als auch als Senke nutzen und ist somit vielseitig f\u00fcr verschiedene Arten von elektronischen Ger\u00e4ten und Schaltungen einsetzbar. Die Spezifikationen des Ger\u00e4ts unterstreichen seine F\u00e4higkeit, hohe Strom- und Spannungspegel in einem kompakten und programmierbaren Format zu verarbeiten.<\/p>","protected":false},"excerpt":{"rendered":"<p>High Power Programmable Bipolar Power Supply, \u00b1 0V &#8211; 60V, \u00b1 0A &#8211; 33.5A<\/p>","protected":false},"featured_media":7707,"comment_status":"closed","ping_status":"closed","template":"","meta":{"_acf_changed":false,"slim_seo":{"title":"PBZ60-33.5 SR WITH CAL - YOTAVIS AG","description":"Programmierbare bipolare Hochleistungsstromversorgung, \u00b1 0V - 60V, \u00b1 0A - 33,5A"}},"product_brand":[551],"product_cat":[606,515],"product_tag":[],"class_list":{"0":"post-6577","1":"product","2":"type-product","3":"status-publish","4":"has-post-thumbnail","6":"product_brand-kikusui","7":"product_cat-dc-4-quadrants-en","8":"product_cat-power-en","9":"pa_current-a-33-5","10":"pa_output-number-146","11":"pa_power-w-561","12":"pa_remote-control-yes","13":"pa_voltage-v-314","15":"first","16":"instock","17":"taxable","18":"shipping-taxable","19":"purchasable","20":"product-type-simple"},"acf":[],"_links":{"self":[{"href":"https:\/\/yotavis.ch\/de\/wp-json\/wp\/v2\/product\/6577","targetHints":{"allow":["GET"]}}],"collection":[{"href":"https:\/\/yotavis.ch\/de\/wp-json\/wp\/v2\/product"}],"about":[{"href":"https:\/\/yotavis.ch\/de\/wp-json\/wp\/v2\/types\/product"}],"replies":[{"embeddable":true,"href":"https:\/\/yotavis.ch\/de\/wp-json\/wp\/v2\/comments?post=6577"}],"wp:featuredmedia":[{"embeddable":true,"href":"https:\/\/yotavis.ch\/de\/wp-json\/wp\/v2\/media\/7707"}],"wp:attachment":[{"href":"https:\/\/yotavis.ch\/de\/wp-json\/wp\/v2\/media?parent=6577"}],"wp:term":[{"taxonomy":"product_brand","embeddable":true,"href":"https:\/\/yotavis.ch\/de\/wp-json\/wp\/v2\/product_brand?post=6577"},{"taxonomy":"product_cat","embeddable":true,"href":"https:\/\/yotavis.ch\/de\/wp-json\/wp\/v2\/product_cat?post=6577"},{"taxonomy":"product_tag","embeddable":true,"href":"https:\/\/yotavis.ch\/de\/wp-json\/wp\/v2\/product_tag?post=6577"}],"curies":[{"name":"wp","href":"https:\/\/api.w.org\/{rel}","templated":true}]}}