{"id":6578,"date":"2025-10-09T00:00:00","date_gmt":"2025-10-08T22:00:00","guid":{"rendered":"https:\/\/yotavis.ch\/product\/pbz80-15-sr-with-cal\/"},"modified":"2026-04-24T13:33:59","modified_gmt":"2026-04-24T11:33:59","slug":"pbz80-15-sr-with-cal","status":"publish","type":"product","link":"https:\/\/yotavis.ch\/de\/produkt\/pbz80-15-sr-with-cal\/","title":{"rendered":"PBZ80-15 SR WITH CAL"},"content":{"rendered":"<p>Das PBZ80-15 SR WITH CAL ist ein programmierbares bipolares Hochleistungsnetzteil von Kikusui. Es bietet einen Spannungsbereich von \u00b10V bis 80V und einen Strombereich von \u00b10A bis 15A und liefert eine maximale Ausgangsleistung von 1200 Watt. Dieses Modell verf\u00fcgt \u00fcber einen einzigen Ausgangskanal und unterst\u00fctzt die Fernsteuerungsfunktion, die eine bequeme Bedienung aus der Ferne erm\u00f6glicht. Das Netzteil ist so konzipiert, dass es mit seiner bipolaren F\u00e4higkeit eine pr\u00e4zise und stabile Leistung liefert, wodurch es sich f\u00fcr verschiedene Test- und Entwicklungsanwendungen eignet. Dank seiner Programmierbarkeit kann der Benutzer spezifische Spannungs- und Stromparameter entsprechend seinen Anforderungen einstellen. Die robusten Spezifikationen des Ger\u00e4ts stellen sicher, dass es auch anspruchsvollen Leistungsanforderungen gerecht wird und dabei die Kontrolle und Genauigkeit beibeh\u00e4lt. Dieses Netzger\u00e4t ist ein vielseitiges Werkzeug f\u00fcr Umgebungen, in denen eine einstellbare und zuverl\u00e4ssige Stromversorgung unerl\u00e4sslich ist.<\/p>","protected":false},"excerpt":{"rendered":"<p>High Power Programmable Bipolar Power Supply, \u00b1 0V &#8211; 80V, \u00b1 0A &#8211; 15A<\/p>","protected":false},"featured_media":7709,"comment_status":"closed","ping_status":"closed","template":"","meta":{"_acf_changed":false,"slim_seo":{"title":"PBZ80-15 SR WITH CAL - YOTAVIS AG","description":"Programmierbare bipolare Hochleistungsstromversorgung, \u00b1 0V - 80V, \u00b1 0A - 15A"}},"product_brand":[551],"product_cat":[606,515],"product_tag":[],"class_list":{"0":"post-6578","1":"product","2":"type-product","3":"status-publish","4":"has-post-thumbnail","6":"product_brand-kikusui","7":"product_cat-dc-4-quadrants-en","8":"product_cat-power-en","9":"pa_current-a-410","10":"pa_output-number-146","11":"pa_power-w-479","12":"pa_remote-control-yes","13":"pa_voltage-v-155","15":"first","16":"instock","17":"taxable","18":"shipping-taxable","19":"purchasable","20":"product-type-simple"},"acf":[],"_links":{"self":[{"href":"https:\/\/yotavis.ch\/de\/wp-json\/wp\/v2\/product\/6578","targetHints":{"allow":["GET"]}}],"collection":[{"href":"https:\/\/yotavis.ch\/de\/wp-json\/wp\/v2\/product"}],"about":[{"href":"https:\/\/yotavis.ch\/de\/wp-json\/wp\/v2\/types\/product"}],"replies":[{"embeddable":true,"href":"https:\/\/yotavis.ch\/de\/wp-json\/wp\/v2\/comments?post=6578"}],"wp:featuredmedia":[{"embeddable":true,"href":"https:\/\/yotavis.ch\/de\/wp-json\/wp\/v2\/media\/7709"}],"wp:attachment":[{"href":"https:\/\/yotavis.ch\/de\/wp-json\/wp\/v2\/media?parent=6578"}],"wp:term":[{"taxonomy":"product_brand","embeddable":true,"href":"https:\/\/yotavis.ch\/de\/wp-json\/wp\/v2\/product_brand?post=6578"},{"taxonomy":"product_cat","embeddable":true,"href":"https:\/\/yotavis.ch\/de\/wp-json\/wp\/v2\/product_cat?post=6578"},{"taxonomy":"product_tag","embeddable":true,"href":"https:\/\/yotavis.ch\/de\/wp-json\/wp\/v2\/product_tag?post=6578"}],"curies":[{"name":"wp","href":"https:\/\/api.w.org\/{rel}","templated":true}]}}