{"id":6580,"date":"2025-10-09T00:00:00","date_gmt":"2025-10-08T22:00:00","guid":{"rendered":"https:\/\/yotavis.ch\/product\/pbz80-25-sr-with-cal\/"},"modified":"2026-04-24T13:34:02","modified_gmt":"2026-04-24T11:34:02","slug":"pbz80-25-sr-with-cal","status":"publish","type":"product","link":"https:\/\/yotavis.ch\/de\/produkt\/pbz80-25-sr-with-cal\/","title":{"rendered":"PBZ80-25 SR WITH CAL"},"content":{"rendered":"<p>Das PBZ80-25 SR WITH CAL ist ein programmierbares bipolares Hochleistungsnetzteil von Kikusui. Es bietet einen Spannungsbereich von \u00b10V bis 80V und einen Strombereich von \u00b10A bis 25A und liefert eine maximale Ausgangsleistung von 2000 Watt. Dieses Modell verf\u00fcgt \u00fcber einen einzigen Ausgangskanal, der eine pr\u00e4zise Steuerung der Leistungsabgabe erm\u00f6glicht. Die mitgelieferte Fernsteuerungsfunktion erm\u00f6glicht den Betrieb aus der Ferne und bietet so zus\u00e4tzlichen Komfort und Flexibilit\u00e4t. Das Netzger\u00e4t ist f\u00fcr anspruchsvolle Anwendungen ausgelegt, die stabile und einstellbare Spannungs- und Stromeinstellungen erfordern. Der bipolare Ausgang erm\u00f6glicht sowohl positive als auch negative Spannungs- und Stromwerte, so dass es sich f\u00fcr eine Vielzahl von Test- und Entwicklungsszenarien eignet. Die Spezifikationen des Ger\u00e4ts stellen sicher, dass es hohe Leistungsanforderungen unterst\u00fctzt und gleichzeitig die Programmierbarkeit und Kontrolle beibeh\u00e4lt.<\/p>","protected":false},"excerpt":{"rendered":"<p>High Power Programmable Bipolar Power Supply, \u00b1 0V &#8211; 80V, \u00b1 0A &#8211; 25A<\/p>","protected":false},"featured_media":7707,"comment_status":"closed","ping_status":"closed","template":"","meta":{"_acf_changed":false,"slim_seo":{"title":"PBZ80-25 SR WITH CAL - YOTAVIS AG","description":"Programmierbare bipolare Hochleistungsstromversorgung, \u00b1 0V - 80V, \u00b1 0A - 25A"}},"product_brand":[551],"product_cat":[606,515],"product_tag":[],"class_list":{"0":"post-6580","1":"product","2":"type-product","3":"status-publish","4":"has-post-thumbnail","6":"product_brand-kikusui","7":"product_cat-dc-4-quadrants-en","8":"product_cat-power-en","9":"pa_current-a-401","10":"pa_output-number-146","11":"pa_power-w-561","12":"pa_remote-control-yes","13":"pa_voltage-v-155","15":"first","16":"instock","17":"taxable","18":"shipping-taxable","19":"purchasable","20":"product-type-simple"},"acf":[],"_links":{"self":[{"href":"https:\/\/yotavis.ch\/de\/wp-json\/wp\/v2\/product\/6580","targetHints":{"allow":["GET"]}}],"collection":[{"href":"https:\/\/yotavis.ch\/de\/wp-json\/wp\/v2\/product"}],"about":[{"href":"https:\/\/yotavis.ch\/de\/wp-json\/wp\/v2\/types\/product"}],"replies":[{"embeddable":true,"href":"https:\/\/yotavis.ch\/de\/wp-json\/wp\/v2\/comments?post=6580"}],"wp:featuredmedia":[{"embeddable":true,"href":"https:\/\/yotavis.ch\/de\/wp-json\/wp\/v2\/media\/7707"}],"wp:attachment":[{"href":"https:\/\/yotavis.ch\/de\/wp-json\/wp\/v2\/media?parent=6580"}],"wp:term":[{"taxonomy":"product_brand","embeddable":true,"href":"https:\/\/yotavis.ch\/de\/wp-json\/wp\/v2\/product_brand?post=6580"},{"taxonomy":"product_cat","embeddable":true,"href":"https:\/\/yotavis.ch\/de\/wp-json\/wp\/v2\/product_cat?post=6580"},{"taxonomy":"product_tag","embeddable":true,"href":"https:\/\/yotavis.ch\/de\/wp-json\/wp\/v2\/product_tag?post=6580"}],"curies":[{"name":"wp","href":"https:\/\/api.w.org\/{rel}","templated":true}]}}