{"id":6581,"date":"2025-10-09T00:00:00","date_gmt":"2025-10-08T22:00:00","guid":{"rendered":"https:\/\/yotavis.ch\/product\/pbz20-120-bp-with-cal\/"},"modified":"2026-04-24T13:34:02","modified_gmt":"2026-04-24T11:34:02","slug":"pbz20-120-bp-with-cal","status":"publish","type":"product","link":"https:\/\/yotavis.ch\/de\/produkt\/pbz20-120-bp-with-cal\/","title":{"rendered":"PBZ20-120 BP MIT CAL"},"content":{"rendered":"<p>Das PBZ20-120 BP WITH CAL ist ein programmierbares bipolares Hochleistungsnetzteil von Kikusui. Es bietet einen Ausgangsspannungsbereich von \u00b10 bis 20 Volt und einen Strombereich von \u00b10 bis 120 Ampere und liefert eine maximale Ausgangsleistung von 2400 Watt. Dieses Modell verf\u00fcgt \u00fcber einen einzigen Ausgangskanal und unterst\u00fctzt die Fernsteuerungsfunktionalit\u00e4t, was einen bequemen Betrieb und die Integration in automatisierte Systeme erm\u00f6glicht. Das Netzger\u00e4t ist so konzipiert, dass es pr\u00e4zise und stabile Spannungs- und Stromausg\u00e4nge innerhalb der angegebenen Bereiche liefert. Dank seiner bipolaren F\u00e4higkeit kann es sowohl positive als auch negative Spannungen liefern und eignet sich daher f\u00fcr eine Vielzahl von Anwendungen, die diese Flexibilit\u00e4t erfordern. Der Baustein ist f\u00fcr hohe Strombelastungen bis zu 120 Ampere ausgelegt und gew\u00e4hrleistet eine robuste Leistung f\u00fcr anspruchsvolle Aufgaben. Dank seiner Programmierbarkeit k\u00f6nnen die Benutzer die Ausgangsparameter so konfigurieren, dass sie den spezifischen Anforderungen entsprechen, was seine Vielseitigkeit in verschiedenen Test- und Entwicklungsumgebungen erh\u00f6ht.<\/p>","protected":false},"excerpt":{"rendered":"<p>Programmierbare bipolare Hochleistungsstromversorgung, \u00b10 bis 20V \/ \u00b10 bis 120A<\/p>","protected":false},"featured_media":7711,"comment_status":"closed","ping_status":"closed","template":"","meta":{"_acf_changed":false,"slim_seo":{"title":"PBZ20-120 BP WITH CAL - YOTAVIS AG","description":"Programmierbare bipolare Hochleistungsstromversorgung, \u00b10 bis 20V \/ \u00b10 bis 120A"}},"product_brand":[551],"product_cat":[606,515],"product_tag":[],"class_list":{"0":"post-6581","1":"product","2":"type-product","3":"status-publish","4":"has-post-thumbnail","6":"product_brand-kikusui","7":"product_cat-dc-4-quadrants-en","8":"product_cat-power-en","9":"pa_current-a-559","10":"pa_output-number-146","11":"pa_power-w-616","12":"pa_remote-control-yes","13":"pa_voltage-v-315","15":"first","16":"instock","17":"taxable","18":"shipping-taxable","19":"purchasable","20":"product-type-simple"},"acf":[],"_links":{"self":[{"href":"https:\/\/yotavis.ch\/de\/wp-json\/wp\/v2\/product\/6581","targetHints":{"allow":["GET"]}}],"collection":[{"href":"https:\/\/yotavis.ch\/de\/wp-json\/wp\/v2\/product"}],"about":[{"href":"https:\/\/yotavis.ch\/de\/wp-json\/wp\/v2\/types\/product"}],"replies":[{"embeddable":true,"href":"https:\/\/yotavis.ch\/de\/wp-json\/wp\/v2\/comments?post=6581"}],"wp:featuredmedia":[{"embeddable":true,"href":"https:\/\/yotavis.ch\/de\/wp-json\/wp\/v2\/media\/7711"}],"wp:attachment":[{"href":"https:\/\/yotavis.ch\/de\/wp-json\/wp\/v2\/media?parent=6581"}],"wp:term":[{"taxonomy":"product_brand","embeddable":true,"href":"https:\/\/yotavis.ch\/de\/wp-json\/wp\/v2\/product_brand?post=6581"},{"taxonomy":"product_cat","embeddable":true,"href":"https:\/\/yotavis.ch\/de\/wp-json\/wp\/v2\/product_cat?post=6581"},{"taxonomy":"product_tag","embeddable":true,"href":"https:\/\/yotavis.ch\/de\/wp-json\/wp\/v2\/product_tag?post=6581"}],"curies":[{"name":"wp","href":"https:\/\/api.w.org\/{rel}","templated":true}]}}