{"id":6582,"date":"2025-10-09T00:00:00","date_gmt":"2025-10-08T22:00:00","guid":{"rendered":"https:\/\/yotavis.ch\/product\/pbz20-140-bp-with-cal\/"},"modified":"2026-04-24T13:34:03","modified_gmt":"2026-04-24T11:34:03","slug":"pbz20-140-bp-with-cal","status":"publish","type":"product","link":"https:\/\/yotavis.ch\/de\/produkt\/pbz20-140-bp-with-cal\/","title":{"rendered":"PBZ20-140 BP WITH CAL"},"content":{"rendered":"<p>Das PBZ20-140 BP WITH CAL ist ein programmierbares bipolares Hochleistungsnetzteil von Kikusui. Es bietet einen Spannungsbereich von \u00b10 bis 20V und einen Strombereich von \u00b10 bis 140A und liefert eine maximale Ausgangsleistung von 2800 Watt. Dieses Modell verf\u00fcgt \u00fcber einen einzigen Ausgangskanal und unterst\u00fctzt die Fernsteuerungsfunktion, die eine bequeme Bedienung aus der Ferne erm\u00f6glicht. Das Netzteil ist f\u00fcr eine pr\u00e4zise und stabile Leistungsabgabe innerhalb der angegebenen Spannungs- und Stromgrenzen ausgelegt. Dank seiner bipolaren F\u00e4higkeit kann es sowohl positive als auch negative Spannungen liefern und eignet sich daher f\u00fcr eine Vielzahl von Anwendungen, die vielseitige Leistungskonfigurationen erfordern. Die Spezifikationen des Ger\u00e4ts heben seine F\u00e4higkeit hervor, hohe Stromlasten zu bew\u00e4ltigen und gleichzeitig die Programmierbarkeit f\u00fcr verschiedene Test- und Betriebsanforderungen beizubehalten.<\/p>","protected":false},"excerpt":{"rendered":"<p>Programmierbare bipolare Hochleistungsstromversorgung, \u00b10 bis 20V \/ \u00b10 bis 140A<\/p>","protected":false},"featured_media":7711,"comment_status":"closed","ping_status":"closed","template":"","meta":{"_acf_changed":false,"slim_seo":{"title":"PBZ20-140 BP WITH CAL - YOTAVIS AG","description":"Programmierbare bipolare Hochleistungsstromversorgung, \u00b10 bis 20V \/ \u00b10 bis 140A"}},"product_brand":[551],"product_cat":[606,515],"product_tag":[],"class_list":{"0":"post-6582","1":"product","2":"type-product","3":"status-publish","4":"has-post-thumbnail","6":"product_brand-kikusui","7":"product_cat-dc-4-quadrants-en","8":"product_cat-power-en","9":"pa_current-a-618","10":"pa_output-number-146","11":"pa_power-w-617","12":"pa_remote-control-yes","13":"pa_voltage-v-315","15":"first","16":"instock","17":"taxable","18":"shipping-taxable","19":"purchasable","20":"product-type-simple"},"acf":[],"_links":{"self":[{"href":"https:\/\/yotavis.ch\/de\/wp-json\/wp\/v2\/product\/6582","targetHints":{"allow":["GET"]}}],"collection":[{"href":"https:\/\/yotavis.ch\/de\/wp-json\/wp\/v2\/product"}],"about":[{"href":"https:\/\/yotavis.ch\/de\/wp-json\/wp\/v2\/types\/product"}],"replies":[{"embeddable":true,"href":"https:\/\/yotavis.ch\/de\/wp-json\/wp\/v2\/comments?post=6582"}],"wp:featuredmedia":[{"embeddable":true,"href":"https:\/\/yotavis.ch\/de\/wp-json\/wp\/v2\/media\/7711"}],"wp:attachment":[{"href":"https:\/\/yotavis.ch\/de\/wp-json\/wp\/v2\/media?parent=6582"}],"wp:term":[{"taxonomy":"product_brand","embeddable":true,"href":"https:\/\/yotavis.ch\/de\/wp-json\/wp\/v2\/product_brand?post=6582"},{"taxonomy":"product_cat","embeddable":true,"href":"https:\/\/yotavis.ch\/de\/wp-json\/wp\/v2\/product_cat?post=6582"},{"taxonomy":"product_tag","embeddable":true,"href":"https:\/\/yotavis.ch\/de\/wp-json\/wp\/v2\/product_tag?post=6582"}],"curies":[{"name":"wp","href":"https:\/\/api.w.org\/{rel}","templated":true}]}}