{"id":6588,"date":"2025-10-09T00:00:00","date_gmt":"2025-10-08T22:00:00","guid":{"rendered":"https:\/\/yotavis.ch\/product\/pbz40-80-bp-with-cal\/"},"modified":"2026-04-24T13:34:05","modified_gmt":"2026-04-24T11:34:05","slug":"pbz40-80-bp-with-cal","status":"publish","type":"product","link":"https:\/\/yotavis.ch\/de\/produkt\/pbz40-80-bp-with-cal\/","title":{"rendered":"PBZ40-80 BP MIT CAL"},"content":{"rendered":"<p>Das PBZ40-80 BP WITH CAL ist ein programmierbares bipolares Hochleistungsnetzteil von Kikusui. Es bietet einen Spannungsbereich von \u00b10 bis 40V und einen Strombereich von \u00b10 bis 80A und liefert eine maximale Ausgangsleistung von 3200 Watt. Dieses Modell verf\u00fcgt \u00fcber einen einzigen Ausgangskanal, der eine pr\u00e4zise Steuerung der Leistungsabgabe erm\u00f6glicht. Die mitgelieferte Fernbedienung erm\u00f6glicht es dem Benutzer, das Netzger\u00e4t bequem und flexibel aus der Ferne zu bedienen. Das Ger\u00e4t ist f\u00fcr anspruchsvolle Anwendungen ausgelegt, die eine stabile und einstellbare bipolare Leistung erfordern. Aufgrund seiner Spezifikationen eignet es sich f\u00fcr verschiedene Test- und Entwicklungsumgebungen, in denen eine genaue Spannungs- und Stromregelung erforderlich ist. Die Kombination aus hohen Spannungs- und Stromwerten stellt sicher, dass es eine breite Palette von elektrischen Lasten und Versuchsaufbauten unterst\u00fctzen kann.<\/p>","protected":false},"excerpt":{"rendered":"<p>Programmierbare bipolare Hochleistungsstromversorgung, \u00b10 bis 40V \/ \u00b10 bis 80A<\/p>","protected":false},"featured_media":7711,"comment_status":"closed","ping_status":"closed","template":"","meta":{"_acf_changed":false,"slim_seo":{"title":"PBZ40-80 BP WITH CAL - YOTAVIS AG","description":"Programmierbare bipolare Hochleistungsstromversorgung, \u00b10 bis 40V \/ \u00b10 bis 80A"}},"product_brand":[551],"product_cat":[606,515],"product_tag":[],"class_list":{"0":"post-6588","1":"product","2":"type-product","3":"status-publish","4":"has-post-thumbnail","6":"product_brand-kikusui","7":"product_cat-dc-4-quadrants-en","8":"product_cat-power-en","9":"pa_current-a-557","10":"pa_output-number-146","11":"pa_power-w-619","12":"pa_remote-control-yes","13":"pa_voltage-v-152","15":"first","16":"instock","17":"taxable","18":"shipping-taxable","19":"purchasable","20":"product-type-simple"},"acf":[],"_links":{"self":[{"href":"https:\/\/yotavis.ch\/de\/wp-json\/wp\/v2\/product\/6588","targetHints":{"allow":["GET"]}}],"collection":[{"href":"https:\/\/yotavis.ch\/de\/wp-json\/wp\/v2\/product"}],"about":[{"href":"https:\/\/yotavis.ch\/de\/wp-json\/wp\/v2\/types\/product"}],"replies":[{"embeddable":true,"href":"https:\/\/yotavis.ch\/de\/wp-json\/wp\/v2\/comments?post=6588"}],"wp:featuredmedia":[{"embeddable":true,"href":"https:\/\/yotavis.ch\/de\/wp-json\/wp\/v2\/media\/7711"}],"wp:attachment":[{"href":"https:\/\/yotavis.ch\/de\/wp-json\/wp\/v2\/media?parent=6588"}],"wp:term":[{"taxonomy":"product_brand","embeddable":true,"href":"https:\/\/yotavis.ch\/de\/wp-json\/wp\/v2\/product_brand?post=6588"},{"taxonomy":"product_cat","embeddable":true,"href":"https:\/\/yotavis.ch\/de\/wp-json\/wp\/v2\/product_cat?post=6588"},{"taxonomy":"product_tag","embeddable":true,"href":"https:\/\/yotavis.ch\/de\/wp-json\/wp\/v2\/product_tag?post=6588"}],"curies":[{"name":"wp","href":"https:\/\/api.w.org\/{rel}","templated":true}]}}