{"id":6590,"date":"2025-10-09T00:00:00","date_gmt":"2025-10-08T22:00:00","guid":{"rendered":"https:\/\/yotavis.ch\/product\/pbz40-100-bp-with-cal\/"},"modified":"2026-04-24T13:34:05","modified_gmt":"2026-04-24T11:34:05","slug":"pbz40-100-bp-with-cal","status":"publish","type":"product","link":"https:\/\/yotavis.ch\/de\/produkt\/pbz40-100-bp-with-cal\/","title":{"rendered":"PBZ40-100 BP MIT CAL"},"content":{"rendered":"<p>Das PBZ40-100 BP WITH CAL ist ein programmierbares bipolares Hochleistungsnetzteil von Kikusui. Es bietet einen Ausgangsspannungsbereich von \u00b10 bis 40 Volt und einen Strombereich von \u00b10 bis 100 Ampere und liefert eine maximale Ausgangsleistung von 4000 Watt. Dieses Modell verf\u00fcgt \u00fcber einen einzigen Ausgangskanal und unterst\u00fctzt die Fernsteuerungsfunktionalit\u00e4t, was einen bequemen Betrieb und die Integration in automatisierte Systeme erm\u00f6glicht. Das Netzger\u00e4t ist so konzipiert, dass es pr\u00e4zise und stabile Spannungs- und Stromausg\u00e4nge innerhalb der angegebenen Bereiche liefert. Dank seiner bipolaren F\u00e4higkeit kann es sowohl positive als auch negative Spannungen und Str\u00f6me liefern und eignet sich somit f\u00fcr eine Vielzahl von Test- und Entwicklungsanwendungen. Das Ger\u00e4t ist f\u00fcr hohe Strombelastungen von bis zu 100 Ampere ausgelegt und gew\u00e4hrleistet eine robuste Leistung f\u00fcr anspruchsvolle Aufgaben. Dank seiner Programmierbarkeit k\u00f6nnen die Benutzer die Ausgangsparameter entsprechend den spezifischen Anforderungen konfigurieren, was die Flexibilit\u00e4t im Einsatz erh\u00f6ht.<\/p>","protected":false},"excerpt":{"rendered":"<p>Programmierbare bipolare Hochleistungsstromversorgung, \u00b10 bis 40V \/ \u00b10 bis 100A<\/p>","protected":false},"featured_media":7712,"comment_status":"closed","ping_status":"closed","template":"","meta":{"_acf_changed":false,"slim_seo":{"title":"PBZ40-100 BP WITH CAL - YOTAVIS AG","description":"Programmierbare bipolare Hochleistungsstromversorgung, \u00b10 bis 40V \/ \u00b10 bis 100A"}},"product_brand":[551],"product_cat":[606,515],"product_tag":[],"class_list":{"0":"post-6590","1":"product","2":"type-product","3":"status-publish","4":"has-post-thumbnail","6":"product_brand-kikusui","7":"product_cat-dc-4-quadrants-en","8":"product_cat-power-en","9":"pa_current-a-562","10":"pa_output-number-146","11":"pa_power-w-611","12":"pa_remote-control-yes","13":"pa_voltage-v-152","15":"first","16":"instock","17":"taxable","18":"shipping-taxable","19":"purchasable","20":"product-type-simple"},"acf":[],"_links":{"self":[{"href":"https:\/\/yotavis.ch\/de\/wp-json\/wp\/v2\/product\/6590","targetHints":{"allow":["GET"]}}],"collection":[{"href":"https:\/\/yotavis.ch\/de\/wp-json\/wp\/v2\/product"}],"about":[{"href":"https:\/\/yotavis.ch\/de\/wp-json\/wp\/v2\/types\/product"}],"replies":[{"embeddable":true,"href":"https:\/\/yotavis.ch\/de\/wp-json\/wp\/v2\/comments?post=6590"}],"wp:featuredmedia":[{"embeddable":true,"href":"https:\/\/yotavis.ch\/de\/wp-json\/wp\/v2\/media\/7712"}],"wp:attachment":[{"href":"https:\/\/yotavis.ch\/de\/wp-json\/wp\/v2\/media?parent=6590"}],"wp:term":[{"taxonomy":"product_brand","embeddable":true,"href":"https:\/\/yotavis.ch\/de\/wp-json\/wp\/v2\/product_brand?post=6590"},{"taxonomy":"product_cat","embeddable":true,"href":"https:\/\/yotavis.ch\/de\/wp-json\/wp\/v2\/product_cat?post=6590"},{"taxonomy":"product_tag","embeddable":true,"href":"https:\/\/yotavis.ch\/de\/wp-json\/wp\/v2\/product_tag?post=6590"}],"curies":[{"name":"wp","href":"https:\/\/api.w.org\/{rel}","templated":true}]}}