{"id":6591,"date":"2025-10-09T00:00:00","date_gmt":"2025-10-08T22:00:00","guid":{"rendered":"https:\/\/yotavis.ch\/product\/pcr4000le\/"},"modified":"2026-04-24T13:34:06","modified_gmt":"2026-04-24T11:34:06","slug":"pcr4000le","status":"publish","type":"product","link":"https:\/\/yotavis.ch\/de\/produkt\/pcr4000le\/","title":{"rendered":"PCR4000LE"},"content":{"rendered":"<p>Das Kikusui PCR4000LE ist ein multifunktionales AC-Netzteil mit einer Leistung von 4000 Watt. Es verf\u00fcgt \u00fcber einen einzigen Ausgang mit einer maximalen Spannung von 300 Volt und einem maximalen Strom von 40 Ampere. Das Ger\u00e4t unterst\u00fctzt AC-Eingangsspannungen von 100 V oder 200 V in einer einphasigen Konfiguration. Es ist fernbedienbar und erm\u00f6glicht so einen bequemen Betrieb aus der Ferne. Die maximale Frequenz, die von diesem Netzteil unterst\u00fctzt wird, betr\u00e4gt 999 Hz. Dieses Modell liefert eine zuverl\u00e4ssige und pr\u00e4zise Ausgangsleistung f\u00fcr verschiedene Anwendungen, die eine geregelte Wechselstromversorgung erfordern. Aufgrund seiner Spezifikationen eignet es sich f\u00fcr Aufgaben, die eine stabile Spannung und Stromst\u00e4rke mit einstellbaren Frequenzparametern erfordern.<\/p>","protected":false},"excerpt":{"rendered":"<p>Multifunktionale AC-Stromversorgung 4 kVA ACEingang einphasig 100 V \/ 200 V<\/p>","protected":false},"featured_media":7718,"comment_status":"closed","ping_status":"closed","template":"","meta":{"_acf_changed":false,"slim_seo":{"title":"PCR4000LE - YOTAVIS AG","description":"Multifunktionale AC-Stromversorgung 4 kVA ACEingang einphasig 100 V \/ 200 V"}},"product_brand":[551],"product_cat":[625,515],"product_tag":[],"class_list":{"0":"post-6591","1":"product","2":"type-product","3":"status-publish","4":"has-post-thumbnail","6":"product_brand-kikusui","7":"product_cat-ac-dc-source-en","8":"product_cat-power-en","9":"pa_current-a-550","10":"pa_max-frequency-hz-1021","11":"pa_output-number-146","12":"pa_power-w-611","13":"pa_remote-control-yes","14":"pa_voltage-v-624","16":"first","17":"instock","18":"taxable","19":"shipping-taxable","20":"purchasable","21":"product-type-simple"},"acf":[],"_links":{"self":[{"href":"https:\/\/yotavis.ch\/de\/wp-json\/wp\/v2\/product\/6591","targetHints":{"allow":["GET"]}}],"collection":[{"href":"https:\/\/yotavis.ch\/de\/wp-json\/wp\/v2\/product"}],"about":[{"href":"https:\/\/yotavis.ch\/de\/wp-json\/wp\/v2\/types\/product"}],"replies":[{"embeddable":true,"href":"https:\/\/yotavis.ch\/de\/wp-json\/wp\/v2\/comments?post=6591"}],"wp:featuredmedia":[{"embeddable":true,"href":"https:\/\/yotavis.ch\/de\/wp-json\/wp\/v2\/media\/7718"}],"wp:attachment":[{"href":"https:\/\/yotavis.ch\/de\/wp-json\/wp\/v2\/media?parent=6591"}],"wp:term":[{"taxonomy":"product_brand","embeddable":true,"href":"https:\/\/yotavis.ch\/de\/wp-json\/wp\/v2\/product_brand?post=6591"},{"taxonomy":"product_cat","embeddable":true,"href":"https:\/\/yotavis.ch\/de\/wp-json\/wp\/v2\/product_cat?post=6591"},{"taxonomy":"product_tag","embeddable":true,"href":"https:\/\/yotavis.ch\/de\/wp-json\/wp\/v2\/product_tag?post=6591"}],"curies":[{"name":"wp","href":"https:\/\/api.w.org\/{rel}","templated":true}]}}