{"id":6592,"date":"2025-10-09T00:00:00","date_gmt":"2025-10-08T22:00:00","guid":{"rendered":"https:\/\/yotavis.ch\/product\/pcr6000le\/"},"modified":"2026-04-24T13:34:06","modified_gmt":"2026-04-24T11:34:06","slug":"pcr6000le","status":"publish","type":"product","link":"https:\/\/yotavis.ch\/de\/produkt\/pcr6000le\/","title":{"rendered":"PCR6000LE"},"content":{"rendered":"<p>Das Kikusui PCR6000LE ist ein multifunktionales AC-Netzteil mit einer Leistung von 6000 Watt. Es verf\u00fcgt \u00fcber einen einphasigen AC-Eingang, der mit 100 V oder 200 V kompatibel ist. Das Ger\u00e4t liefert eine Ausgangsspannung von 300 Volt und einen maximalen Strom von 60 Ampere \u00fcber einen einzigen Ausgangskanal. Es unterst\u00fctzt die Fernsteuerungsfunktionalit\u00e4t, die eine bequeme Bedienung aus der Ferne erm\u00f6glicht. Die maximale Frequenz betr\u00e4gt 999 Hz und eignet sich damit f\u00fcr verschiedene Anwendungen, die eine pr\u00e4zise Frequenzsteuerung erfordern. Dieses Netzger\u00e4t ist so konzipiert, dass es mit seinen spezifizierten elektrischen Parametern eine zuverl\u00e4ssige und stabile Ausgangsleistung liefert. Die Kombination von Spannung, Strom und Frequenz macht es zu einem vielseitigen Werkzeug f\u00fcr die Pr\u00fcfung und Versorgung von Wechselstromger\u00e4ten.<\/p>","protected":false},"excerpt":{"rendered":"<p>Multifunktionale AC-Stromversorgung 6 kVA ACEingang einphasig 100 V \/ 200 V<\/p>","protected":false},"featured_media":7716,"comment_status":"closed","ping_status":"closed","template":"","meta":{"_acf_changed":false,"slim_seo":{"title":"PCR6000LE - YOTAVIS AG","description":"Multifunktionale AC-Stromversorgung 6 kVA ACEingang einphasig 100 V \/ 200 V"}},"product_brand":[551],"product_cat":[625,515],"product_tag":[],"class_list":{"0":"post-6592","1":"product","2":"type-product","3":"status-publish","4":"has-post-thumbnail","6":"product_brand-kikusui","7":"product_cat-ac-dc-source-en","8":"product_cat-power-en","9":"pa_current-a-406","10":"pa_max-frequency-hz-1021","11":"pa_output-number-146","12":"pa_power-w-626","13":"pa_remote-control-yes","14":"pa_voltage-v-624","16":"first","17":"instock","18":"taxable","19":"shipping-taxable","20":"purchasable","21":"product-type-simple"},"acf":[],"_links":{"self":[{"href":"https:\/\/yotavis.ch\/de\/wp-json\/wp\/v2\/product\/6592","targetHints":{"allow":["GET"]}}],"collection":[{"href":"https:\/\/yotavis.ch\/de\/wp-json\/wp\/v2\/product"}],"about":[{"href":"https:\/\/yotavis.ch\/de\/wp-json\/wp\/v2\/types\/product"}],"replies":[{"embeddable":true,"href":"https:\/\/yotavis.ch\/de\/wp-json\/wp\/v2\/comments?post=6592"}],"wp:featuredmedia":[{"embeddable":true,"href":"https:\/\/yotavis.ch\/de\/wp-json\/wp\/v2\/media\/7716"}],"wp:attachment":[{"href":"https:\/\/yotavis.ch\/de\/wp-json\/wp\/v2\/media?parent=6592"}],"wp:term":[{"taxonomy":"product_brand","embeddable":true,"href":"https:\/\/yotavis.ch\/de\/wp-json\/wp\/v2\/product_brand?post=6592"},{"taxonomy":"product_cat","embeddable":true,"href":"https:\/\/yotavis.ch\/de\/wp-json\/wp\/v2\/product_cat?post=6592"},{"taxonomy":"product_tag","embeddable":true,"href":"https:\/\/yotavis.ch\/de\/wp-json\/wp\/v2\/product_tag?post=6592"}],"curies":[{"name":"wp","href":"https:\/\/api.w.org\/{rel}","templated":true}]}}