{"id":6595,"date":"2025-10-09T00:00:00","date_gmt":"2025-10-08T22:00:00","guid":{"rendered":"https:\/\/yotavis.ch\/product\/pcr9000le-3p3w200v\/"},"modified":"2026-04-24T13:34:07","modified_gmt":"2026-04-24T11:34:07","slug":"pcr9000le-3p3w200v","status":"publish","type":"product","link":"https:\/\/yotavis.ch\/de\/produkt\/pcr9000le-3p3w200v\/","title":{"rendered":"PCR9000LE 3P3W200V"},"content":{"rendered":"<p>Das Kikusui PCR9000LE 3P3W200V ist ein multifunktionales AC-Netzteil mit einer Leistung von 9000 Watt. Es arbeitet mit einem 3-phasigen und 3-adrigen AC-Eingang bei 200 Volt und liefert eine Ausgangsspannung von 300 Volt und einen Strom von 90 Ampere. Dieses Modell verf\u00fcgt \u00fcber eine einzige Ausgangsnummer und unterst\u00fctzt die Fernbedienungsfunktion, die eine bequeme Bedienung aus der Ferne erm\u00f6glicht. Das Ger\u00e4t kann eine maximale Frequenz von 999 Hz verarbeiten und eignet sich damit f\u00fcr verschiedene Anwendungen, die eine pr\u00e4zise Frequenzsteuerung erfordern. Der PCR9000LE wurde f\u00fcr eine zuverl\u00e4ssige Stromversorgung entwickelt und ist so ausgestattet, dass er anspruchsvolle elektrische Anforderungen erf\u00fcllen kann. Seine Spezifikationen unterstreichen seine F\u00e4higkeit, hohe Leistungslasten effizient zu verwalten und gleichzeitig stabile Ausgangsparameter beizubehalten. Dieses Netzger\u00e4t wurde entwickelt, um komplexe elektrische Systeme mit seinem robusten Design und seinen fortschrittlichen Steuerungsfunktionen zu unterst\u00fctzen.<\/p>","protected":false},"excerpt":{"rendered":"<p>Multifunktionale AC-Stromversorgung 9 kVA ACEingang 3-phasig \/ 3-Leiter 200 V<\/p>","protected":false},"featured_media":7714,"comment_status":"closed","ping_status":"closed","template":"","meta":{"_acf_changed":false,"slim_seo":{"title":"PCR9000LE 3P3W200V - YOTAVIS AG","description":"Multifunktionale AC-Stromversorgung 9 kVA ACEingang 3-phasig \/ 3-Leiter 200 V"}},"product_brand":[551],"product_cat":[625,515],"product_tag":[],"class_list":{"0":"post-6595","1":"product","2":"type-product","3":"status-publish","4":"has-post-thumbnail","6":"product_brand-kikusui","7":"product_cat-ac-dc-source-en","8":"product_cat-power-en","9":"pa_current-a-408","10":"pa_max-frequency-hz-1021","11":"pa_output-number-146","12":"pa_power-w-627","13":"pa_remote-control-yes","14":"pa_voltage-v-624","16":"first","17":"instock","18":"taxable","19":"shipping-taxable","20":"purchasable","21":"product-type-simple"},"acf":[],"_links":{"self":[{"href":"https:\/\/yotavis.ch\/de\/wp-json\/wp\/v2\/product\/6595","targetHints":{"allow":["GET"]}}],"collection":[{"href":"https:\/\/yotavis.ch\/de\/wp-json\/wp\/v2\/product"}],"about":[{"href":"https:\/\/yotavis.ch\/de\/wp-json\/wp\/v2\/types\/product"}],"replies":[{"embeddable":true,"href":"https:\/\/yotavis.ch\/de\/wp-json\/wp\/v2\/comments?post=6595"}],"wp:featuredmedia":[{"embeddable":true,"href":"https:\/\/yotavis.ch\/de\/wp-json\/wp\/v2\/media\/7714"}],"wp:attachment":[{"href":"https:\/\/yotavis.ch\/de\/wp-json\/wp\/v2\/media?parent=6595"}],"wp:term":[{"taxonomy":"product_brand","embeddable":true,"href":"https:\/\/yotavis.ch\/de\/wp-json\/wp\/v2\/product_brand?post=6595"},{"taxonomy":"product_cat","embeddable":true,"href":"https:\/\/yotavis.ch\/de\/wp-json\/wp\/v2\/product_cat?post=6595"},{"taxonomy":"product_tag","embeddable":true,"href":"https:\/\/yotavis.ch\/de\/wp-json\/wp\/v2\/product_tag?post=6595"}],"curies":[{"name":"wp","href":"https:\/\/api.w.org\/{rel}","templated":true}]}}