{"id":6618,"date":"2025-10-09T00:00:00","date_gmt":"2025-10-08T22:00:00","guid":{"rendered":"https:\/\/yotavis.ch\/product\/pcr1000wea\/"},"modified":"2026-04-24T13:34:17","modified_gmt":"2026-04-24T11:34:17","slug":"pcr1000wea","status":"publish","type":"product","link":"https:\/\/yotavis.ch\/de\/produkt\/pcr1000wea\/","title":{"rendered":"PCR1000WEA"},"content":{"rendered":"<p>Das Kikusui PCR1000WEA ist ein ultrakompaktes AC\/DC-Netzteil mit einer Nennleistung von 1000 Watt. Es arbeitet mit einer Spannung von 320 Volt und einer Stromst\u00e4rke von 10 Ampere und bietet einen einzigen Ausgang. Dieses Netzteil unterst\u00fctzt die Fernbedienungsfunktion und erm\u00f6glicht so einen bequemen Betrieb aus der Ferne. Mit einer maximalen Frequenz von 5000 Hz eignet es sich f\u00fcr Anwendungen, die eine variable Ausgangsfrequenz erfordern. Das Design betont die Kompaktheit und liefert gleichzeitig eine zuverl\u00e4ssige Leistung. Die Konfiguration mit einem Ausgang vereinfacht die Integration in verschiedene Systeme. Dieses Modell ist so konstruiert, dass es spezifische Stromversorgungsanforderungen mit pr\u00e4zisen Spannungs- und Stromspezifikationen erf\u00fcllt.<\/p>","protected":false},"excerpt":{"rendered":"<p>Ultrakompakte AC\/DC-Stromversorgung 1kVA<\/p>","protected":false},"featured_media":7732,"comment_status":"closed","ping_status":"closed","template":"","meta":{"_acf_changed":false,"slim_seo":{"title":"PCR1000WEA - YOTAVIS AG","description":"Ultrakompakte AC\/DC-Stromversorgung 1kVA"}},"product_brand":[551],"product_cat":[625,515],"product_tag":[],"class_list":{"0":"post-6618","1":"product","2":"type-product","3":"status-publish","4":"has-post-thumbnail","6":"product_brand-kikusui","7":"product_cat-ac-dc-source-en","8":"product_cat-power-en","9":"pa_current-a-397","10":"pa_max-frequency-hz-1022","11":"pa_output-number-146","12":"pa_power-w-610","13":"pa_remote-control-yes","14":"pa_voltage-v-575","16":"first","17":"instock","18":"taxable","19":"shipping-taxable","20":"purchasable","21":"product-type-simple"},"acf":[],"_links":{"self":[{"href":"https:\/\/yotavis.ch\/de\/wp-json\/wp\/v2\/product\/6618","targetHints":{"allow":["GET"]}}],"collection":[{"href":"https:\/\/yotavis.ch\/de\/wp-json\/wp\/v2\/product"}],"about":[{"href":"https:\/\/yotavis.ch\/de\/wp-json\/wp\/v2\/types\/product"}],"replies":[{"embeddable":true,"href":"https:\/\/yotavis.ch\/de\/wp-json\/wp\/v2\/comments?post=6618"}],"wp:featuredmedia":[{"embeddable":true,"href":"https:\/\/yotavis.ch\/de\/wp-json\/wp\/v2\/media\/7732"}],"wp:attachment":[{"href":"https:\/\/yotavis.ch\/de\/wp-json\/wp\/v2\/media?parent=6618"}],"wp:term":[{"taxonomy":"product_brand","embeddable":true,"href":"https:\/\/yotavis.ch\/de\/wp-json\/wp\/v2\/product_brand?post=6618"},{"taxonomy":"product_cat","embeddable":true,"href":"https:\/\/yotavis.ch\/de\/wp-json\/wp\/v2\/product_cat?post=6618"},{"taxonomy":"product_tag","embeddable":true,"href":"https:\/\/yotavis.ch\/de\/wp-json\/wp\/v2\/product_tag?post=6618"}],"curies":[{"name":"wp","href":"https:\/\/api.w.org\/{rel}","templated":true}]}}