{"id":6619,"date":"2025-10-09T00:00:00","date_gmt":"2025-10-08T22:00:00","guid":{"rendered":"https:\/\/yotavis.ch\/product\/pcr2000wea\/"},"modified":"2026-04-24T13:34:17","modified_gmt":"2026-04-24T11:34:17","slug":"pcr2000wea","status":"publish","type":"product","link":"https:\/\/yotavis.ch\/de\/produkt\/pcr2000wea\/","title":{"rendered":"PCR2000WEA"},"content":{"rendered":"<p>Das Kikusui PCR2000WEA ist ein ultrakompaktes AC\/DC-Netzteil mit einer Ausgangsleistung von 2000 Watt. Es arbeitet mit einer Spannung von 320 Volt und liefert einen Strom von 20 Ampere \u00fcber einen einzigen Ausgangskanal. Dieses Netzteil unterst\u00fctzt die Fernsteuerungsfunktionalit\u00e4t und erm\u00f6glicht so eine bequeme Bedienung aus der Ferne. Es ist in der Lage, Frequenzen bis zu einem Maximum von 5000 Hertz zu verarbeiten. Das PCR2000WEA wurde f\u00fcr Anwendungen entwickelt, die eine zuverl\u00e4ssige und pr\u00e4zise Stromversorgung erfordern, und kombiniert eine hohe Leistungskapazit\u00e4t mit einem kompakten Design. Aufgrund seiner Spezifikationen eignet er sich f\u00fcr verschiedene Pr\u00fcf- und Betriebsumgebungen, in denen eine kontrollierte Stromversorgung unerl\u00e4sslich ist. Der einzelne Ausgangskanal des Ger\u00e4ts vereinfacht die Integration in bestehende Systeme, wobei die Leistungsstandards erhalten bleiben.<\/p>","protected":false},"excerpt":{"rendered":"<p>Ultrakompakte AC\/DC-Stromversorgung 2kVA<\/p>","protected":false},"featured_media":7732,"comment_status":"closed","ping_status":"closed","template":"","meta":{"_acf_changed":false,"slim_seo":{"title":"PCR2000WEA - YOTAVIS AG","description":"Ultrakompakte AC\/DC-Stromversorgung 2kVA"}},"product_brand":[551],"product_cat":[625,515],"product_tag":[],"class_list":{"0":"post-6619","1":"product","2":"type-product","3":"status-publish","4":"has-post-thumbnail","6":"product_brand-kikusui","7":"product_cat-ac-dc-source-en","8":"product_cat-power-en","9":"pa_current-a-552","10":"pa_max-frequency-hz-1022","11":"pa_output-number-146","12":"pa_power-w-561","13":"pa_remote-control-yes","14":"pa_voltage-v-575","16":"first","17":"instock","18":"taxable","19":"shipping-taxable","20":"purchasable","21":"product-type-simple"},"acf":[],"_links":{"self":[{"href":"https:\/\/yotavis.ch\/de\/wp-json\/wp\/v2\/product\/6619","targetHints":{"allow":["GET"]}}],"collection":[{"href":"https:\/\/yotavis.ch\/de\/wp-json\/wp\/v2\/product"}],"about":[{"href":"https:\/\/yotavis.ch\/de\/wp-json\/wp\/v2\/types\/product"}],"replies":[{"embeddable":true,"href":"https:\/\/yotavis.ch\/de\/wp-json\/wp\/v2\/comments?post=6619"}],"wp:featuredmedia":[{"embeddable":true,"href":"https:\/\/yotavis.ch\/de\/wp-json\/wp\/v2\/media\/7732"}],"wp:attachment":[{"href":"https:\/\/yotavis.ch\/de\/wp-json\/wp\/v2\/media?parent=6619"}],"wp:term":[{"taxonomy":"product_brand","embeddable":true,"href":"https:\/\/yotavis.ch\/de\/wp-json\/wp\/v2\/product_brand?post=6619"},{"taxonomy":"product_cat","embeddable":true,"href":"https:\/\/yotavis.ch\/de\/wp-json\/wp\/v2\/product_cat?post=6619"},{"taxonomy":"product_tag","embeddable":true,"href":"https:\/\/yotavis.ch\/de\/wp-json\/wp\/v2\/product_tag?post=6619"}],"curies":[{"name":"wp","href":"https:\/\/api.w.org\/{rel}","templated":true}]}}