{"id":6620,"date":"2025-10-09T00:00:00","date_gmt":"2025-10-08T22:00:00","guid":{"rendered":"https:\/\/yotavis.ch\/product\/pcr3000wea2\/"},"modified":"2026-04-24T13:34:19","modified_gmt":"2026-04-24T11:34:19","slug":"pcr3000wea2","status":"publish","type":"product","link":"https:\/\/yotavis.ch\/de\/produkt\/pcr3000wea2\/","title":{"rendered":"PCR3000WEA2"},"content":{"rendered":"<p>Das Kikusui PCR3000WEA2 ist ein ultrakompaktes AC\/DC-Netzteil mit einer Ausgangsleistung von 3000 Watt. Es arbeitet mit einer Spannung von 320 Volt und einer Stromst\u00e4rke von 30 Ampere und bietet einen einzigen Ausgangskanal. Dieses Netzteil unterst\u00fctzt die Fernbedienungsfunktion und erm\u00f6glicht so einen bequemen Betrieb aus der Ferne. Mit einer maximalen Frequenz von 5000 Hertz eignet es sich f\u00fcr Anwendungen, die eine hochfrequente Stromversorgung erfordern. Das Design betont die Kompaktheit bei gleichzeitiger Beibehaltung robuster Leistungsspezifikationen. Der einzelne Ausgangskanal vereinfacht die Integration in verschiedene Systeme. Dieses Modell wurde entwickelt, um zuverl\u00e4ssige Leistung in einem kompakten Formfaktor zu liefern.<\/p>","protected":false},"excerpt":{"rendered":"<p>Ultrakompakte AC\/DC-Stromversorgung 3kVA<\/p>","protected":false},"featured_media":7732,"comment_status":"closed","ping_status":"closed","template":"","meta":{"_acf_changed":false,"slim_seo":{"title":"PCR3000WEA2 - YOTAVIS AG","description":"Ultrakompakte AC\/DC-Stromversorgung 3kVA"}},"product_brand":[551],"product_cat":[625,515],"product_tag":[],"class_list":{"0":"post-6620","1":"product","2":"type-product","3":"status-publish","4":"has-post-thumbnail","6":"product_brand-kikusui","7":"product_cat-ac-dc-source-en","8":"product_cat-power-en","9":"pa_current-a-404","10":"pa_max-frequency-hz-1022","11":"pa_output-number-146","12":"pa_power-w-632","13":"pa_remote-control-yes","14":"pa_voltage-v-575","16":"first","17":"instock","18":"taxable","19":"shipping-taxable","20":"purchasable","21":"product-type-simple"},"acf":[],"_links":{"self":[{"href":"https:\/\/yotavis.ch\/de\/wp-json\/wp\/v2\/product\/6620","targetHints":{"allow":["GET"]}}],"collection":[{"href":"https:\/\/yotavis.ch\/de\/wp-json\/wp\/v2\/product"}],"about":[{"href":"https:\/\/yotavis.ch\/de\/wp-json\/wp\/v2\/types\/product"}],"replies":[{"embeddable":true,"href":"https:\/\/yotavis.ch\/de\/wp-json\/wp\/v2\/comments?post=6620"}],"wp:featuredmedia":[{"embeddable":true,"href":"https:\/\/yotavis.ch\/de\/wp-json\/wp\/v2\/media\/7732"}],"wp:attachment":[{"href":"https:\/\/yotavis.ch\/de\/wp-json\/wp\/v2\/media?parent=6620"}],"wp:term":[{"taxonomy":"product_brand","embeddable":true,"href":"https:\/\/yotavis.ch\/de\/wp-json\/wp\/v2\/product_brand?post=6620"},{"taxonomy":"product_cat","embeddable":true,"href":"https:\/\/yotavis.ch\/de\/wp-json\/wp\/v2\/product_cat?post=6620"},{"taxonomy":"product_tag","embeddable":true,"href":"https:\/\/yotavis.ch\/de\/wp-json\/wp\/v2\/product_tag?post=6620"}],"curies":[{"name":"wp","href":"https:\/\/api.w.org\/{rel}","templated":true}]}}