{"id":6624,"date":"2025-10-09T00:00:00","date_gmt":"2025-10-08T22:00:00","guid":{"rendered":"https:\/\/yotavis.ch\/product\/pcr6000wea2-3p4w-400v\/"},"modified":"2026-04-24T13:34:21","modified_gmt":"2026-04-24T11:34:21","slug":"pcr6000wea2-3p4w-400v","status":"publish","type":"product","link":"https:\/\/yotavis.ch\/de\/produkt\/pcr6000wea2-3p4w-400v\/","title":{"rendered":"PCR6000WEA2 3P4W 400V"},"content":{"rendered":"<p>Das PCR6000WEA2 3P4W 400V ist ein ultrakompaktes AC\/DC-Netzteil mit einer Nennleistung von 6000 Watt. Es arbeitet mit einer Spannung von 320 Volt und liefert einen Strom von 60 Ampere. Dieses Modell verf\u00fcgt \u00fcber einen einzigen Ausgang und unterst\u00fctzt die Fernbedienungsfunktion, die einen bequemen Betrieb aus der Ferne erm\u00f6glicht. Das Netzteil ist f\u00fcr eine maximale Frequenz von 5000 Hz ausgelegt und eignet sich damit f\u00fcr verschiedene Anwendungen, die eine pr\u00e4zise Frequenzsteuerung erfordern. Das von Kikusui hergestellte Ger\u00e4t ist f\u00fcr eine zuverl\u00e4ssige Leistung in anspruchsvollen Umgebungen ausgelegt. Seine dreiphasige Vierleiterkonfiguration bei 400 Volt gew\u00e4hrleistet die Kompatibilit\u00e4t mit Standard-Industriestromsystemen. Das kompakte Design erm\u00f6glicht eine einfache Integration in bestehende Anlagen, ohne \u00fcberm\u00e4\u00dfig viel Platz zu beanspruchen.<\/p>","protected":false},"excerpt":{"rendered":"<p>Ultrakompakte AC\/DC-Stromversorgung 6kVA 3P4W 400V<\/p>","protected":false},"featured_media":7729,"comment_status":"closed","ping_status":"closed","template":"","meta":{"_acf_changed":false,"slim_seo":{"title":"PCR6000WEA2 3P4W 400V - YOTAVIS AG","description":"Ultrakompakte AC\/DC-Stromversorgung 6kVA 3P4W 400V"}},"product_brand":[551],"product_cat":[625,515],"product_tag":[],"class_list":{"0":"post-6624","1":"product","2":"type-product","3":"status-publish","4":"has-post-thumbnail","6":"product_brand-kikusui","7":"product_cat-ac-dc-source-en","8":"product_cat-power-en","9":"pa_current-a-406","10":"pa_max-frequency-hz-1022","11":"pa_output-number-146","12":"pa_power-w-626","13":"pa_remote-control-yes","14":"pa_voltage-v-575","16":"first","17":"instock","18":"taxable","19":"shipping-taxable","20":"purchasable","21":"product-type-simple"},"acf":[],"_links":{"self":[{"href":"https:\/\/yotavis.ch\/de\/wp-json\/wp\/v2\/product\/6624","targetHints":{"allow":["GET"]}}],"collection":[{"href":"https:\/\/yotavis.ch\/de\/wp-json\/wp\/v2\/product"}],"about":[{"href":"https:\/\/yotavis.ch\/de\/wp-json\/wp\/v2\/types\/product"}],"replies":[{"embeddable":true,"href":"https:\/\/yotavis.ch\/de\/wp-json\/wp\/v2\/comments?post=6624"}],"wp:featuredmedia":[{"embeddable":true,"href":"https:\/\/yotavis.ch\/de\/wp-json\/wp\/v2\/media\/7729"}],"wp:attachment":[{"href":"https:\/\/yotavis.ch\/de\/wp-json\/wp\/v2\/media?parent=6624"}],"wp:term":[{"taxonomy":"product_brand","embeddable":true,"href":"https:\/\/yotavis.ch\/de\/wp-json\/wp\/v2\/product_brand?post=6624"},{"taxonomy":"product_cat","embeddable":true,"href":"https:\/\/yotavis.ch\/de\/wp-json\/wp\/v2\/product_cat?post=6624"},{"taxonomy":"product_tag","embeddable":true,"href":"https:\/\/yotavis.ch\/de\/wp-json\/wp\/v2\/product_tag?post=6624"}],"curies":[{"name":"wp","href":"https:\/\/api.w.org\/{rel}","templated":true}]}}