{"id":6625,"date":"2025-10-09T00:00:00","date_gmt":"2025-10-08T22:00:00","guid":{"rendered":"https:\/\/yotavis.ch\/product\/pcr6000wea2-3p4w-400v-500hz-lmt\/"},"modified":"2026-04-24T13:34:21","modified_gmt":"2026-04-24T11:34:21","slug":"pcr6000wea2-3p4w-400v-500hz-lmt","status":"publish","type":"product","link":"https:\/\/yotavis.ch\/de\/produkt\/pcr6000wea2-3p4w-400v-500hz-lmt\/","title":{"rendered":"PCR6000WEA2 3P4W 400V (500Hz LMT)"},"content":{"rendered":"<p>Das PCR6000WEA2 3P4W 400V (500Hz LMT) von Kikusui ist ein ultrakompaktes AC\/DC-Netzteil mit einer Nennleistung von 6000 Watt. Es arbeitet mit einer Spannung von 320 Volt und liefert einen Strom von 60 Ampere. Dieses Modell verf\u00fcgt \u00fcber einen einzigen Ausgang und unterst\u00fctzt die Fernbedienungsfunktion, was eine komfortable Bedienung erm\u00f6glicht. Das Netzteil ist f\u00fcr den Betrieb in einem dreiphasigen, vieradrigen 400-Volt-Netz ausgelegt und kann Frequenzen bis 500 Hertz verarbeiten. Dank seiner kompakten Bauweise eignet es sich f\u00fcr Anwendungen, die eine zuverl\u00e4ssige und effiziente Stromquelle auf begrenztem Raum erfordern. Die Kombination aus hoher Ausgangsleistung und Fernsteuerungsm\u00f6glichkeit bietet Flexibilit\u00e4t f\u00fcr verschiedene Industrie- und Pr\u00fcfumgebungen.<\/p>","protected":false},"excerpt":{"rendered":"<p>Ultrakompakte AC\/DC-Stromversorgung 6kVA 3P4W 400V<\/p>","protected":false},"featured_media":7729,"comment_status":"closed","ping_status":"closed","template":"","meta":{"_acf_changed":false,"slim_seo":{"title":"PCR6000WEA2 3P4W 400V (500Hz LMT) - YOTAVIS AG","description":"Ultrakompakte AC\/DC-Stromversorgung 6kVA 3P4W 400V"}},"product_brand":[551],"product_cat":[625,515],"product_tag":[],"class_list":{"0":"post-6625","1":"product","2":"type-product","3":"status-publish","4":"has-post-thumbnail","6":"product_brand-kikusui","7":"product_cat-ac-dc-source-en","8":"product_cat-power-en","9":"pa_current-a-406","10":"pa_max-frequency-hz-1020","11":"pa_output-number-146","12":"pa_power-w-626","13":"pa_remote-control-yes","14":"pa_voltage-v-575","16":"first","17":"instock","18":"taxable","19":"shipping-taxable","20":"purchasable","21":"product-type-simple"},"acf":[],"_links":{"self":[{"href":"https:\/\/yotavis.ch\/de\/wp-json\/wp\/v2\/product\/6625","targetHints":{"allow":["GET"]}}],"collection":[{"href":"https:\/\/yotavis.ch\/de\/wp-json\/wp\/v2\/product"}],"about":[{"href":"https:\/\/yotavis.ch\/de\/wp-json\/wp\/v2\/types\/product"}],"replies":[{"embeddable":true,"href":"https:\/\/yotavis.ch\/de\/wp-json\/wp\/v2\/comments?post=6625"}],"wp:featuredmedia":[{"embeddable":true,"href":"https:\/\/yotavis.ch\/de\/wp-json\/wp\/v2\/media\/7729"}],"wp:attachment":[{"href":"https:\/\/yotavis.ch\/de\/wp-json\/wp\/v2\/media?parent=6625"}],"wp:term":[{"taxonomy":"product_brand","embeddable":true,"href":"https:\/\/yotavis.ch\/de\/wp-json\/wp\/v2\/product_brand?post=6625"},{"taxonomy":"product_cat","embeddable":true,"href":"https:\/\/yotavis.ch\/de\/wp-json\/wp\/v2\/product_cat?post=6625"},{"taxonomy":"product_tag","embeddable":true,"href":"https:\/\/yotavis.ch\/de\/wp-json\/wp\/v2\/product_tag?post=6625"}],"curies":[{"name":"wp","href":"https:\/\/api.w.org\/{rel}","templated":true}]}}