{"id":6626,"date":"2025-10-09T00:00:00","date_gmt":"2025-10-08T22:00:00","guid":{"rendered":"https:\/\/yotavis.ch\/product\/pcr6000wea2r-3p3w-400v\/"},"modified":"2026-04-24T13:34:22","modified_gmt":"2026-04-24T11:34:22","slug":"pcr6000wea2r-3p3w-400v","status":"publish","type":"product","link":"https:\/\/yotavis.ch\/de\/produkt\/pcr6000wea2r-3p3w-400v\/","title":{"rendered":"PCR6000WEA2R 3P3W 400V"},"content":{"rendered":"<p>Das Kikusui PCR6000WEA2R ist ein ultrakompaktes AC\/DC-Netzteil mit einer Nennleistung von 6000 Watt. Es arbeitet mit einer Spannung von 320 Volt und liefert einen Strom von 60 Ampere. Dieses Modell verf\u00fcgt \u00fcber einen einzigen Ausgang und unterst\u00fctzt eine dreiphasige, dreiadrige 400-Volt-Konfiguration. Es ist f\u00fcr Frequenzen bis zu 5000 Hz ausgelegt und eignet sich daher f\u00fcr eine Reihe von Anwendungen, die eine Stromversorgung mit variabler Frequenz erfordern. Das Ger\u00e4t verf\u00fcgt \u00fcber eine Fernsteuerungsfunktion, die einen bequemen Betrieb und die Integration in automatisierte Systeme erm\u00f6glicht. Dank seiner kompakten Bauweise kann es auch in Umgebungen mit begrenztem Platzangebot installiert werden und bietet dennoch eine robuste Ausgangsleistung. Dieses Netzger\u00e4t wurde f\u00fcr die Anforderungen in Industrie und Labor entwickelt, wo eine pr\u00e4zise und zuverl\u00e4ssige Stromversorgung unerl\u00e4sslich ist.<\/p>","protected":false},"excerpt":{"rendered":"<p>Ultrakompakte AC\/DC-Stromversorgung 6kVA 3P3W 400V<\/p>","protected":false},"featured_media":7729,"comment_status":"closed","ping_status":"closed","template":"","meta":{"_acf_changed":false,"slim_seo":{"title":"PCR6000WEA2R 3P3W 400V - YOTAVIS AG","description":"Ultrakompakte AC\/DC-Stromversorgung 6kVA 3P3W 400V"}},"product_brand":[551],"product_cat":[625,515],"product_tag":[],"class_list":{"0":"post-6626","1":"product","2":"type-product","3":"status-publish","4":"has-post-thumbnail","6":"product_brand-kikusui","7":"product_cat-ac-dc-source-en","8":"product_cat-power-en","9":"pa_current-a-406","10":"pa_max-frequency-hz-1022","11":"pa_output-number-146","12":"pa_power-w-626","13":"pa_remote-control-yes","14":"pa_voltage-v-575","16":"first","17":"instock","18":"taxable","19":"shipping-taxable","20":"purchasable","21":"product-type-simple"},"acf":[],"_links":{"self":[{"href":"https:\/\/yotavis.ch\/de\/wp-json\/wp\/v2\/product\/6626","targetHints":{"allow":["GET"]}}],"collection":[{"href":"https:\/\/yotavis.ch\/de\/wp-json\/wp\/v2\/product"}],"about":[{"href":"https:\/\/yotavis.ch\/de\/wp-json\/wp\/v2\/types\/product"}],"replies":[{"embeddable":true,"href":"https:\/\/yotavis.ch\/de\/wp-json\/wp\/v2\/comments?post=6626"}],"wp:featuredmedia":[{"embeddable":true,"href":"https:\/\/yotavis.ch\/de\/wp-json\/wp\/v2\/media\/7729"}],"wp:attachment":[{"href":"https:\/\/yotavis.ch\/de\/wp-json\/wp\/v2\/media?parent=6626"}],"wp:term":[{"taxonomy":"product_brand","embeddable":true,"href":"https:\/\/yotavis.ch\/de\/wp-json\/wp\/v2\/product_brand?post=6626"},{"taxonomy":"product_cat","embeddable":true,"href":"https:\/\/yotavis.ch\/de\/wp-json\/wp\/v2\/product_cat?post=6626"},{"taxonomy":"product_tag","embeddable":true,"href":"https:\/\/yotavis.ch\/de\/wp-json\/wp\/v2\/product_tag?post=6626"}],"curies":[{"name":"wp","href":"https:\/\/api.w.org\/{rel}","templated":true}]}}