{"id":6628,"date":"2025-10-09T00:00:00","date_gmt":"2025-10-08T22:00:00","guid":{"rendered":"https:\/\/yotavis.ch\/product\/pcr12000wea2r-3p3w-200v\/"},"modified":"2026-04-24T13:34:23","modified_gmt":"2026-04-24T11:34:23","slug":"pcr12000wea2r-3p3w-200v","status":"publish","type":"product","link":"https:\/\/yotavis.ch\/de\/produkt\/pcr12000wea2r-3p3w-200v\/","title":{"rendered":"PCR12000WEA2R 3P3W 200V"},"content":{"rendered":"<p>Das PCR12000WEA2R 3P3W 200V ist ein ultrakompaktes AC\/DC-Netzteil mit einer Nennleistung von 12.000 Watt. Es arbeitet mit einer Spannung von 320 Volt und kann einen Strom von bis zu 120 Ampere liefern. Dieses Modell verf\u00fcgt \u00fcber einen einzigen Ausgang und unterst\u00fctzt die Fernbedienungsfunktion, die eine bequeme Bedienung aus der Ferne erm\u00f6glicht. Die maximale Frequenz betr\u00e4gt 5.000 Hz und eignet sich damit f\u00fcr Anwendungen, die eine Hochfrequenz-Stromversorgung erfordern. Das von Kikusui hergestellte Netzger\u00e4t ist f\u00fcr dreiphasige Dreileitersysteme (3P3W) mit einer Spannung von 200 Volt ausgelegt. Dank seiner kompakten Bauweise findet es auch auf kleinstem Raum Platz und bietet gleichzeitig eine robuste Ausgangsleistung. Dank der Kombination aus hoher Leistung, Spannung und Stromst\u00e4rke eignet sich das Ger\u00e4t f\u00fcr anspruchsvolle Industrie- und Laborumgebungen, in denen eine pr\u00e4zise und zuverl\u00e4ssige Stromversorgung unerl\u00e4sslich ist.<\/p>","protected":false},"excerpt":{"rendered":"<p>Ultrakompakte AC\/DC-Stromversorgung 12kVA 3P3W 200V<\/p>","protected":false},"featured_media":7726,"comment_status":"closed","ping_status":"closed","template":"","meta":{"_acf_changed":false,"slim_seo":{"title":"PCR12000WEA2R 3P3W 200V - YOTAVIS AG","description":"Ultrakompakte AC\/DC-Stromversorgung 12kVA 3P3W 200V"}},"product_brand":[551],"product_cat":[625,515],"product_tag":[],"class_list":{"0":"post-6628","1":"product","2":"type-product","3":"status-publish","4":"has-post-thumbnail","6":"product_brand-kikusui","7":"product_cat-ac-dc-source-en","8":"product_cat-power-en","9":"pa_current-a-559","10":"pa_max-frequency-hz-1022","11":"pa_output-number-146","12":"pa_power-w-628","13":"pa_remote-control-yes","14":"pa_voltage-v-575","16":"first","17":"instock","18":"taxable","19":"shipping-taxable","20":"purchasable","21":"product-type-simple"},"acf":[],"_links":{"self":[{"href":"https:\/\/yotavis.ch\/de\/wp-json\/wp\/v2\/product\/6628","targetHints":{"allow":["GET"]}}],"collection":[{"href":"https:\/\/yotavis.ch\/de\/wp-json\/wp\/v2\/product"}],"about":[{"href":"https:\/\/yotavis.ch\/de\/wp-json\/wp\/v2\/types\/product"}],"replies":[{"embeddable":true,"href":"https:\/\/yotavis.ch\/de\/wp-json\/wp\/v2\/comments?post=6628"}],"wp:featuredmedia":[{"embeddable":true,"href":"https:\/\/yotavis.ch\/de\/wp-json\/wp\/v2\/media\/7726"}],"wp:attachment":[{"href":"https:\/\/yotavis.ch\/de\/wp-json\/wp\/v2\/media?parent=6628"}],"wp:term":[{"taxonomy":"product_brand","embeddable":true,"href":"https:\/\/yotavis.ch\/de\/wp-json\/wp\/v2\/product_brand?post=6628"},{"taxonomy":"product_cat","embeddable":true,"href":"https:\/\/yotavis.ch\/de\/wp-json\/wp\/v2\/product_cat?post=6628"},{"taxonomy":"product_tag","embeddable":true,"href":"https:\/\/yotavis.ch\/de\/wp-json\/wp\/v2\/product_tag?post=6628"}],"curies":[{"name":"wp","href":"https:\/\/api.w.org\/{rel}","templated":true}]}}