{"id":6629,"date":"2025-10-09T00:00:00","date_gmt":"2025-10-08T22:00:00","guid":{"rendered":"https:\/\/yotavis.ch\/product\/pcr12000wea2r-3p3w-200v-500hz-lmt\/"},"modified":"2026-04-24T13:34:24","modified_gmt":"2026-04-24T11:34:24","slug":"pcr12000wea2r-3p3w-200v-500hz-lmt","status":"publish","type":"product","link":"https:\/\/yotavis.ch\/de\/produkt\/pcr12000wea2r-3p3w-200v-500hz-lmt\/","title":{"rendered":"PCR12000WEA2R 3P3W 200V (500Hz LMT)"},"content":{"rendered":"<p>Das Kikusui PCR12000WEA2R ist ein ultrakompaktes AC\/DC-Netzteil mit einer Leistung von 12.000 Watt. Es arbeitet mit einer Spannung von 320 Volt und kann einen Strom von bis zu 120 Ampere liefern. Dieses Modell verf\u00fcgt \u00fcber einen einzigen Ausgang und unterst\u00fctzt die Fernbedienungsfunktion, was eine bequeme Bedienung erm\u00f6glicht. Es ist f\u00fcr eine dreiphasige Dreileiterkonfiguration (3P3W) mit 200 Volt ausgelegt und kann Frequenzen bis zu 500 Hz verarbeiten. Das Netzger\u00e4t eignet sich f\u00fcr Anwendungen, die eine hohe Leistung und eine pr\u00e4zise Steuerung innerhalb dieser elektrischen Parameter erfordern. Dank seiner kompakten Bauweise l\u00e4sst es sich an verschiedene Aufbauten anpassen, bei denen Platzersparnis wichtig ist. Das Ger\u00e4t ist so konzipiert, dass es auch in anspruchsvollen Umgebungen zuverl\u00e4ssig Strom liefert.<\/p>","protected":false},"excerpt":{"rendered":"<p>Ultrakompakte AC\/DC-Stromversorgung 12kVA 3P3W 200V<\/p>","protected":false},"featured_media":7726,"comment_status":"closed","ping_status":"closed","template":"","meta":{"_acf_changed":false,"slim_seo":{"title":"PCR12000WEA2R 3P3W 200V (500Hz LMT) - YOTAVIS AG","description":"Ultrakompakte AC\/DC-Stromversorgung 12kVA 3P3W 200V"}},"product_brand":[551],"product_cat":[625,515],"product_tag":[],"class_list":{"0":"post-6629","1":"product","2":"type-product","3":"status-publish","4":"has-post-thumbnail","6":"product_brand-kikusui","7":"product_cat-ac-dc-source-en","8":"product_cat-power-en","9":"pa_current-a-559","10":"pa_max-frequency-hz-1020","11":"pa_output-number-146","12":"pa_power-w-628","13":"pa_remote-control-yes","14":"pa_voltage-v-575","16":"first","17":"instock","18":"taxable","19":"shipping-taxable","20":"purchasable","21":"product-type-simple"},"acf":[],"_links":{"self":[{"href":"https:\/\/yotavis.ch\/de\/wp-json\/wp\/v2\/product\/6629","targetHints":{"allow":["GET"]}}],"collection":[{"href":"https:\/\/yotavis.ch\/de\/wp-json\/wp\/v2\/product"}],"about":[{"href":"https:\/\/yotavis.ch\/de\/wp-json\/wp\/v2\/types\/product"}],"replies":[{"embeddable":true,"href":"https:\/\/yotavis.ch\/de\/wp-json\/wp\/v2\/comments?post=6629"}],"wp:featuredmedia":[{"embeddable":true,"href":"https:\/\/yotavis.ch\/de\/wp-json\/wp\/v2\/media\/7726"}],"wp:attachment":[{"href":"https:\/\/yotavis.ch\/de\/wp-json\/wp\/v2\/media?parent=6629"}],"wp:term":[{"taxonomy":"product_brand","embeddable":true,"href":"https:\/\/yotavis.ch\/de\/wp-json\/wp\/v2\/product_brand?post=6629"},{"taxonomy":"product_cat","embeddable":true,"href":"https:\/\/yotavis.ch\/de\/wp-json\/wp\/v2\/product_cat?post=6629"},{"taxonomy":"product_tag","embeddable":true,"href":"https:\/\/yotavis.ch\/de\/wp-json\/wp\/v2\/product_tag?post=6629"}],"curies":[{"name":"wp","href":"https:\/\/api.w.org\/{rel}","templated":true}]}}