{"id":6634,"date":"2025-10-09T00:00:00","date_gmt":"2025-10-08T22:00:00","guid":{"rendered":"https:\/\/yotavis.ch\/product\/pcr18000wea2r-3p3w-200v\/"},"modified":"2026-04-24T13:34:26","modified_gmt":"2026-04-24T11:34:26","slug":"pcr18000wea2r-3p3w-200v","status":"publish","type":"product","link":"https:\/\/yotavis.ch\/de\/produkt\/pcr18000wea2r-3p3w-200v\/","title":{"rendered":"PCR18000WEA2R 3P3W 200V"},"content":{"rendered":"<p>Das PCR18000WEA2R 3P3W 200V ist ein ultrakompaktes AC\/DC-Netzteil mit einer Leistung von 18kVA. Es arbeitet mit einer Spannung von 320 V und kann einen Strom von bis zu 180 A liefern. Dieses Modell verf\u00fcgt \u00fcber einen einzigen Ausgang und unterst\u00fctzt die Fernbedienungsfunktion, die eine bequeme Bedienung aus der Ferne erm\u00f6glicht. Das Netzteil ist f\u00fcr Frequenzen bis maximal 5000 Hz ausgelegt. Das von Kikusui hergestellte Ger\u00e4t bietet eine zuverl\u00e4ssige und effiziente Stromversorgung in einem kompakten Formfaktor. Das Ger\u00e4t eignet sich f\u00fcr Anwendungen, die eine pr\u00e4zise Steuerung von Spannung und Strom innerhalb der vorgegebenen Parameter erfordern. Seine dreiphasige Dreileiterkonfiguration unterst\u00fctzt eine stabile Ausgangsleistung von 200 V.<\/p>","protected":false},"excerpt":{"rendered":"<p>Ultrakompakte AC\/DC-Stromversorgung 18kVA 3P3W 200V<\/p>","protected":false},"featured_media":7725,"comment_status":"closed","ping_status":"closed","template":"","meta":{"_acf_changed":false,"slim_seo":{"title":"PCR18000WEA2R 3P3W 200V - YOTAVIS AG","description":"Ultrakompakte AC\/DC-Stromversorgung 18kVA 3P3W 200V"}},"product_brand":[551],"product_cat":[625,515],"product_tag":[],"class_list":{"0":"post-6634","1":"product","2":"type-product","3":"status-publish","4":"has-post-thumbnail","6":"product_brand-kikusui","7":"product_cat-ac-dc-source-en","8":"product_cat-power-en","9":"pa_current-a-622","10":"pa_max-frequency-hz-1022","11":"pa_output-number-146","12":"pa_power-w-629","13":"pa_remote-control-yes","14":"pa_voltage-v-575","16":"first","17":"instock","18":"taxable","19":"shipping-taxable","20":"purchasable","21":"product-type-simple"},"acf":[],"_links":{"self":[{"href":"https:\/\/yotavis.ch\/de\/wp-json\/wp\/v2\/product\/6634","targetHints":{"allow":["GET"]}}],"collection":[{"href":"https:\/\/yotavis.ch\/de\/wp-json\/wp\/v2\/product"}],"about":[{"href":"https:\/\/yotavis.ch\/de\/wp-json\/wp\/v2\/types\/product"}],"replies":[{"embeddable":true,"href":"https:\/\/yotavis.ch\/de\/wp-json\/wp\/v2\/comments?post=6634"}],"wp:featuredmedia":[{"embeddable":true,"href":"https:\/\/yotavis.ch\/de\/wp-json\/wp\/v2\/media\/7725"}],"wp:attachment":[{"href":"https:\/\/yotavis.ch\/de\/wp-json\/wp\/v2\/media?parent=6634"}],"wp:term":[{"taxonomy":"product_brand","embeddable":true,"href":"https:\/\/yotavis.ch\/de\/wp-json\/wp\/v2\/product_brand?post=6634"},{"taxonomy":"product_cat","embeddable":true,"href":"https:\/\/yotavis.ch\/de\/wp-json\/wp\/v2\/product_cat?post=6634"},{"taxonomy":"product_tag","embeddable":true,"href":"https:\/\/yotavis.ch\/de\/wp-json\/wp\/v2\/product_tag?post=6634"}],"curies":[{"name":"wp","href":"https:\/\/api.w.org\/{rel}","templated":true}]}}