{"id":6636,"date":"2025-10-09T00:00:00","date_gmt":"2025-10-08T22:00:00","guid":{"rendered":"https:\/\/yotavis.ch\/product\/pcr18000wea2-3p4w-400v\/"},"modified":"2026-04-24T13:34:27","modified_gmt":"2026-04-24T11:34:27","slug":"pcr18000wea2-3p4w-400v","status":"publish","type":"product","link":"https:\/\/yotavis.ch\/de\/produkt\/pcr18000wea2-3p4w-400v\/","title":{"rendered":"PCR18000WEA2 3P4W 400V"},"content":{"rendered":"<p>Das Kikusui PCR18000WEA2 ist ein ultrakompaktes AC\/DC-Netzteil mit einer Ausgangsleistung von 18.000 Watt. Es arbeitet mit einem 3-phasigen, 4-adrigen 400-Volt-System und liefert eine Spannung von 320 Volt bei einem Strom von 180 Ampere. Dieses Modell verf\u00fcgt \u00fcber einen einzigen Ausgang und unterst\u00fctzt die Fernbedienungsfunktion, die eine bequeme Bedienung aus der Ferne erm\u00f6glicht. Das Netzger\u00e4t kann Frequenzen bis zu 5000 Hz verarbeiten und eignet sich daher f\u00fcr Anwendungen, die eine Hochfrequenzstromversorgung erfordern. Das Design betont die Kompaktheit bei gleichzeitiger Beibehaltung robuster Leistungsparameter. Die Kombination aus hohen Leistungs-, Spannungs- und Stromwerten gew\u00e4hrleistet, dass das Ger\u00e4t auch anspruchsvolle industrielle oder labortechnische Anforderungen erf\u00fcllen kann. Dieses Ger\u00e4t wurde entwickelt, um eine zuverl\u00e4ssige und pr\u00e4zise Leistungsabgabe in einem kompakten Formfaktor zu gew\u00e4hrleisten.<\/p>","protected":false},"excerpt":{"rendered":"<p>Ultrakompakte AC\/DC-Stromversorgung 18kVA 3P4W 400V<\/p>","protected":false},"featured_media":7725,"comment_status":"closed","ping_status":"closed","template":"","meta":{"_acf_changed":false,"slim_seo":{"title":"PCR18000WEA2 3P4W 400V - YOTAVIS AG","description":"Ultrakompakte AC\/DC-Stromversorgung 18kVA 3P4W 400V"}},"product_brand":[551],"product_cat":[625,515],"product_tag":[],"class_list":{"0":"post-6636","1":"product","2":"type-product","3":"status-publish","4":"has-post-thumbnail","6":"product_brand-kikusui","7":"product_cat-ac-dc-source-en","8":"product_cat-power-en","9":"pa_current-a-622","10":"pa_max-frequency-hz-1022","11":"pa_output-number-146","12":"pa_power-w-629","13":"pa_remote-control-yes","14":"pa_voltage-v-575","16":"first","17":"instock","18":"taxable","19":"shipping-taxable","20":"purchasable","21":"product-type-simple"},"acf":[],"_links":{"self":[{"href":"https:\/\/yotavis.ch\/de\/wp-json\/wp\/v2\/product\/6636","targetHints":{"allow":["GET"]}}],"collection":[{"href":"https:\/\/yotavis.ch\/de\/wp-json\/wp\/v2\/product"}],"about":[{"href":"https:\/\/yotavis.ch\/de\/wp-json\/wp\/v2\/types\/product"}],"replies":[{"embeddable":true,"href":"https:\/\/yotavis.ch\/de\/wp-json\/wp\/v2\/comments?post=6636"}],"wp:featuredmedia":[{"embeddable":true,"href":"https:\/\/yotavis.ch\/de\/wp-json\/wp\/v2\/media\/7725"}],"wp:attachment":[{"href":"https:\/\/yotavis.ch\/de\/wp-json\/wp\/v2\/media?parent=6636"}],"wp:term":[{"taxonomy":"product_brand","embeddable":true,"href":"https:\/\/yotavis.ch\/de\/wp-json\/wp\/v2\/product_brand?post=6636"},{"taxonomy":"product_cat","embeddable":true,"href":"https:\/\/yotavis.ch\/de\/wp-json\/wp\/v2\/product_cat?post=6636"},{"taxonomy":"product_tag","embeddable":true,"href":"https:\/\/yotavis.ch\/de\/wp-json\/wp\/v2\/product_tag?post=6636"}],"curies":[{"name":"wp","href":"https:\/\/api.w.org\/{rel}","templated":true}]}}