{"id":6638,"date":"2025-10-09T00:00:00","date_gmt":"2025-10-08T22:00:00","guid":{"rendered":"https:\/\/yotavis.ch\/product\/pcr18000wea2r-3p3w-400v\/"},"modified":"2026-04-24T13:34:27","modified_gmt":"2026-04-24T11:34:27","slug":"pcr18000wea2r-3p3w-400v","status":"publish","type":"product","link":"https:\/\/yotavis.ch\/de\/produkt\/pcr18000wea2r-3p3w-400v\/","title":{"rendered":"PCR18000WEA2R 3P3W 400V"},"content":{"rendered":"<p>Das PCR18000WEA2R 3P3W 400V ist ein ultrakompaktes AC\/DC-Netzteil mit einer Nennleistung von 18kVA. Es arbeitet mit einer Spannung von 320V und liefert einen Strom von 180A. Dieses Modell verf\u00fcgt \u00fcber eine einzige Ausgangsnummer und unterst\u00fctzt Fernsteuerungsfunktionen. Die maximale Frequenz betr\u00e4gt 5000 Hz. Dieses von Kikusui hergestellte Netzteil ist f\u00fcr dreiphasige, dreidrahtige (3P3W) 400-V-Systeme ausgelegt. Sein kompaktes Design erm\u00f6glicht eine effiziente Integration in verschiedene elektrische Anlagen bei gleichbleibend hoher Leistung. Das Ger\u00e4t eignet sich f\u00fcr Anwendungen, die eine pr\u00e4zise Leistungsabgabe und Steuerung bei hohen Frequenzen erfordern.<\/p>","protected":false},"excerpt":{"rendered":"<p>Ultrakompakte AC\/DC-Stromversorgung 18kVA 3P3W 400V<\/p>","protected":false},"featured_media":7725,"comment_status":"closed","ping_status":"closed","template":"","meta":{"_acf_changed":false,"slim_seo":{"title":"PCR18000WEA2R 3P3W 400V - YOTAVIS AG","description":"Ultrakompakte AC\/DC-Stromversorgung 18kVA 3P3W 400V"}},"product_brand":[551],"product_cat":[625,515],"product_tag":[],"class_list":{"0":"post-6638","1":"product","2":"type-product","3":"status-publish","4":"has-post-thumbnail","6":"product_brand-kikusui","7":"product_cat-ac-dc-source-en","8":"product_cat-power-en","9":"pa_current-a-622","10":"pa_max-frequency-hz-1022","11":"pa_output-number-146","12":"pa_power-w-629","13":"pa_remote-control-yes","14":"pa_voltage-v-575","16":"first","17":"instock","18":"taxable","19":"shipping-taxable","20":"purchasable","21":"product-type-simple"},"acf":[],"_links":{"self":[{"href":"https:\/\/yotavis.ch\/de\/wp-json\/wp\/v2\/product\/6638","targetHints":{"allow":["GET"]}}],"collection":[{"href":"https:\/\/yotavis.ch\/de\/wp-json\/wp\/v2\/product"}],"about":[{"href":"https:\/\/yotavis.ch\/de\/wp-json\/wp\/v2\/types\/product"}],"replies":[{"embeddable":true,"href":"https:\/\/yotavis.ch\/de\/wp-json\/wp\/v2\/comments?post=6638"}],"wp:featuredmedia":[{"embeddable":true,"href":"https:\/\/yotavis.ch\/de\/wp-json\/wp\/v2\/media\/7725"}],"wp:attachment":[{"href":"https:\/\/yotavis.ch\/de\/wp-json\/wp\/v2\/media?parent=6638"}],"wp:term":[{"taxonomy":"product_brand","embeddable":true,"href":"https:\/\/yotavis.ch\/de\/wp-json\/wp\/v2\/product_brand?post=6638"},{"taxonomy":"product_cat","embeddable":true,"href":"https:\/\/yotavis.ch\/de\/wp-json\/wp\/v2\/product_cat?post=6638"},{"taxonomy":"product_tag","embeddable":true,"href":"https:\/\/yotavis.ch\/de\/wp-json\/wp\/v2\/product_tag?post=6638"}],"curies":[{"name":"wp","href":"https:\/\/api.w.org\/{rel}","templated":true}]}}