{"id":6643,"date":"2025-10-09T00:00:00","date_gmt":"2025-10-08T22:00:00","guid":{"rendered":"https:\/\/yotavis.ch\/product\/pcr24000wea2-3p4w-400v-500hz-lmt\/"},"modified":"2026-04-24T13:34:31","modified_gmt":"2026-04-24T11:34:31","slug":"pcr24000wea2-3p4w-400v-500hz-lmt","status":"publish","type":"product","link":"https:\/\/yotavis.ch\/de\/produkt\/pcr24000wea2-3p4w-400v-500hz-lmt\/","title":{"rendered":"PCR24000WEA2 3P4W 400V (500Hz LMT)"},"content":{"rendered":"<p>Das Kikusui PCR24000WEA2 ist ein ultrakompaktes AC\/DC-Netzteil mit einer Ausgangsleistung von 24 kVA. Es arbeitet mit einem 3-phasigen, 4-Leiter 400V System und unterst\u00fctzt eine maximale Frequenz von 500Hz. Das Ger\u00e4t liefert eine Spannung von 320 V und einen Strom von 240 A \u00fcber einen einzigen Ausgangskanal. Es verf\u00fcgt \u00fcber eine Fernsteuerungsfunktion, die eine bequeme Bedienung und Integration in verschiedene Anlagen erm\u00f6glicht. Dieses Netzteil ist f\u00fcr hohe Leistungsanforderungen ausgelegt und eignet sich f\u00fcr Anwendungen, die eine stabile und zuverl\u00e4ssige AC\/DC-Leistungsumwandlung erfordern. Sein kompaktes Design erleichtert die Installation in Umgebungen, in denen der Platz begrenzt ist. Die Kombination aus hoher Ausgangsleistung und Fernsteuerungsfunktionalit\u00e4t macht es zu einer vielseitigen Komponente f\u00fcr Industrie- und Pr\u00fcfanwendungen.<\/p>","protected":false},"excerpt":{"rendered":"<p>Ultrakompakte AC\/DC-Stromversorgung 24kVA 3P4W 400V<\/p>","protected":false},"featured_media":7725,"comment_status":"closed","ping_status":"closed","template":"","meta":{"_acf_changed":false,"slim_seo":{"title":"PCR24000WEA2 3P4W 400V (500Hz LMT) - YOTAVIS AG","description":"Ultrakompakte AC\/DC-Stromversorgung 24kVA 3P4W 400V"}},"product_brand":[551],"product_cat":[625,515],"product_tag":[],"class_list":{"0":"post-6643","1":"product","2":"type-product","3":"status-publish","4":"has-post-thumbnail","6":"product_brand-kikusui","7":"product_cat-ac-dc-source-en","8":"product_cat-power-en","9":"pa_current-a-634","10":"pa_max-frequency-hz-1020","11":"pa_output-number-146","12":"pa_power-w-633","13":"pa_remote-control-yes","14":"pa_voltage-v-575","16":"first","17":"instock","18":"taxable","19":"shipping-taxable","20":"product-type-simple"},"acf":[],"_links":{"self":[{"href":"https:\/\/yotavis.ch\/de\/wp-json\/wp\/v2\/product\/6643","targetHints":{"allow":["GET"]}}],"collection":[{"href":"https:\/\/yotavis.ch\/de\/wp-json\/wp\/v2\/product"}],"about":[{"href":"https:\/\/yotavis.ch\/de\/wp-json\/wp\/v2\/types\/product"}],"replies":[{"embeddable":true,"href":"https:\/\/yotavis.ch\/de\/wp-json\/wp\/v2\/comments?post=6643"}],"wp:featuredmedia":[{"embeddable":true,"href":"https:\/\/yotavis.ch\/de\/wp-json\/wp\/v2\/media\/7725"}],"wp:attachment":[{"href":"https:\/\/yotavis.ch\/de\/wp-json\/wp\/v2\/media?parent=6643"}],"wp:term":[{"taxonomy":"product_brand","embeddable":true,"href":"https:\/\/yotavis.ch\/de\/wp-json\/wp\/v2\/product_brand?post=6643"},{"taxonomy":"product_cat","embeddable":true,"href":"https:\/\/yotavis.ch\/de\/wp-json\/wp\/v2\/product_cat?post=6643"},{"taxonomy":"product_tag","embeddable":true,"href":"https:\/\/yotavis.ch\/de\/wp-json\/wp\/v2\/product_tag?post=6643"}],"curies":[{"name":"wp","href":"https:\/\/api.w.org\/{rel}","templated":true}]}}