{"id":6645,"date":"2025-10-09T00:00:00","date_gmt":"2025-10-08T22:00:00","guid":{"rendered":"https:\/\/yotavis.ch\/product\/pcr24000wea2r-3p3w-400v-500hz-lmt\/"},"modified":"2026-04-24T13:34:32","modified_gmt":"2026-04-24T11:34:32","slug":"pcr24000wea2r-3p3w-400v-500hz-lmt","status":"publish","type":"product","link":"https:\/\/yotavis.ch\/de\/produkt\/pcr24000wea2r-3p3w-400v-500hz-lmt\/","title":{"rendered":"PCR24000WEA2R 3P3W 400V (500Hz LMT)"},"content":{"rendered":"<p>Das Kikusui PCR24000WEA2R ist ein ultrakompaktes AC\/DC-Netzteil mit einer Ausgangsleistung von 24.000 Watt. Es arbeitet mit einer Spannung von 320 Volt und liefert einen Strom von 240 Ampere. Dieses Modell verf\u00fcgt \u00fcber einen einzigen Ausgang und unterst\u00fctzt eine maximale Frequenz von 500 Hz. Es ist f\u00fcr dreiphasige Dreileitersysteme (3P3W) mit 400 Volt ausgelegt und verf\u00fcgt \u00fcber eine Fernbedienungsfunktion f\u00fcr einen bequemen Betrieb. Das Netzger\u00e4t ist f\u00fcr hohe Leistungsanforderungen ausgelegt und hat einen kompakten Formfaktor. Aufgrund seiner Spezifikationen eignet es sich f\u00fcr Anwendungen, die eine stabile und zuverl\u00e4ssige Stromversorgung bei hohen Frequenzen erfordern.<\/p>","protected":false},"excerpt":{"rendered":"<p>Ultrakompakte AC\/DC-Stromversorgung 24kVA 3P3W 400V<\/p>","protected":false},"featured_media":7725,"comment_status":"closed","ping_status":"closed","template":"","meta":{"_acf_changed":false,"slim_seo":{"title":"PCR24000WEA2R 3P3W 400V (500Hz LMT) - YOTAVIS AG","description":"Ultrakompakte AC\/DC-Stromversorgung 24kVA 3P3W 400V"}},"product_brand":[551],"product_cat":[625,515],"product_tag":[],"class_list":{"0":"post-6645","1":"product","2":"type-product","3":"status-publish","4":"has-post-thumbnail","6":"product_brand-kikusui","7":"product_cat-ac-dc-source-en","8":"product_cat-power-en","9":"pa_current-a-634","10":"pa_max-frequency-hz-1020","11":"pa_output-number-146","12":"pa_power-w-633","13":"pa_remote-control-yes","14":"pa_voltage-v-575","16":"first","17":"instock","18":"taxable","19":"shipping-taxable","20":"product-type-simple"},"acf":[],"_links":{"self":[{"href":"https:\/\/yotavis.ch\/de\/wp-json\/wp\/v2\/product\/6645","targetHints":{"allow":["GET"]}}],"collection":[{"href":"https:\/\/yotavis.ch\/de\/wp-json\/wp\/v2\/product"}],"about":[{"href":"https:\/\/yotavis.ch\/de\/wp-json\/wp\/v2\/types\/product"}],"replies":[{"embeddable":true,"href":"https:\/\/yotavis.ch\/de\/wp-json\/wp\/v2\/comments?post=6645"}],"wp:featuredmedia":[{"embeddable":true,"href":"https:\/\/yotavis.ch\/de\/wp-json\/wp\/v2\/media\/7725"}],"wp:attachment":[{"href":"https:\/\/yotavis.ch\/de\/wp-json\/wp\/v2\/media?parent=6645"}],"wp:term":[{"taxonomy":"product_brand","embeddable":true,"href":"https:\/\/yotavis.ch\/de\/wp-json\/wp\/v2\/product_brand?post=6645"},{"taxonomy":"product_cat","embeddable":true,"href":"https:\/\/yotavis.ch\/de\/wp-json\/wp\/v2\/product_cat?post=6645"},{"taxonomy":"product_tag","embeddable":true,"href":"https:\/\/yotavis.ch\/de\/wp-json\/wp\/v2\/product_tag?post=6645"}],"curies":[{"name":"wp","href":"https:\/\/api.w.org\/{rel}","templated":true}]}}