{"id":6647,"date":"2025-10-09T00:00:00","date_gmt":"2025-10-08T22:00:00","guid":{"rendered":"https:\/\/yotavis.ch\/product\/pcr30000wea2r-3p3w-200v-500hz-lmt\/"},"modified":"2026-04-24T13:34:33","modified_gmt":"2026-04-24T11:34:33","slug":"pcr30000wea2r-3p3w-200v-500hz-lmt","status":"publish","type":"product","link":"https:\/\/yotavis.ch\/de\/produkt\/pcr30000wea2r-3p3w-200v-500hz-lmt\/","title":{"rendered":"PCR30000WEA2R 3P3W 200V (500Hz LMT)"},"content":{"rendered":"<p>Das Kikusui PCR30000WEA2R ist ein ultrakompaktes AC\/DC-Netzteil mit einer Ausgangsleistung von 30 kVA. Es arbeitet mit einer Spannung von 320 V und einer Stromst\u00e4rke von 300 A und ist damit f\u00fcr Anwendungen mit hohem Bedarf geeignet. Dieses Modell verf\u00fcgt \u00fcber einen einzigen Ausgangskanal und unterst\u00fctzt die Fernsteuerungsfunktionalit\u00e4t, was einen bequemen Betrieb und die Integration in automatisierte Systeme erm\u00f6glicht. Das Netzger\u00e4t kann mit einer maximalen Frequenz von 500 Hz betrieben werden, was seine Einsatzm\u00f6glichkeiten in verschiedenen Pr\u00fcf- und Industrieumgebungen erweitert. Die dreiphasige Dreileiterkonfiguration (3P3W) ist f\u00fcr 200-V-Systeme optimiert und gew\u00e4hrleistet die Kompatibilit\u00e4t mit spezifischen Leistungsanforderungen. Das kompakte Design des PCR30000WEA2R erleichtert die Installation in r\u00e4umlich begrenzten Umgebungen, ohne die Leistung zu beeintr\u00e4chtigen. Dieses Ger\u00e4t ist so konzipiert, dass es \u00fcber den gesamten spezifizierten Spannungs- und Strombereich eine zuverl\u00e4ssige und stabile Stromversorgung bietet.<\/p>","protected":false},"excerpt":{"rendered":"<p>Ultrakompakte AC\/DC-Stromversorgung 30kVA 3P3W 200V<\/p>","protected":false},"featured_media":7723,"comment_status":"closed","ping_status":"closed","template":"","meta":{"_acf_changed":false,"slim_seo":{"title":"PCR30000WEA2R 3P3W 200V (500Hz LMT) - YOTAVIS AG","description":"Ultrakompakte AC\/DC-Stromversorgung 30kVA 3P3W 200V"}},"product_brand":[551],"product_cat":[625,515],"product_tag":[],"class_list":{"0":"post-6647","1":"product","2":"type-product","3":"status-publish","4":"has-post-thumbnail","6":"product_brand-kikusui","7":"product_cat-ac-dc-source-en","8":"product_cat-power-en","9":"pa_current-a-636","10":"pa_max-frequency-hz-1020","11":"pa_output-number-146","12":"pa_power-w-635","13":"pa_remote-control-yes","14":"pa_voltage-v-575","16":"first","17":"instock","18":"taxable","19":"shipping-taxable","20":"product-type-simple"},"acf":[],"_links":{"self":[{"href":"https:\/\/yotavis.ch\/de\/wp-json\/wp\/v2\/product\/6647","targetHints":{"allow":["GET"]}}],"collection":[{"href":"https:\/\/yotavis.ch\/de\/wp-json\/wp\/v2\/product"}],"about":[{"href":"https:\/\/yotavis.ch\/de\/wp-json\/wp\/v2\/types\/product"}],"replies":[{"embeddable":true,"href":"https:\/\/yotavis.ch\/de\/wp-json\/wp\/v2\/comments?post=6647"}],"wp:featuredmedia":[{"embeddable":true,"href":"https:\/\/yotavis.ch\/de\/wp-json\/wp\/v2\/media\/7723"}],"wp:attachment":[{"href":"https:\/\/yotavis.ch\/de\/wp-json\/wp\/v2\/media?parent=6647"}],"wp:term":[{"taxonomy":"product_brand","embeddable":true,"href":"https:\/\/yotavis.ch\/de\/wp-json\/wp\/v2\/product_brand?post=6647"},{"taxonomy":"product_cat","embeddable":true,"href":"https:\/\/yotavis.ch\/de\/wp-json\/wp\/v2\/product_cat?post=6647"},{"taxonomy":"product_tag","embeddable":true,"href":"https:\/\/yotavis.ch\/de\/wp-json\/wp\/v2\/product_tag?post=6647"}],"curies":[{"name":"wp","href":"https:\/\/api.w.org\/{rel}","templated":true}]}}