{"id":6650,"date":"2025-10-09T00:00:00","date_gmt":"2025-10-08T22:00:00","guid":{"rendered":"https:\/\/yotavis.ch\/product\/pcr30000wea2r-3p3w-400v\/"},"modified":"2026-04-24T13:34:34","modified_gmt":"2026-04-24T11:34:34","slug":"pcr30000wea2r-3p3w-400v","status":"publish","type":"product","link":"https:\/\/yotavis.ch\/de\/produkt\/pcr30000wea2r-3p3w-400v\/","title":{"rendered":"PCR30000WEA2R 3P3W 400V"},"content":{"rendered":"<p>Das PCR30000WEA2R 3P3W 400V ist ein ultrakompaktes AC\/DC-Netzteil mit einer Nennleistung von 30kVA. Es arbeitet mit einer Spannung von 320 Volt und liefert einen Strom von 300 Ampere. Dieses Modell verf\u00fcgt \u00fcber einen einzigen Ausgang und unterst\u00fctzt die Fernsteuerungsfunktion. Die maximale Frequenz, die es verarbeiten kann, betr\u00e4gt 5000 Hz. Das von Kikusui hergestellte Netzger\u00e4t ist f\u00fcr dreiphasige Dreileitersysteme (3P3W) mit 400 Volt ausgelegt. Sein kompaktes Design erm\u00f6glicht eine effiziente Integration in verschiedene elektrische Anlagen und bietet gleichzeitig eine hohe Ausgangsleistung und Steuerungsm\u00f6glichkeiten.<\/p>","protected":false},"excerpt":{"rendered":"<p>Ultrakompakte AC\/DC-Stromversorgung 30kVA 3P3W 400V<\/p>","protected":false},"featured_media":7723,"comment_status":"closed","ping_status":"closed","template":"","meta":{"_acf_changed":false,"slim_seo":{"title":"PCR30000WEA2R 3P3W 400V - YOTAVIS AG","description":"Ultrakompakte AC\/DC-Stromversorgung 30kVA 3P3W 400V"}},"product_brand":[551],"product_cat":[625,515],"product_tag":[],"class_list":{"0":"post-6650","1":"product","2":"type-product","3":"status-publish","4":"has-post-thumbnail","6":"product_brand-kikusui","7":"product_cat-ac-dc-source-en","8":"product_cat-power-en","9":"pa_current-a-636","10":"pa_max-frequency-hz-1022","11":"pa_output-number-146","12":"pa_power-w-635","13":"pa_remote-control-yes","14":"pa_voltage-v-575","16":"first","17":"instock","18":"taxable","19":"shipping-taxable","20":"product-type-simple"},"acf":[],"_links":{"self":[{"href":"https:\/\/yotavis.ch\/de\/wp-json\/wp\/v2\/product\/6650","targetHints":{"allow":["GET"]}}],"collection":[{"href":"https:\/\/yotavis.ch\/de\/wp-json\/wp\/v2\/product"}],"about":[{"href":"https:\/\/yotavis.ch\/de\/wp-json\/wp\/v2\/types\/product"}],"replies":[{"embeddable":true,"href":"https:\/\/yotavis.ch\/de\/wp-json\/wp\/v2\/comments?post=6650"}],"wp:featuredmedia":[{"embeddable":true,"href":"https:\/\/yotavis.ch\/de\/wp-json\/wp\/v2\/media\/7723"}],"wp:attachment":[{"href":"https:\/\/yotavis.ch\/de\/wp-json\/wp\/v2\/media?parent=6650"}],"wp:term":[{"taxonomy":"product_brand","embeddable":true,"href":"https:\/\/yotavis.ch\/de\/wp-json\/wp\/v2\/product_brand?post=6650"},{"taxonomy":"product_cat","embeddable":true,"href":"https:\/\/yotavis.ch\/de\/wp-json\/wp\/v2\/product_cat?post=6650"},{"taxonomy":"product_tag","embeddable":true,"href":"https:\/\/yotavis.ch\/de\/wp-json\/wp\/v2\/product_tag?post=6650"}],"curies":[{"name":"wp","href":"https:\/\/api.w.org\/{rel}","templated":true}]}}