{"id":6651,"date":"2025-10-09T00:00:00","date_gmt":"2025-10-08T22:00:00","guid":{"rendered":"https:\/\/yotavis.ch\/product\/pcr30000wea2r-3p3w-400v-500hz-lmt\/"},"modified":"2026-04-24T13:34:34","modified_gmt":"2026-04-24T11:34:34","slug":"pcr30000wea2r-3p3w-400v-500hz-lmt","status":"publish","type":"product","link":"https:\/\/yotavis.ch\/de\/produkt\/pcr30000wea2r-3p3w-400v-500hz-lmt\/","title":{"rendered":"PCR30000WEA2R 3P3W 400V (500Hz LMT)"},"content":{"rendered":"<p>Das PCR30000WEA2R 3P3W 400V (500Hz LMT) ist ein ultrakompaktes AC\/DC-Netzteil mit einer Leistung von 30kVA. Es arbeitet mit einer Spannung von 320 Volt und liefert einen Strom von 300 Ampere. Dieses Modell verf\u00fcgt \u00fcber einen einzigen Ausgang und unterst\u00fctzt die Fernsteuerungsfunktion. Es ist f\u00fcr eine maximale Frequenz von 500 Hz ausgelegt und eignet sich daher f\u00fcr Anwendungen, die eine Hochfrequenz-Stromversorgung erfordern. Das Netzger\u00e4t ist ein Markenprodukt von Kikusui, das f\u00fcr seine zuverl\u00e4ssigen elektrischen Ger\u00e4te bekannt ist. Seine dreiphasige Dreileiterkonfiguration ist f\u00fcr 400-V-Systeme optimiert. Die Kombination aus hoher Ausgangsleistung und kompaktem Design erm\u00f6glicht eine effiziente Integration in verschiedene elektrische Anlagen, ohne \u00fcberm\u00e4\u00dfig viel Platz zu beanspruchen.<\/p>","protected":false},"excerpt":{"rendered":"<p>Ultrakompakte AC\/DC-Stromversorgung 30kVA 3P3W 400V<\/p>","protected":false},"featured_media":7723,"comment_status":"closed","ping_status":"closed","template":"","meta":{"_acf_changed":false,"slim_seo":{"title":"PCR30000WEA2R 3P3W 400V (500Hz LMT) - YOTAVIS AG","description":"Ultrakompakte AC\/DC-Stromversorgung 30kVA 3P3W 400V"}},"product_brand":[551],"product_cat":[625,515],"product_tag":[],"class_list":{"0":"post-6651","1":"product","2":"type-product","3":"status-publish","4":"has-post-thumbnail","6":"product_brand-kikusui","7":"product_cat-ac-dc-source-en","8":"product_cat-power-en","9":"pa_current-a-636","10":"pa_max-frequency-hz-1020","11":"pa_output-number-146","12":"pa_power-w-635","13":"pa_remote-control-yes","14":"pa_voltage-v-575","16":"first","17":"instock","18":"taxable","19":"shipping-taxable","20":"product-type-simple"},"acf":[],"_links":{"self":[{"href":"https:\/\/yotavis.ch\/de\/wp-json\/wp\/v2\/product\/6651","targetHints":{"allow":["GET"]}}],"collection":[{"href":"https:\/\/yotavis.ch\/de\/wp-json\/wp\/v2\/product"}],"about":[{"href":"https:\/\/yotavis.ch\/de\/wp-json\/wp\/v2\/types\/product"}],"replies":[{"embeddable":true,"href":"https:\/\/yotavis.ch\/de\/wp-json\/wp\/v2\/comments?post=6651"}],"wp:featuredmedia":[{"embeddable":true,"href":"https:\/\/yotavis.ch\/de\/wp-json\/wp\/v2\/media\/7723"}],"wp:attachment":[{"href":"https:\/\/yotavis.ch\/de\/wp-json\/wp\/v2\/media?parent=6651"}],"wp:term":[{"taxonomy":"product_brand","embeddable":true,"href":"https:\/\/yotavis.ch\/de\/wp-json\/wp\/v2\/product_brand?post=6651"},{"taxonomy":"product_cat","embeddable":true,"href":"https:\/\/yotavis.ch\/de\/wp-json\/wp\/v2\/product_cat?post=6651"},{"taxonomy":"product_tag","embeddable":true,"href":"https:\/\/yotavis.ch\/de\/wp-json\/wp\/v2\/product_tag?post=6651"}],"curies":[{"name":"wp","href":"https:\/\/api.w.org\/{rel}","templated":true}]}}