{"id":6652,"date":"2025-10-09T00:00:00","date_gmt":"2025-10-08T22:00:00","guid":{"rendered":"https:\/\/yotavis.ch\/product\/pcr36000wea2r-3p3w-200v\/"},"modified":"2026-04-24T13:34:34","modified_gmt":"2026-04-24T11:34:34","slug":"pcr36000wea2r-3p3w-200v","status":"publish","type":"product","link":"https:\/\/yotavis.ch\/de\/produkt\/pcr36000wea2r-3p3w-200v\/","title":{"rendered":"PCR36000WEA2R 3P3W 200V"},"content":{"rendered":"<p>Das PCR36000WEA2R 3P3W 200V ist ein ultrakompaktes AC\/DC-Netzteil mit einer Nennleistung von 36.000 Watt. Es arbeitet mit einer Spannung von 320 Volt und kann einen Strom von bis zu 360 Ampere liefern. Dieses Modell verf\u00fcgt \u00fcber einen einzigen Ausgang und unterst\u00fctzt die Fernbedienungsfunktion, die eine bequeme Bedienung aus der Ferne erm\u00f6glicht. Das Netzteil ist f\u00fcr eine maximale Frequenz von 5.000 Hz ausgelegt und eignet sich damit f\u00fcr Anwendungen, die eine hochfrequente Stromversorgung erfordern. Das von Kikusui hergestellte Ger\u00e4t kombiniert eine hohe Leistungskapazit\u00e4t mit einem kompakten Formfaktor und ist f\u00fcr dreiphasige, dreiadrige (3P3W) 200-Volt-Systeme optimiert. Sein Design legt den Schwerpunkt auf Effizienz und Kontrolle und eignet sich f\u00fcr Umgebungen, in denen ein pr\u00e4zises Leistungsmanagement unerl\u00e4sslich ist.<\/p>","protected":false},"excerpt":{"rendered":"<p>Ultrakompakte AC\/DC-Stromversorgung 36kVA 3P3W 200V<\/p>","protected":false},"featured_media":7723,"comment_status":"closed","ping_status":"closed","template":"","meta":{"_acf_changed":false,"slim_seo":{"title":"PCR36000WEA2R 3P3W 200V - YOTAVIS AG","description":"Ultrakompakte AC\/DC-Stromversorgung 36kVA 3P3W 200V"}},"product_brand":[551],"product_cat":[625,515],"product_tag":[],"class_list":{"0":"post-6652","1":"product","2":"type-product","3":"status-publish","4":"has-post-thumbnail","6":"product_brand-kikusui","7":"product_cat-ac-dc-source-en","8":"product_cat-power-en","9":"pa_current-a-638","10":"pa_max-frequency-hz-1022","11":"pa_output-number-146","12":"pa_power-w-637","13":"pa_remote-control-yes","14":"pa_voltage-v-575","16":"first","17":"instock","18":"taxable","19":"shipping-taxable","20":"product-type-simple"},"acf":[],"_links":{"self":[{"href":"https:\/\/yotavis.ch\/de\/wp-json\/wp\/v2\/product\/6652","targetHints":{"allow":["GET"]}}],"collection":[{"href":"https:\/\/yotavis.ch\/de\/wp-json\/wp\/v2\/product"}],"about":[{"href":"https:\/\/yotavis.ch\/de\/wp-json\/wp\/v2\/types\/product"}],"replies":[{"embeddable":true,"href":"https:\/\/yotavis.ch\/de\/wp-json\/wp\/v2\/comments?post=6652"}],"wp:featuredmedia":[{"embeddable":true,"href":"https:\/\/yotavis.ch\/de\/wp-json\/wp\/v2\/media\/7723"}],"wp:attachment":[{"href":"https:\/\/yotavis.ch\/de\/wp-json\/wp\/v2\/media?parent=6652"}],"wp:term":[{"taxonomy":"product_brand","embeddable":true,"href":"https:\/\/yotavis.ch\/de\/wp-json\/wp\/v2\/product_brand?post=6652"},{"taxonomy":"product_cat","embeddable":true,"href":"https:\/\/yotavis.ch\/de\/wp-json\/wp\/v2\/product_cat?post=6652"},{"taxonomy":"product_tag","embeddable":true,"href":"https:\/\/yotavis.ch\/de\/wp-json\/wp\/v2\/product_tag?post=6652"}],"curies":[{"name":"wp","href":"https:\/\/api.w.org\/{rel}","templated":true}]}}