{"id":6653,"date":"2025-10-09T00:00:00","date_gmt":"2025-10-08T22:00:00","guid":{"rendered":"https:\/\/yotavis.ch\/product\/pcr36000wea2r-3p3w-200v-500hz-lmt\/"},"modified":"2026-04-24T13:34:35","modified_gmt":"2026-04-24T11:34:35","slug":"pcr36000wea2r-3p3w-200v-500hz-lmt","status":"publish","type":"product","link":"https:\/\/yotavis.ch\/de\/produkt\/pcr36000wea2r-3p3w-200v-500hz-lmt\/","title":{"rendered":"PCR36000WEA2R 3P3W 200V (500Hz LMT)"},"content":{"rendered":"<p>Das PCR36000WEA2R 3P3W 200V (500Hz LMT) ist ein ultrakompaktes AC\/DC-Netzteil mit einer Leistung von 36kVA. Es arbeitet mit einer Spannung von 320V und liefert einen Strom von 360A. Dieses Modell verf\u00fcgt \u00fcber eine einzige Ausgangsnummer und unterst\u00fctzt Fernsteuerungsfunktionen. Die maximale Frequenz betr\u00e4gt 500 Hz. Dieses von Kikusui hergestellte Netzteil wurde f\u00fcr Anwendungen entwickelt, die eine zuverl\u00e4ssige und pr\u00e4zise Stromversorgung innerhalb der angegebenen Spannungs- und Strombereiche erfordern.<\/p>","protected":false},"excerpt":{"rendered":"<p>Ultrakompakte AC\/DC-Stromversorgung 36kVA 3P3W 200V<\/p>","protected":false},"featured_media":7723,"comment_status":"closed","ping_status":"closed","template":"","meta":{"_acf_changed":false,"slim_seo":{"title":"PCR36000WEA2R 3P3W 200V (500Hz LMT) - YOTAVIS AG","description":"Ultrakompakte AC\/DC-Stromversorgung 36kVA 3P3W 200V"}},"product_brand":[551],"product_cat":[625,515],"product_tag":[],"class_list":{"0":"post-6653","1":"product","2":"type-product","3":"status-publish","4":"has-post-thumbnail","6":"product_brand-kikusui","7":"product_cat-ac-dc-source-en","8":"product_cat-power-en","9":"pa_current-a-638","10":"pa_max-frequency-hz-1020","11":"pa_output-number-146","12":"pa_power-w-637","13":"pa_remote-control-yes","14":"pa_voltage-v-575","16":"first","17":"instock","18":"taxable","19":"shipping-taxable","20":"product-type-simple"},"acf":[],"_links":{"self":[{"href":"https:\/\/yotavis.ch\/de\/wp-json\/wp\/v2\/product\/6653","targetHints":{"allow":["GET"]}}],"collection":[{"href":"https:\/\/yotavis.ch\/de\/wp-json\/wp\/v2\/product"}],"about":[{"href":"https:\/\/yotavis.ch\/de\/wp-json\/wp\/v2\/types\/product"}],"replies":[{"embeddable":true,"href":"https:\/\/yotavis.ch\/de\/wp-json\/wp\/v2\/comments?post=6653"}],"wp:featuredmedia":[{"embeddable":true,"href":"https:\/\/yotavis.ch\/de\/wp-json\/wp\/v2\/media\/7723"}],"wp:attachment":[{"href":"https:\/\/yotavis.ch\/de\/wp-json\/wp\/v2\/media?parent=6653"}],"wp:term":[{"taxonomy":"product_brand","embeddable":true,"href":"https:\/\/yotavis.ch\/de\/wp-json\/wp\/v2\/product_brand?post=6653"},{"taxonomy":"product_cat","embeddable":true,"href":"https:\/\/yotavis.ch\/de\/wp-json\/wp\/v2\/product_cat?post=6653"},{"taxonomy":"product_tag","embeddable":true,"href":"https:\/\/yotavis.ch\/de\/wp-json\/wp\/v2\/product_tag?post=6653"}],"curies":[{"name":"wp","href":"https:\/\/api.w.org\/{rel}","templated":true}]}}