{"id":6654,"date":"2025-10-09T00:00:00","date_gmt":"2025-10-08T22:00:00","guid":{"rendered":"https:\/\/yotavis.ch\/product\/pcr36000wea2-3p4w-400v\/"},"modified":"2026-04-24T13:34:35","modified_gmt":"2026-04-24T11:34:35","slug":"pcr36000wea2-3p4w-400v","status":"publish","type":"product","link":"https:\/\/yotavis.ch\/de\/produkt\/pcr36000wea2-3p4w-400v\/","title":{"rendered":"PCR36000WEA2 3P4W 400V"},"content":{"rendered":"<p>Das Kikusui PCR36000WEA2 ist ein ultrakompaktes AC\/DC-Netzteil, das eine Ausgangsleistung von 36.000 Watt liefert. Es arbeitet mit einer Spannung von 320 Volt und einer Stromst\u00e4rke von 360 Ampere und ist damit eine robuste und zuverl\u00e4ssige Stromquelle. Dieses Modell verf\u00fcgt \u00fcber einen einzigen Ausgangskanal und unterst\u00fctzt die Fernbedienungsfunktion, die eine bequeme Bedienung aus der Ferne erm\u00f6glicht. Das Netzteil ist f\u00fcr ein dreiphasiges Vierleitersystem (3P4W) mit 400 Volt ausgelegt und eignet sich somit f\u00fcr verschiedene industrielle Anwendungen. Es bietet au\u00dferdem eine maximale Frequenz von 5000 Hz und ist damit f\u00fcr eine Vielzahl von Leistungsanforderungen geeignet. Das kompakte Design gew\u00e4hrleistet eine effiziente Raumnutzung bei gleichzeitig hoher Leistung. Dieses Netzteil wurde entwickelt, um anspruchsvolle Leistungsanforderungen mit Pr\u00e4zision und Flexibilit\u00e4t zu erf\u00fcllen.<\/p>","protected":false},"excerpt":{"rendered":"<p>Ultrakompakte AC\/DC-Stromversorgung 36kVA 3P4W 400V<\/p>","protected":false},"featured_media":7723,"comment_status":"closed","ping_status":"closed","template":"","meta":{"_acf_changed":false,"slim_seo":{"title":"PCR36000WEA2 3P4W 400V - YOTAVIS AG","description":"Ultrakompakte AC\/DC-Stromversorgung 36kVA 3P4W 400V"}},"product_brand":[551],"product_cat":[625,515],"product_tag":[],"class_list":{"0":"post-6654","1":"product","2":"type-product","3":"status-publish","4":"has-post-thumbnail","6":"product_brand-kikusui","7":"product_cat-ac-dc-source-en","8":"product_cat-power-en","9":"pa_current-a-638","10":"pa_max-frequency-hz-1022","11":"pa_output-number-146","12":"pa_power-w-637","13":"pa_remote-control-yes","14":"pa_voltage-v-575","16":"first","17":"instock","18":"taxable","19":"shipping-taxable","20":"product-type-simple"},"acf":[],"_links":{"self":[{"href":"https:\/\/yotavis.ch\/de\/wp-json\/wp\/v2\/product\/6654","targetHints":{"allow":["GET"]}}],"collection":[{"href":"https:\/\/yotavis.ch\/de\/wp-json\/wp\/v2\/product"}],"about":[{"href":"https:\/\/yotavis.ch\/de\/wp-json\/wp\/v2\/types\/product"}],"replies":[{"embeddable":true,"href":"https:\/\/yotavis.ch\/de\/wp-json\/wp\/v2\/comments?post=6654"}],"wp:featuredmedia":[{"embeddable":true,"href":"https:\/\/yotavis.ch\/de\/wp-json\/wp\/v2\/media\/7723"}],"wp:attachment":[{"href":"https:\/\/yotavis.ch\/de\/wp-json\/wp\/v2\/media?parent=6654"}],"wp:term":[{"taxonomy":"product_brand","embeddable":true,"href":"https:\/\/yotavis.ch\/de\/wp-json\/wp\/v2\/product_brand?post=6654"},{"taxonomy":"product_cat","embeddable":true,"href":"https:\/\/yotavis.ch\/de\/wp-json\/wp\/v2\/product_cat?post=6654"},{"taxonomy":"product_tag","embeddable":true,"href":"https:\/\/yotavis.ch\/de\/wp-json\/wp\/v2\/product_tag?post=6654"}],"curies":[{"name":"wp","href":"https:\/\/api.w.org\/{rel}","templated":true}]}}