{"id":6655,"date":"2025-10-09T00:00:00","date_gmt":"2025-10-08T22:00:00","guid":{"rendered":"https:\/\/yotavis.ch\/product\/pcr36000wea2-3p4w-400v-500hz-lmt\/"},"modified":"2026-04-24T13:34:36","modified_gmt":"2026-04-24T11:34:36","slug":"pcr36000wea2-3p4w-400v-500hz-lmt","status":"publish","type":"product","link":"https:\/\/yotavis.ch\/de\/produkt\/pcr36000wea2-3p4w-400v-500hz-lmt\/","title":{"rendered":"PCR36000WEA2 3P4W 400V (500Hz LMT)"},"content":{"rendered":"<p>Das Kikusui PCR36000WEA2 ist ein ultrakompaktes AC\/DC-Netzteil, das eine Ausgangsleistung von 36.000 Watt liefert. Es arbeitet mit einer dreiphasigen, vieradrigen Konfiguration bei 400 Volt und unterst\u00fctzt eine maximale Frequenz von 500 Hz. Das Ger\u00e4t liefert eine Spannung von 320 Volt und einen Strom von 360 Ampere und gew\u00e4hrleistet damit eine robuste Leistung f\u00fcr anspruchsvolle Anwendungen. Es verf\u00fcgt \u00fcber einen einzigen Ausgangskanal und ist fernsteuerbar, was einen bequemen Betrieb und die Integration in automatisierte Systeme erm\u00f6glicht. Dieses Netzteil ist f\u00fcr hohe Leistungsanforderungen ausgelegt und hat gleichzeitig einen kompakten Formfaktor, so dass es sich f\u00fcr Umgebungen mit begrenztem Platzangebot eignet. Die Kombination aus hohen Spannungs-, Strom- und Frequenzspezifikationen macht es vielseitig f\u00fcr verschiedene Industrie- und Pr\u00fcfszenarien einsetzbar.<\/p>","protected":false},"excerpt":{"rendered":"<p>Ultrakompakte AC\/DC-Stromversorgung 36kVA 3P4W 400V<\/p>","protected":false},"featured_media":7723,"comment_status":"closed","ping_status":"closed","template":"","meta":{"_acf_changed":false,"slim_seo":{"title":"PCR36000WEA2 3P4W 400V (500Hz LMT) - YOTAVIS AG","description":"Ultrakompakte AC\/DC-Stromversorgung 36kVA 3P4W 400V"}},"product_brand":[551],"product_cat":[625,515],"product_tag":[],"class_list":{"0":"post-6655","1":"product","2":"type-product","3":"status-publish","4":"has-post-thumbnail","6":"product_brand-kikusui","7":"product_cat-ac-dc-source-en","8":"product_cat-power-en","9":"pa_current-a-638","10":"pa_max-frequency-hz-1020","11":"pa_output-number-146","12":"pa_power-w-637","13":"pa_remote-control-yes","14":"pa_voltage-v-575","16":"first","17":"instock","18":"taxable","19":"shipping-taxable","20":"product-type-simple"},"acf":[],"_links":{"self":[{"href":"https:\/\/yotavis.ch\/de\/wp-json\/wp\/v2\/product\/6655","targetHints":{"allow":["GET"]}}],"collection":[{"href":"https:\/\/yotavis.ch\/de\/wp-json\/wp\/v2\/product"}],"about":[{"href":"https:\/\/yotavis.ch\/de\/wp-json\/wp\/v2\/types\/product"}],"replies":[{"embeddable":true,"href":"https:\/\/yotavis.ch\/de\/wp-json\/wp\/v2\/comments?post=6655"}],"wp:featuredmedia":[{"embeddable":true,"href":"https:\/\/yotavis.ch\/de\/wp-json\/wp\/v2\/media\/7723"}],"wp:attachment":[{"href":"https:\/\/yotavis.ch\/de\/wp-json\/wp\/v2\/media?parent=6655"}],"wp:term":[{"taxonomy":"product_brand","embeddable":true,"href":"https:\/\/yotavis.ch\/de\/wp-json\/wp\/v2\/product_brand?post=6655"},{"taxonomy":"product_cat","embeddable":true,"href":"https:\/\/yotavis.ch\/de\/wp-json\/wp\/v2\/product_cat?post=6655"},{"taxonomy":"product_tag","embeddable":true,"href":"https:\/\/yotavis.ch\/de\/wp-json\/wp\/v2\/product_tag?post=6655"}],"curies":[{"name":"wp","href":"https:\/\/api.w.org\/{rel}","templated":true}]}}