{"id":6657,"date":"2025-10-09T00:00:00","date_gmt":"2025-10-08T22:00:00","guid":{"rendered":"https:\/\/yotavis.ch\/product\/pcr36000wea2r-3p3w-400v-500hz-lmt\/"},"modified":"2026-04-24T13:34:36","modified_gmt":"2026-04-24T11:34:36","slug":"pcr36000wea2r-3p3w-400v-500hz-lmt","status":"publish","type":"product","link":"https:\/\/yotavis.ch\/de\/produkt\/pcr36000wea2r-3p3w-400v-500hz-lmt\/","title":{"rendered":"PCR36000WEA2R 3P3W 400V (500Hz LMT)"},"content":{"rendered":"<p>Das PCR36000WEA2R 3P3W 400V (500Hz LMT) von Kikusui ist ein ultrakompaktes AC\/DC-Netzteil mit einer Ausgangsleistung von 36kVA. Es arbeitet mit einer Spannung von 320V und liefert einen Strom von 360A, wodurch es sich f\u00fcr Hochleistungsanwendungen eignet. Dieses Modell verf\u00fcgt \u00fcber einen einzigen Ausgangskanal und unterst\u00fctzt die Fernsteuerungsfunktion, die eine bequeme Bedienung aus der Ferne erm\u00f6glicht. Das Netzteil ist f\u00fcr Frequenzen bis zu 500 Hz ausgelegt und bietet damit Flexibilit\u00e4t f\u00fcr verschiedene Pr\u00fcf- und Betriebsanforderungen. Die dreiphasige, dreiadrige Konfiguration gew\u00e4hrleistet eine effiziente Stromversorgung in industriellen Umgebungen. Das kompakte Design erm\u00f6glicht eine einfache Integration in bestehende Systeme, ohne dass ein gro\u00dfer Platzbedarf entsteht. Dieses Netzteil wurde entwickelt, um anspruchsvolle elektrische Anforderungen zu erf\u00fcllen und gleichzeitig eine zuverl\u00e4ssige Leistung zu gew\u00e4hrleisten.<\/p>","protected":false},"excerpt":{"rendered":"<p>Ultrakompakte AC\/DC-Stromversorgung 36kVA 3P3W 400V<\/p>","protected":false},"featured_media":7723,"comment_status":"closed","ping_status":"closed","template":"","meta":{"_acf_changed":false,"slim_seo":{"title":"PCR36000WEA2R 3P3W 400V (500Hz LMT) - YOTAVIS AG","description":"Ultrakompakte AC\/DC-Stromversorgung 36kVA 3P3W 400V"}},"product_brand":[551],"product_cat":[625,515],"product_tag":[],"class_list":{"0":"post-6657","1":"product","2":"type-product","3":"status-publish","4":"has-post-thumbnail","6":"product_brand-kikusui","7":"product_cat-ac-dc-source-en","8":"product_cat-power-en","9":"pa_current-a-638","10":"pa_max-frequency-hz-1020","11":"pa_output-number-146","12":"pa_power-w-637","13":"pa_remote-control-yes","14":"pa_voltage-v-575","16":"first","17":"instock","18":"taxable","19":"shipping-taxable","20":"purchasable","21":"product-type-simple"},"acf":[],"_links":{"self":[{"href":"https:\/\/yotavis.ch\/de\/wp-json\/wp\/v2\/product\/6657","targetHints":{"allow":["GET"]}}],"collection":[{"href":"https:\/\/yotavis.ch\/de\/wp-json\/wp\/v2\/product"}],"about":[{"href":"https:\/\/yotavis.ch\/de\/wp-json\/wp\/v2\/types\/product"}],"replies":[{"embeddable":true,"href":"https:\/\/yotavis.ch\/de\/wp-json\/wp\/v2\/comments?post=6657"}],"wp:featuredmedia":[{"embeddable":true,"href":"https:\/\/yotavis.ch\/de\/wp-json\/wp\/v2\/media\/7723"}],"wp:attachment":[{"href":"https:\/\/yotavis.ch\/de\/wp-json\/wp\/v2\/media?parent=6657"}],"wp:term":[{"taxonomy":"product_brand","embeddable":true,"href":"https:\/\/yotavis.ch\/de\/wp-json\/wp\/v2\/product_brand?post=6657"},{"taxonomy":"product_cat","embeddable":true,"href":"https:\/\/yotavis.ch\/de\/wp-json\/wp\/v2\/product_cat?post=6657"},{"taxonomy":"product_tag","embeddable":true,"href":"https:\/\/yotavis.ch\/de\/wp-json\/wp\/v2\/product_tag?post=6657"}],"curies":[{"name":"wp","href":"https:\/\/api.w.org\/{rel}","templated":true}]}}