{"id":6658,"date":"2025-10-09T00:00:00","date_gmt":"2025-10-08T22:00:00","guid":{"rendered":"https:\/\/yotavis.ch\/product\/plz205w\/"},"modified":"2026-04-24T13:34:37","modified_gmt":"2026-04-24T11:34:37","slug":"plz205w","status":"publish","type":"product","link":"https:\/\/yotavis.ch\/de\/produkt\/plz205w\/","title":{"rendered":"PLZ205W"},"content":{"rendered":"<p>Die Kikusui PLZ205W ist eine elektronische Gleichstromlast, die f\u00fcr eine maximale Leistung von 200 Watt ausgelegt ist. Sie arbeitet in einem Spannungsbereich von 0,25 bis 150 Volt und unterst\u00fctzt einen maximalen Strom von 40 Ampere. Dieses Ger\u00e4t verf\u00fcgt \u00fcber einen einzigen Ausgangskanal, der gezielte und pr\u00e4zise Lasttests erm\u00f6glicht. Es verf\u00fcgt \u00fcber eine Fernbedienungsfunktion, mit der der Benutzer die Last bequem und sicher aus der Ferne bedienen kann. Das PLZ205W eignet sich f\u00fcr Anwendungen, die eine stabile und einstellbare elektronische Last innerhalb der angegebenen Leistungs-, Spannungs- und Stromgrenzen erfordern. Sein Design unterst\u00fctzt die effiziente Pr\u00fcfung und Bewertung von Netzteilen, Batterien und anderen Gleichstromquellen. Die Kombination aus Nennleistung sowie Spannungs- und Stromspezifikationen macht es zu einem vielseitigen Werkzeug f\u00fcr verschiedene elektronische Testumgebungen.<\/p>","protected":false},"excerpt":{"rendered":"<p>Elektronische DC-Last: Max. 200 W, 0,25-150 V, 40 A<\/p>","protected":false},"featured_media":7743,"comment_status":"closed","ping_status":"closed","template":"","meta":{"_acf_changed":false,"slim_seo":{"title":"PLZ205W - YOTAVIS AG","description":"Elektronische DC-Last: Max. 200 W, 0,25-150 V, 40 A"}},"product_brand":[551],"product_cat":[517,515],"product_tag":[],"class_list":{"0":"post-6658","1":"product","2":"type-product","3":"status-publish","4":"has-post-thumbnail","6":"product_brand-kikusui","7":"product_cat-dc-load-en","8":"product_cat-power-en","9":"pa_current-a-550","10":"pa_output-number-146","11":"pa_power-w-414","12":"pa_remote-control-yes","13":"pa_voltage-v-150","15":"first","16":"instock","17":"taxable","18":"shipping-taxable","19":"purchasable","20":"product-type-simple"},"acf":[],"_links":{"self":[{"href":"https:\/\/yotavis.ch\/de\/wp-json\/wp\/v2\/product\/6658","targetHints":{"allow":["GET"]}}],"collection":[{"href":"https:\/\/yotavis.ch\/de\/wp-json\/wp\/v2\/product"}],"about":[{"href":"https:\/\/yotavis.ch\/de\/wp-json\/wp\/v2\/types\/product"}],"replies":[{"embeddable":true,"href":"https:\/\/yotavis.ch\/de\/wp-json\/wp\/v2\/comments?post=6658"}],"wp:featuredmedia":[{"embeddable":true,"href":"https:\/\/yotavis.ch\/de\/wp-json\/wp\/v2\/media\/7743"}],"wp:attachment":[{"href":"https:\/\/yotavis.ch\/de\/wp-json\/wp\/v2\/media?parent=6658"}],"wp:term":[{"taxonomy":"product_brand","embeddable":true,"href":"https:\/\/yotavis.ch\/de\/wp-json\/wp\/v2\/product_brand?post=6658"},{"taxonomy":"product_cat","embeddable":true,"href":"https:\/\/yotavis.ch\/de\/wp-json\/wp\/v2\/product_cat?post=6658"},{"taxonomy":"product_tag","embeddable":true,"href":"https:\/\/yotavis.ch\/de\/wp-json\/wp\/v2\/product_tag?post=6658"}],"curies":[{"name":"wp","href":"https:\/\/api.w.org\/{rel}","templated":true}]}}