{"id":6659,"date":"2025-10-09T00:00:00","date_gmt":"2025-10-08T22:00:00","guid":{"rendered":"https:\/\/yotavis.ch\/product\/plz405w\/"},"modified":"2026-04-24T13:34:37","modified_gmt":"2026-04-24T11:34:37","slug":"plz405w","status":"publish","type":"product","link":"https:\/\/yotavis.ch\/de\/produkt\/plz405w\/","title":{"rendered":"PLZ405W"},"content":{"rendered":"<p>Die Kikusui PLZ405W ist eine elektronische Gleichstromlast, die f\u00fcr eine maximale Leistung von 400 Watt ausgelegt ist. Sie arbeitet in einem Spannungsbereich von 0,25 bis 150 Volt und unterst\u00fctzt einen maximalen Strom von 80 Ampere. Dieses Modell verf\u00fcgt \u00fcber eine einzige Ausgangsnummer, was einen einfachen Anschluss und Betrieb erm\u00f6glicht. Das Ger\u00e4t ist mit einer Fernbedienung ausgestattet, die es dem Benutzer erm\u00f6glicht, das Ger\u00e4t bequem aus der Ferne zu steuern. Das Ger\u00e4t wurde f\u00fcr verschiedene Pr\u00fcf- und Messanwendungen entwickelt, die pr\u00e4zise Lastbedingungen erfordern. Aufgrund seiner Spezifikationen eignet es sich f\u00fcr den Einsatz in Umgebungen, in denen eine genaue Kontrolle von Spannung und Strom erforderlich ist. Die Kombination aus hoher Leistungskapazit\u00e4t und Fernsteuerungsfunktionalit\u00e4t sorgt f\u00fcr Flexibilit\u00e4t bei elektronischen Lasttestszenarien.<\/p>","protected":false},"excerpt":{"rendered":"<p>Elektronische DC-Last: Max. 400 W, 0,25-150 V, 80 A<\/p>","protected":false},"featured_media":7743,"comment_status":"closed","ping_status":"closed","template":"","meta":{"_acf_changed":false,"slim_seo":{"title":"PLZ405W - YOTAVIS AG","description":"Elektronische DC-Last: Max. 400 W, 0,25-150 V, 80 A"}},"product_brand":[551],"product_cat":[517,515],"product_tag":[],"class_list":{"0":"post-6659","1":"product","2":"type-product","3":"status-publish","4":"has-post-thumbnail","6":"product_brand-kikusui","7":"product_cat-dc-load-en","8":"product_cat-power-en","9":"pa_current-a-557","10":"pa_output-number-146","11":"pa_power-w-398","12":"pa_remote-control-yes","13":"pa_voltage-v-150","15":"first","16":"instock","17":"taxable","18":"shipping-taxable","19":"purchasable","20":"product-type-simple"},"acf":[],"_links":{"self":[{"href":"https:\/\/yotavis.ch\/de\/wp-json\/wp\/v2\/product\/6659","targetHints":{"allow":["GET"]}}],"collection":[{"href":"https:\/\/yotavis.ch\/de\/wp-json\/wp\/v2\/product"}],"about":[{"href":"https:\/\/yotavis.ch\/de\/wp-json\/wp\/v2\/types\/product"}],"replies":[{"embeddable":true,"href":"https:\/\/yotavis.ch\/de\/wp-json\/wp\/v2\/comments?post=6659"}],"wp:featuredmedia":[{"embeddable":true,"href":"https:\/\/yotavis.ch\/de\/wp-json\/wp\/v2\/media\/7743"}],"wp:attachment":[{"href":"https:\/\/yotavis.ch\/de\/wp-json\/wp\/v2\/media?parent=6659"}],"wp:term":[{"taxonomy":"product_brand","embeddable":true,"href":"https:\/\/yotavis.ch\/de\/wp-json\/wp\/v2\/product_brand?post=6659"},{"taxonomy":"product_cat","embeddable":true,"href":"https:\/\/yotavis.ch\/de\/wp-json\/wp\/v2\/product_cat?post=6659"},{"taxonomy":"product_tag","embeddable":true,"href":"https:\/\/yotavis.ch\/de\/wp-json\/wp\/v2\/product_tag?post=6659"}],"curies":[{"name":"wp","href":"https:\/\/api.w.org\/{rel}","templated":true}]}}