{"id":6660,"date":"2025-10-09T00:00:00","date_gmt":"2025-10-08T22:00:00","guid":{"rendered":"https:\/\/yotavis.ch\/product\/plz1205w\/"},"modified":"2026-04-24T13:34:39","modified_gmt":"2026-04-24T11:34:39","slug":"plz1205w","status":"publish","type":"product","link":"https:\/\/yotavis.ch\/de\/produkt\/plz1205w\/","title":{"rendered":"PLZ1205W"},"content":{"rendered":"<p>Die Kikusui PLZ1205W ist eine elektronische Gleichstromlast, die f\u00fcr eine maximale Leistung von 1200 Watt ausgelegt ist. Sie arbeitet in einem Spannungsbereich von 0,25 bis 150 Volt und unterst\u00fctzt einen maximalen Strom von 240 Ampere. Dieses Ger\u00e4t verf\u00fcgt \u00fcber einen einzigen Ausgangskanal, der gezielte und pr\u00e4zise Lasttests erm\u00f6glicht. Es verf\u00fcgt \u00fcber eine Fernsteuerungsfunktion, die es dem Benutzer erm\u00f6glicht, die Last aus der Ferne zu bedienen, was bequem und sicher ist. Dank der Kombination aus hohen Leistungs-, Spannungs- und Stromwerten eignet sich diese elektronische Last f\u00fcr eine Vielzahl anspruchsvoller Anwendungen, bei denen eine genaue und zuverl\u00e4ssige Lastsimulation erforderlich ist.<\/p>","protected":false},"excerpt":{"rendered":"<p>Elektronische DC-Last: Max. 1200 W, 0,25-150 V, 240 A<\/p>","protected":false},"featured_media":7748,"comment_status":"closed","ping_status":"closed","template":"","meta":{"_acf_changed":false,"slim_seo":{"title":"PLZ1205W - YOTAVIS AG","description":"Elektronische DC-Last: Max. 1200 W, 0,25-150 V, 240 A"}},"product_brand":[551],"product_cat":[517,515],"product_tag":[],"class_list":{"0":"post-6660","1":"product","2":"type-product","3":"status-publish","4":"has-post-thumbnail","6":"product_brand-kikusui","7":"product_cat-dc-load-en","8":"product_cat-power-en","9":"pa_current-a-634","10":"pa_output-number-146","11":"pa_power-w-479","12":"pa_remote-control-yes","13":"pa_voltage-v-150","15":"first","16":"instock","17":"taxable","18":"shipping-taxable","19":"purchasable","20":"product-type-simple"},"acf":[],"_links":{"self":[{"href":"https:\/\/yotavis.ch\/de\/wp-json\/wp\/v2\/product\/6660","targetHints":{"allow":["GET"]}}],"collection":[{"href":"https:\/\/yotavis.ch\/de\/wp-json\/wp\/v2\/product"}],"about":[{"href":"https:\/\/yotavis.ch\/de\/wp-json\/wp\/v2\/types\/product"}],"replies":[{"embeddable":true,"href":"https:\/\/yotavis.ch\/de\/wp-json\/wp\/v2\/comments?post=6660"}],"wp:featuredmedia":[{"embeddable":true,"href":"https:\/\/yotavis.ch\/de\/wp-json\/wp\/v2\/media\/7748"}],"wp:attachment":[{"href":"https:\/\/yotavis.ch\/de\/wp-json\/wp\/v2\/media?parent=6660"}],"wp:term":[{"taxonomy":"product_brand","embeddable":true,"href":"https:\/\/yotavis.ch\/de\/wp-json\/wp\/v2\/product_brand?post=6660"},{"taxonomy":"product_cat","embeddable":true,"href":"https:\/\/yotavis.ch\/de\/wp-json\/wp\/v2\/product_cat?post=6660"},{"taxonomy":"product_tag","embeddable":true,"href":"https:\/\/yotavis.ch\/de\/wp-json\/wp\/v2\/product_tag?post=6660"}],"curies":[{"name":"wp","href":"https:\/\/api.w.org\/{rel}","templated":true}]}}