{"id":6661,"date":"2025-10-09T00:00:00","date_gmt":"2025-10-08T22:00:00","guid":{"rendered":"https:\/\/yotavis.ch\/product\/plz2405wb\/"},"modified":"2026-04-24T13:34:40","modified_gmt":"2026-04-24T11:34:40","slug":"plz2405wb","status":"publish","type":"product","link":"https:\/\/yotavis.ch\/de\/produkt\/plz2405wb\/","title":{"rendered":"PLZ2405WB"},"content":{"rendered":"<p>Das Kikusui PLZ2405WB ist ein Verst\u00e4rkerger\u00e4t, das f\u00fcr das Modell PLZ1205W entwickelt wurde. Es liefert eine maximale Ausgangsleistung von 2400 Watt, mit einem Spannungsbereich von 0,25 bis 150 Volt und einem maximalen Strom von 480 Ampere. Das Ger\u00e4t verf\u00fcgt \u00fcber einen einzigen Ausgangskanal und unterst\u00fctzt den Betrieb per Fernbedienung, was eine bequeme Verwaltung w\u00e4hrend der Nutzung erm\u00f6glicht. Der Booster ist f\u00fcr die effiziente Bew\u00e4ltigung hoher Leistungsanforderungen ausgelegt und eignet sich daher f\u00fcr Anwendungen, die hohe Spannungs- und Stromst\u00e4rken erfordern. Sein Design gew\u00e4hrleistet die Kompatibilit\u00e4t mit dem PLZ1205W, wodurch die Gesamtleistung des Systems verbessert wird. Die Spezifikationen des Ger\u00e4ts unterstreichen seine F\u00e4higkeit, eine robuste Leistungsverst\u00e4rkung innerhalb der angegebenen elektrischen Parameter zu liefern.<\/p>","protected":false},"excerpt":{"rendered":"<p>Verst\u00e4rkereinheit f\u00fcr PLZ1205W: Max. 2400 W, 0,25-150 V, 480 A<\/p>","protected":false},"featured_media":7745,"comment_status":"closed","ping_status":"closed","template":"","meta":{"_acf_changed":false,"slim_seo":{"title":"PLZ2405WB - YOTAVIS AG","description":"Verst\u00e4rkereinheit f\u00fcr PLZ1205W: Max. 2400 W, 0,25-150 V, 480 A"}},"product_brand":[551],"product_cat":[517,515],"product_tag":[],"class_list":{"0":"post-6661","1":"product","2":"type-product","3":"status-publish","4":"has-post-thumbnail","6":"product_brand-kikusui","7":"product_cat-dc-load-en","8":"product_cat-power-en","9":"pa_current-a-480","10":"pa_output-number-146","11":"pa_power-w-616","12":"pa_remote-control-yes","13":"pa_voltage-v-150","15":"first","16":"instock","17":"taxable","18":"shipping-taxable","19":"purchasable","20":"product-type-simple"},"acf":[],"_links":{"self":[{"href":"https:\/\/yotavis.ch\/de\/wp-json\/wp\/v2\/product\/6661","targetHints":{"allow":["GET"]}}],"collection":[{"href":"https:\/\/yotavis.ch\/de\/wp-json\/wp\/v2\/product"}],"about":[{"href":"https:\/\/yotavis.ch\/de\/wp-json\/wp\/v2\/types\/product"}],"replies":[{"embeddable":true,"href":"https:\/\/yotavis.ch\/de\/wp-json\/wp\/v2\/comments?post=6661"}],"wp:featuredmedia":[{"embeddable":true,"href":"https:\/\/yotavis.ch\/de\/wp-json\/wp\/v2\/media\/7745"}],"wp:attachment":[{"href":"https:\/\/yotavis.ch\/de\/wp-json\/wp\/v2\/media?parent=6661"}],"wp:term":[{"taxonomy":"product_brand","embeddable":true,"href":"https:\/\/yotavis.ch\/de\/wp-json\/wp\/v2\/product_brand?post=6661"},{"taxonomy":"product_cat","embeddable":true,"href":"https:\/\/yotavis.ch\/de\/wp-json\/wp\/v2\/product_cat?post=6661"},{"taxonomy":"product_tag","embeddable":true,"href":"https:\/\/yotavis.ch\/de\/wp-json\/wp\/v2\/product_tag?post=6661"}],"curies":[{"name":"wp","href":"https:\/\/api.w.org\/{rel}","templated":true}]}}