{"id":6662,"date":"2025-10-09T00:00:00","date_gmt":"2025-10-08T22:00:00","guid":{"rendered":"https:\/\/yotavis.ch\/product\/plz205wz-spec21192\/"},"modified":"2026-04-24T13:34:40","modified_gmt":"2026-04-24T11:34:40","slug":"plz205wz-spec21192","status":"publish","type":"product","link":"https:\/\/yotavis.ch\/de\/produkt\/plz205wz-spec21192\/","title":{"rendered":"PLZ205WZ (SPEC21192)"},"content":{"rendered":"<p>Die Kikusui PLZ205WZ (SPEC21192) ist eine elektronische Gleichstromlast, die f\u00fcr eine maximale Leistung von 200 Watt ausgelegt ist. Sie arbeitet in einem Spannungsbereich von 0,25 bis 150 Volt und unterst\u00fctzt einen maximalen Strom von 40 Ampere. Dieses Ger\u00e4t verf\u00fcgt \u00fcber eine Impedanzmessfunktion, die zus\u00e4tzliche Pr\u00fcfm\u00f6glichkeiten bietet. Es verf\u00fcgt \u00fcber eine einzige Ausgangsnummer und unterst\u00fctzt den Fernsteuerungsbetrieb, was seine Verwendbarkeit in verschiedenen Pr\u00fcfumgebungen erh\u00f6ht. Durch die Kombination seiner Spannungs-, Strom- und Leistungsspezifikationen eignet sich das Ger\u00e4t f\u00fcr Anwendungen, die pr\u00e4zise Lastpr\u00fcfungen und -messungen erfordern. Die Fernsteuerungsfunktionalit\u00e4t erm\u00f6glicht einen bequemen Betrieb und die Integration in automatisierte Testaufbauten. Diese elektronische Last ist so konstruiert, dass sie innerhalb ihrer spezifizierten elektrischen Parameter zuverl\u00e4ssig arbeitet.<\/p>","protected":false},"excerpt":{"rendered":"<p>Elektronische DC-Last: Max. 200 W, 0,25-150 V, 40 A, mit Impedanzmessfunktion<\/p>","protected":false},"featured_media":7743,"comment_status":"closed","ping_status":"closed","template":"","meta":{"_acf_changed":false,"slim_seo":{"title":"PLZ205WZ (SPEC21192) - YOTAVIS AG","description":"Elektronische DC-Last: Max. 200 W, 0,25-150 V, 40 A, mit Impedanzmessfunktion"}},"product_brand":[551],"product_cat":[517,515],"product_tag":[],"class_list":{"0":"post-6662","1":"product","2":"type-product","3":"status-publish","4":"has-post-thumbnail","6":"product_brand-kikusui","7":"product_cat-dc-load-en","8":"product_cat-power-en","9":"pa_current-a-550","10":"pa_output-number-146","11":"pa_power-w-414","12":"pa_remote-control-yes","13":"pa_voltage-v-150","15":"first","16":"instock","17":"taxable","18":"shipping-taxable","19":"purchasable","20":"product-type-simple"},"acf":[],"_links":{"self":[{"href":"https:\/\/yotavis.ch\/de\/wp-json\/wp\/v2\/product\/6662","targetHints":{"allow":["GET"]}}],"collection":[{"href":"https:\/\/yotavis.ch\/de\/wp-json\/wp\/v2\/product"}],"about":[{"href":"https:\/\/yotavis.ch\/de\/wp-json\/wp\/v2\/types\/product"}],"replies":[{"embeddable":true,"href":"https:\/\/yotavis.ch\/de\/wp-json\/wp\/v2\/comments?post=6662"}],"wp:featuredmedia":[{"embeddable":true,"href":"https:\/\/yotavis.ch\/de\/wp-json\/wp\/v2\/media\/7743"}],"wp:attachment":[{"href":"https:\/\/yotavis.ch\/de\/wp-json\/wp\/v2\/media?parent=6662"}],"wp:term":[{"taxonomy":"product_brand","embeddable":true,"href":"https:\/\/yotavis.ch\/de\/wp-json\/wp\/v2\/product_brand?post=6662"},{"taxonomy":"product_cat","embeddable":true,"href":"https:\/\/yotavis.ch\/de\/wp-json\/wp\/v2\/product_cat?post=6662"},{"taxonomy":"product_tag","embeddable":true,"href":"https:\/\/yotavis.ch\/de\/wp-json\/wp\/v2\/product_tag?post=6662"}],"curies":[{"name":"wp","href":"https:\/\/api.w.org\/{rel}","templated":true}]}}